{"id":2,"date":"2016-05-07T06:10:00","date_gmt":"2016-05-07T06:10:00","guid":{"rendered":"http:\/\/taxisiofok.info\/?page_id=2"},"modified":"2026-02-16T15:26:23","modified_gmt":"2026-02-16T15:26:23","slug":"taxi-siofok","status":"publish","type":"page","link":"https:\/\/taxisiofok.info\/de\/","title":{"rendered":"Taxi Siofok"},"content":{"rendered":"<p><img loading=\"lazy\" decoding=\"async\" class=\"aligncenter size-full wp-image-638\" src=\"https:\/\/taxisiofok.info\/wp-content\/uploads\/2026\/01\/Taxi-Siofok.jpg\" alt=\"A Taxi Si\u00f3fok Info fekete aut\u00f3ja \u00e9s a logoja.\" width=\"1050\" height=\"350\" srcset=\"https:\/\/taxisiofok.info\/wp-content\/uploads\/2026\/01\/Taxi-Siofok.jpg 1050w, https:\/\/taxisiofok.info\/wp-content\/uploads\/2026\/01\/Taxi-Siofok-300x100.jpg 300w, https:\/\/taxisiofok.info\/wp-content\/uploads\/2026\/01\/Taxi-Siofok-1024x341.jpg 1024w, https:\/\/taxisiofok.info\/wp-content\/uploads\/2026\/01\/Taxi-Siofok-768x256.jpg 768w\" sizes=\"(max-width: 1050px) 100vw, 1050px\" \/><\/p>\n<h2 style=\"text-align: center;\">Taxi Si\u00f3fok Info: Ihr Dienstleister seit 2002<\/h2>\n<p style=\"text-align: center;\" data-path-to-node=\"3\">Hallo! <b data-path-to-node=\"3\" data-index-in-node=\"7\">Taxi Si\u00f3fok Info<\/b>: Der zuverl\u00e4ssige Partner der Stadt seit \u00fcber zwei Jahrzehnten. Sie sind bei uns genau richtig, wenn Sie einen Taxiservice in Si\u00f3fok, der Hauptstadt des Balatons, oder in der Umgebung suchen (Zam\u00e1rdi, S\u00f3st\u00f3, Sz\u00e9plak, Balatonvil\u00e1gos, Balatonakarattya usw.). Wir bedienen Einheimische und Touristen seit mehr als 25 Jahren.<\/p>\n<h3 style=\"text-align: center;\">Was kostet ein Taxi in Si\u00f3fok?<\/h3>\n<p style=\"text-align: center;\">\u00dcberpr\u00fcfen Sie unsere <b data-path-to-node=\"3\" data-index-in-node=\"22\">Preise und Tarife<\/b> auf unserer Website, um b\u00f6se \u00dcberraschungen zu vermeiden! Wenn Sie Ihre Fragen zu den Tarifen lieber telefonisch stellen m\u00f6chten, rufen Sie uns gerne unter <b data-path-to-node=\"3\" data-index-in-node=\"196\">+36302706200<\/b> an. Alternativ k\u00f6nnen Sie auch ein <b data-path-to-node=\"4\" data-index-in-node=\"31\">kostenloses Angebot per E-Mail<\/b> anfordern \u2013 wir werden Ihnen so schnell wie m\u00f6glich antworten. Bei uns ben\u00f6tigen Sie keinen Taxi-Rechner: <b data-path-to-node=\"4\" data-index-in-node=\"168\">Wir halten unser Wort.\u00a0<\/b><\/p>\n<h3 style=\"text-align: center;\" data-path-to-node=\"3\">Warum wir?<\/h3>\n<ul>\n<li style=\"text-align: center;\"><b><span style=\"font-size: 14.0pt; font-family: 'Arial',sans-serif;\">Festpreise:<\/span><\/b><span style=\"font-size: 14.0pt; font-family: 'Arial',sans-serif;\"> Keine versteckten Kosten oder b\u00f6sen \u00dcberraschungen.<\/span><\/li>\n<li style=\"text-align: center;\"><b><span style=\"font-size: 14.0pt; font-family: 'Arial',sans-serif;\">Professionelle Expertise:<\/span><\/b><span style=\"font-size: 14.0pt; font-family: 'Arial',sans-serif;\"> Wir sind keine Gelegenheitsfahrer \u2013 wir verf\u00fcgen \u00fcber einen fundierten fachlichen Hintergrund im Transportwesen.<\/span><\/li>\n<li style=\"text-align: center;\"><b><span style=\"font-size: 14.0pt; font-family: 'Arial',sans-serif;\">Mehrsprachige Fahrer:<\/span><\/b><span style=\"font-size: 14.0pt; font-family: 'Arial',sans-serif;\"> Wir sprechen Ihre Sprache f\u00fcr eine reibungslose Kommunikation.<\/span><\/li>\n<li style=\"text-align: center;\"><b><span style=\"font-size: 14.0pt; font-family: 'Arial',sans-serif;\">Sicherheit &amp; P\u00fcnktlichkeit:<\/span><\/b><span style=\"font-size: 14.0pt; font-family: 'Arial',sans-serif;\"> Sicherheit und P\u00fcnktlichkeit haben bei uns oberste Priorit\u00e4t \u2013 wir setzen auf Verl\u00e4sslichkeit statt Hektik.<\/span><\/li>\n<li style=\"text-align: center;\"><b><span style=\"font-size: 14.0pt; font-family: 'Arial',sans-serif;\">Flexible Fahrzeugflotte:<\/span><\/b><span style=\"font-size: 14.0pt; font-family: 'Arial',sans-serif;\"> Wir verf\u00fcgen \u00fcber Fahrzeuge f\u00fcr 4, 7 und 8 Passagiere.<\/span><\/li>\n<li style=\"text-align: center;\"><b><span style=\"font-size: 14.0pt; font-family: 'Arial',sans-serif;\">Langj\u00e4hrige Erfahrung:<\/span><\/b><span style=\"font-size: 14.0pt; font-family: 'Arial',sans-serif;\"> Umfangreiche Referenzen und fundiertes Know-how in der Personenbef\u00f6rderung.<\/span><\/li>\n<\/ul>","protected":false},"excerpt":{"rendered":"<p>Taxi Si\u00f3fok Info: Ihr Dienstleister seit 2002 Hallo! Taxi Si\u00f3fok Info: Der zuverl\u00e4ssige Partner der Stadt seit \u00fcber zwei Jahrzehnten. Sie sind bei uns genau richtig, wenn Sie einen Taxiservice in Si\u00f3fok, der Hauptstadt des Balatons, oder in der Umgebung suchen (Zam\u00e1rdi, S\u00f3st\u00f3, Sz\u00e9plak, Balatonvil\u00e1gos, Balatonakarattya usw.). Wir bedienen Einheimische und Touristen seit mehr als [&hellip;]<\/p>\n","protected":false},"author":1,"featured_media":0,"parent":0,"menu_order":0,"comment_status":"closed","ping_status":"closed","template":"","meta":{"footnotes":""},"yoast_head":"<!-- This site is optimized with the Yoast SEO plugin v23.0 - https:\/\/yoast.com\/wordpress\/plugins\/seo\/ -->\n<title>Taxi Siofok Info: +36302706200 Taxi Siofok Info: +36302706200Taxi Siofok Info: Taxidienst in Siofok +36302706200Taxi Siofok Info: Taxidienst in Siofok +36302706200<\/title>\n<meta name=\"description\" content=\"Bestellen Sie jetzt ein Taxi in Si\u00f3fok und Umgebung. Taxi f\u00fcr bis zu 7 Personen.Bestellen Sie jetzt ein Taxi in Si\u00f3fok und Umgebung. Taxi f\u00fcr bis zu 7 Personen.Bestellen Sie jetzt ein Taxi in Si\u00f3fok und Umgebung. Die beste Wahl ist, wenn Sie Fracht ben\u00f6tigen. Taxi f\u00fcr bis zu 7 Personen.Bestellen Sie jetzt ein Taxi in Si\u00f3fok und Umgebung. Bestellen Sie jetzt ein Taxi in Si\u00f3fok und Umgebung. Die beste Wahl ist, wenn Sie Fracht ben\u00f6tigen. Taxi f\u00fcr bis zu 7 Personen.Bestellen Sie jetzt ein Taxi in Si\u00f3fok und Umgebung. Die beste Wahl ist, wenn Sie Fracht ben\u00f6tigen. Taxi f\u00fcr bis zu 7 Personen.\" \/>\n<meta name=\"robots\" content=\"index, follow, max-snippet:-1, max-image-preview:large, max-video-preview:-1\" \/>\n<link rel=\"canonical\" href=\"https:\/\/taxisiofok.info\/\" \/>\n<meta property=\"og:locale\" content=\"de_DE\" \/>\n<meta property=\"og:type\" content=\"article\" \/>\n<meta property=\"og:title\" content=\"[:hu]Taxi Si\u00f3fok Info: +36302706200 [:en]Taxi Siofok Info: +36302706200 Probably The Best! Taxi Siofok Info: +36302706200 Probably The Best!Taxi Siofok Info: +36302706200 Taxi Siofok +36302706200 Probably The Best![:de]Taxi Siofok Info: +36302706200 Taxi Siofok Info: +36302706200Taxi Siofok Info: Taxidienst in Siofok +36302706200Taxi Siofok Info: Taxidienst in Siofok +36302706200[:]\" \/>\n<meta property=\"og:description\" content=\"{:hu}Min\u0151s\u00e9gi taxi szolg\u00e1ltat\u00e1s Si\u00f3fokon, el\u00e9rhet\u0151 \u00e1rakon. 6+1 szem\u00e9lyes taxikat is rendelhet T\u0151l\u00fcnk.{:en}Probably the best taxi service in Siofok! You can order 7 seater taxis. Probably the best taxi service in Siofok! You can order 7 seater taxis. You can order Taxi in Siofok area! Probably the best taxi service in Siofok!You can order Taxi Siofok Info on this website! Probably the best taxi service in Siofok City!You can order Taxi in Siofok area! Probably the best taxi service in Siofok!You can order Taxi Siofok Info on this website! You should try our service, because this is probably the best taxi service in Siofok City!{:de}Bestellen Sie jetzt ein Taxi in Si\u00f3fok und Umgebung. Taxi f\u00fcr bis zu 7 Personen.Bestellen Sie jetzt ein Taxi in Si\u00f3fok und Umgebung. Taxi f\u00fcr bis zu 7 Personen.Bestellen Sie jetzt ein Taxi in Si\u00f3fok und Umgebung. Die beste Wahl ist, wenn Sie Fracht ben\u00f6tigen. Taxi f\u00fcr bis zu 7 Personen.Bestellen Sie jetzt ein Taxi in Si\u00f3fok und Umgebung. Bestellen Sie jetzt ein Taxi in Si\u00f3fok und Umgebung. Die beste Wahl ist, wenn Sie Fracht ben\u00f6tigen. Taxi f\u00fcr bis zu 7 Personen.Bestellen Sie jetzt ein Taxi in Si\u00f3fok und Umgebung. Die beste Wahl ist, wenn Sie Fracht ben\u00f6tigen. Taxi f\u00fcr bis zu 7 Personen.{:}\" \/>\n<meta property=\"og:url\" content=\"https:\/\/taxisiofok.info\/\" \/>\n<meta property=\"og:site_name\" content=\"TAXI SIOFOK INFO\" \/>\n<meta property=\"article:publisher\" content=\"https:\/\/www.facebook.com\/taxisiofokinfo\/\" \/>\n<meta property=\"article:modified_time\" content=\"2026-02-16T15:26:23+00:00\" \/>\n<meta property=\"og:image\" content=\"https:\/\/taxisiofok.info\/wp-content\/uploads\/2026\/01\/Taxi-Siofok.jpg\" \/>\n<meta name=\"twitter:card\" content=\"summary_large_image\" \/>\n<meta name=\"twitter:site\" content=\"@taxisiofokinfo\" \/>\n<meta name=\"twitter:label1\" content=\"Gesch\u00e4tzte Lesezeit\" \/>\n\t<meta name=\"twitter:data1\" content=\"2\u00a0Minuten\" \/>\n<script type=\"application\/ld+json\" class=\"yoast-schema-graph\">{\"@context\":\"https:\/\/schema.org\",\"@graph\":[{\"@type\":\"WebPage\",\"@id\":\"https:\/\/taxisiofok.info\/\",\"url\":\"https:\/\/taxisiofok.info\/\",\"name\":\"[:hu]Taxi Si\u00f3fok Info: +36302706200 [:en]Taxi Siofok Info: +36302706200 Probably The Best! Taxi Siofok Info: +36302706200 Probably The Best!Taxi Siofok Info: +36302706200 Taxi Siofok +36302706200 Probably The Best![:de]Taxi Siofok Info: +36302706200 Taxi Siofok Info: +36302706200Taxi Siofok Info: Taxidienst in Siofok +36302706200Taxi Siofok Info: Taxidienst in Siofok +36302706200[:]\",\"isPartOf\":{\"@id\":\"https:\/\/taxisiofok.info\/#website\"},\"primaryImageOfPage\":{\"@id\":\"https:\/\/taxisiofok.info\/#primaryimage\"},\"image\":{\"@id\":\"https:\/\/taxisiofok.info\/#primaryimage\"},\"thumbnailUrl\":\"https:\/\/taxisiofok.info\/wp-content\/uploads\/2026\/01\/Taxi-Siofok.jpg\",\"datePublished\":\"2016-05-07T06:10:00+00:00\",\"dateModified\":\"2026-02-16T15:26:23+00:00\",\"description\":\"{:hu}Min\u0151s\u00e9gi taxi szolg\u00e1ltat\u00e1s Si\u00f3fokon, el\u00e9rhet\u0151 \u00e1rakon. 6+1 szem\u00e9lyes taxikat is rendelhet T\u0151l\u00fcnk.{:en}Probably the best taxi service in Siofok! You can order 7 seater taxis. Probably the best taxi service in Siofok! You can order 7 seater taxis. You can order Taxi in Siofok area! Probably the best taxi service in Siofok!You can order Taxi Siofok Info on this website! Probably the best taxi service in Siofok City!You can order Taxi in Siofok area! Probably the best taxi service in Siofok!You can order Taxi Siofok Info on this website! You should try our service, because this is probably the best taxi service in Siofok City!{:de}Bestellen Sie jetzt ein Taxi in Si\u00f3fok und Umgebung. Taxi f\u00fcr bis zu 7 Personen.Bestellen Sie jetzt ein Taxi in Si\u00f3fok und Umgebung. Taxi f\u00fcr bis zu 7 Personen.Bestellen Sie jetzt ein Taxi in Si\u00f3fok und Umgebung. Die beste Wahl ist, wenn Sie Fracht ben\u00f6tigen. Taxi f\u00fcr bis zu 7 Personen.Bestellen Sie jetzt ein Taxi in Si\u00f3fok und Umgebung. Bestellen Sie jetzt ein Taxi in Si\u00f3fok und Umgebung. Die beste Wahl ist, wenn Sie Fracht ben\u00f6tigen. Taxi f\u00fcr bis zu 7 Personen.Bestellen Sie jetzt ein Taxi in Si\u00f3fok und Umgebung. Die beste Wahl ist, wenn Sie Fracht ben\u00f6tigen. Taxi f\u00fcr bis zu 7 Personen.{:}\",\"breadcrumb\":{\"@id\":\"https:\/\/taxisiofok.info\/#breadcrumb\"},\"inLanguage\":\"de\",\"potentialAction\":[{\"@type\":\"ReadAction\",\"target\":[\"https:\/\/taxisiofok.info\/\"]}]},{\"@type\":\"ImageObject\",\"inLanguage\":\"de\",\"@id\":\"https:\/\/taxisiofok.info\/#primaryimage\",\"url\":\"https:\/\/taxisiofok.info\/wp-content\/uploads\/2026\/01\/Taxi-Siofok.jpg\",\"contentUrl\":\"https:\/\/taxisiofok.info\/wp-content\/uploads\/2026\/01\/Taxi-Siofok.jpg\"},{\"@type\":\"BreadcrumbList\",\"@id\":\"https:\/\/taxisiofok.info\/#breadcrumb\",\"itemListElement\":[{\"@type\":\"ListItem\",\"position\":1,\"name\":\"Home\",\"item\":\"https:\/\/taxisiofok.info\/\"},{\"@type\":\"ListItem\",\"position\":2,\"name\":\"Taxi Si\u00f3fok\"}]},{\"@type\":\"WebSite\",\"@id\":\"https:\/\/taxisiofok.info\/#website\",\"url\":\"https:\/\/taxisiofok.info\/\",\"name\":\"TAXI SIOFOK INFO\",\"description\":\"Taxi bestellen in Siofok\",\"potentialAction\":[{\"@type\":\"SearchAction\",\"target\":{\"@type\":\"EntryPoint\",\"urlTemplate\":\"https:\/\/taxisiofok.info\/?s={search_term_string}\"},\"query-input\":\"required name=search_term_string\"}],\"inLanguage\":\"de\"}]}<\/script>\n<!-- \/ Yoast SEO plugin. -->","yoast_head_json":{"title":"Taxi Siofok Info: +36302706200 Taxi Siofok Info: +36302706200Taxi Siofok Info: Taxidienst in Siofok +36302706200Taxi Siofok Info: Taxidienst in Siofok +36302706200","description":"Bestellen Sie jetzt ein Taxi in Si\u00f3fok und Umgebung. Taxi f\u00fcr bis zu 7 Personen.Bestellen Sie jetzt ein Taxi in Si\u00f3fok und Umgebung. Taxi f\u00fcr bis zu 7 Personen.Bestellen Sie jetzt ein Taxi in Si\u00f3fok und Umgebung. Die beste Wahl ist, wenn Sie Fracht ben\u00f6tigen. Taxi f\u00fcr bis zu 7 Personen.Bestellen Sie jetzt ein Taxi in Si\u00f3fok und Umgebung. Bestellen Sie jetzt ein Taxi in Si\u00f3fok und Umgebung. Die beste Wahl ist, wenn Sie Fracht ben\u00f6tigen. Taxi f\u00fcr bis zu 7 Personen.Bestellen Sie jetzt ein Taxi in Si\u00f3fok und Umgebung. Die beste Wahl ist, wenn Sie Fracht ben\u00f6tigen. Taxi f\u00fcr bis zu 7 Personen.","robots":{"index":"index","follow":"follow","max-snippet":"max-snippet:-1","max-image-preview":"max-image-preview:large","max-video-preview":"max-video-preview:-1"},"canonical":"https:\/\/taxisiofok.info\/","og_locale":"de_DE","og_type":"article","og_title":"[:hu]Taxi Si\u00f3fok Info: +36302706200 [:en]Taxi Siofok Info: +36302706200 Probably The Best! Taxi Siofok Info: +36302706200 Probably The Best!Taxi Siofok Info: +36302706200 Taxi Siofok +36302706200 Probably The Best![:de]Taxi Siofok Info: +36302706200 Taxi Siofok Info: +36302706200Taxi Siofok Info: Taxidienst in Siofok +36302706200Taxi Siofok Info: Taxidienst in Siofok +36302706200[:]","og_description":"{:hu}Min\u0151s\u00e9gi taxi szolg\u00e1ltat\u00e1s Si\u00f3fokon, el\u00e9rhet\u0151 \u00e1rakon. 6+1 szem\u00e9lyes taxikat is rendelhet T\u0151l\u00fcnk.{:en}Probably the best taxi service in Siofok! You can order 7 seater taxis. Probably the best taxi service in Siofok! You can order 7 seater taxis. You can order Taxi in Siofok area! Probably the best taxi service in Siofok!You can order Taxi Siofok Info on this website! Probably the best taxi service in Siofok City!You can order Taxi in Siofok area! Probably the best taxi service in Siofok!You can order Taxi Siofok Info on this website! You should try our service, because this is probably the best taxi service in Siofok City!{:de}Bestellen Sie jetzt ein Taxi in Si\u00f3fok und Umgebung. Taxi f\u00fcr bis zu 7 Personen.Bestellen Sie jetzt ein Taxi in Si\u00f3fok und Umgebung. Taxi f\u00fcr bis zu 7 Personen.Bestellen Sie jetzt ein Taxi in Si\u00f3fok und Umgebung. Die beste Wahl ist, wenn Sie Fracht ben\u00f6tigen. Taxi f\u00fcr bis zu 7 Personen.Bestellen Sie jetzt ein Taxi in Si\u00f3fok und Umgebung. Bestellen Sie jetzt ein Taxi in Si\u00f3fok und Umgebung. Die beste Wahl ist, wenn Sie Fracht ben\u00f6tigen. Taxi f\u00fcr bis zu 7 Personen.Bestellen Sie jetzt ein Taxi in Si\u00f3fok und Umgebung. Die beste Wahl ist, wenn Sie Fracht ben\u00f6tigen. Taxi f\u00fcr bis zu 7 Personen.{:}","og_url":"https:\/\/taxisiofok.info\/","og_site_name":"TAXI SIOFOK INFO","article_publisher":"https:\/\/www.facebook.com\/taxisiofokinfo\/","article_modified_time":"2026-02-16T15:26:23+00:00","og_image":[{"url":"https:\/\/taxisiofok.info\/wp-content\/uploads\/2026\/01\/Taxi-Siofok.jpg"}],"twitter_card":"summary_large_image","twitter_site":"@taxisiofokinfo","twitter_misc":{"Gesch\u00e4tzte Lesezeit":"2\u00a0Minuten"},"schema":{"@context":"https:\/\/schema.org","@graph":[{"@type":"WebPage","@id":"https:\/\/taxisiofok.info\/","url":"https:\/\/taxisiofok.info\/","name":"[:hu]Taxi Si\u00f3fok Info: +36302706200 [:en]Taxi Siofok Info: +36302706200 Probably The Best! Taxi Siofok Info: +36302706200 Probably The Best!Taxi Siofok Info: +36302706200 Taxi Siofok +36302706200 Probably The Best![:de]Taxi Siofok Info: +36302706200 Taxi Siofok Info: +36302706200Taxi Siofok Info: Taxidienst in Siofok +36302706200Taxi Siofok Info: Taxidienst in Siofok +36302706200[:]","isPartOf":{"@id":"https:\/\/taxisiofok.info\/#website"},"primaryImageOfPage":{"@id":"https:\/\/taxisiofok.info\/#primaryimage"},"image":{"@id":"https:\/\/taxisiofok.info\/#primaryimage"},"thumbnailUrl":"https:\/\/taxisiofok.info\/wp-content\/uploads\/2026\/01\/Taxi-Siofok.jpg","datePublished":"2016-05-07T06:10:00+00:00","dateModified":"2026-02-16T15:26:23+00:00","description":"{:hu}Min\u0151s\u00e9gi taxi szolg\u00e1ltat\u00e1s Si\u00f3fokon, el\u00e9rhet\u0151 \u00e1rakon. 6+1 szem\u00e9lyes taxikat is rendelhet T\u0151l\u00fcnk.{:en}Probably the best taxi service in Siofok! You can order 7 seater taxis. Probably the best taxi service in Siofok! You can order 7 seater taxis. You can order Taxi in Siofok area! Probably the best taxi service in Siofok!You can order Taxi Siofok Info on this website! Probably the best taxi service in Siofok City!You can order Taxi in Siofok area! Probably the best taxi service in Siofok!You can order Taxi Siofok Info on this website! You should try our service, because this is probably the best taxi service in Siofok City!{:de}Bestellen Sie jetzt ein Taxi in Si\u00f3fok und Umgebung. Taxi f\u00fcr bis zu 7 Personen.Bestellen Sie jetzt ein Taxi in Si\u00f3fok und Umgebung. Taxi f\u00fcr bis zu 7 Personen.Bestellen Sie jetzt ein Taxi in Si\u00f3fok und Umgebung. Die beste Wahl ist, wenn Sie Fracht ben\u00f6tigen. Taxi f\u00fcr bis zu 7 Personen.Bestellen Sie jetzt ein Taxi in Si\u00f3fok und Umgebung. Bestellen Sie jetzt ein Taxi in Si\u00f3fok und Umgebung. Die beste Wahl ist, wenn Sie Fracht ben\u00f6tigen. Taxi f\u00fcr bis zu 7 Personen.Bestellen Sie jetzt ein Taxi in Si\u00f3fok und Umgebung. Die beste Wahl ist, wenn Sie Fracht ben\u00f6tigen. Taxi f\u00fcr bis zu 7 Personen.{:}","breadcrumb":{"@id":"https:\/\/taxisiofok.info\/#breadcrumb"},"inLanguage":"de","potentialAction":[{"@type":"ReadAction","target":["https:\/\/taxisiofok.info\/"]}]},{"@type":"ImageObject","inLanguage":"de","@id":"https:\/\/taxisiofok.info\/#primaryimage","url":"https:\/\/taxisiofok.info\/wp-content\/uploads\/2026\/01\/Taxi-Siofok.jpg","contentUrl":"https:\/\/taxisiofok.info\/wp-content\/uploads\/2026\/01\/Taxi-Siofok.jpg"},{"@type":"BreadcrumbList","@id":"https:\/\/taxisiofok.info\/#breadcrumb","itemListElement":[{"@type":"ListItem","position":1,"name":"Home","item":"https:\/\/taxisiofok.info\/"},{"@type":"ListItem","position":2,"name":"Taxi Si\u00f3fok"}]},{"@type":"WebSite","@id":"https:\/\/taxisiofok.info\/#website","url":"https:\/\/taxisiofok.info\/","name":"TAXI SIOFOK INFO","description":"Taxi bestellen in Siofok","potentialAction":[{"@type":"SearchAction","target":{"@type":"EntryPoint","urlTemplate":"https:\/\/taxisiofok.info\/?s={search_term_string}"},"query-input":"required name=search_term_string"}],"inLanguage":"de"}]}},"_links":{"self":[{"href":"https:\/\/taxisiofok.info\/de\/wp-json\/wp\/v2\/pages\/2"}],"collection":[{"href":"https:\/\/taxisiofok.info\/de\/wp-json\/wp\/v2\/pages"}],"about":[{"href":"https:\/\/taxisiofok.info\/de\/wp-json\/wp\/v2\/types\/page"}],"author":[{"embeddable":true,"href":"https:\/\/taxisiofok.info\/de\/wp-json\/wp\/v2\/users\/1"}],"replies":[{"embeddable":true,"href":"https:\/\/taxisiofok.info\/de\/wp-json\/wp\/v2\/comments?post=2"}],"version-history":[{"count":107,"href":"https:\/\/taxisiofok.info\/de\/wp-json\/wp\/v2\/pages\/2\/revisions"}],"predecessor-version":[{"id":728,"href":"https:\/\/taxisiofok.info\/de\/wp-json\/wp\/v2\/pages\/2\/revisions\/728"}],"wp:attachment":[{"href":"https:\/\/taxisiofok.info\/de\/wp-json\/wp\/v2\/media?parent=2"}],"curies":[{"name":"wp","href":"https:\/\/api.w.org\/{rel}","templated":true}]}}