{"id":21,"date":"2016-05-07T09:19:23","date_gmt":"2016-05-07T09:19:23","guid":{"rendered":"http:\/\/taxisiofok.info\/?page_id=21"},"modified":"2026-02-04T20:45:17","modified_gmt":"2026-02-04T20:45:17","slug":"budapest-repter-transzfer","status":"publish","type":"page","link":"https:\/\/taxisiofok.info\/de\/flughafentransfer\/","title":{"rendered":"Budapest Flughafentransfer"},"content":{"rendered":"<h1 id=\"tw-target-text\" class=\"tw-data-text tw-ta tw-text-small\" dir=\"ltr\" style=\"text-align: center;\" data-placeholder=\"Ford\u00edt\u00e1s\"><span lang=\"de\" tabindex=\"0\">Sie k\u00f6nnen Ihren Transfer zum \/ vom Flughafen Budapest (BUD) bestellen.<\/span><\/h1>\n<p style=\"text-align: center;\">Sie k\u00f6nnen Ihren <strong>Flughafentransfer<\/strong> bei der <strong>Taxi Siofok Info<\/strong> zu g\u00fcnstigen Preisen bestellen. W\u00e4hlen Sie den besten Weg f\u00fcr Ihre Reise! Warum sollten Sie sich um \u00f6ffentliche Verkehrsmittel k\u00fcmmern, wenn Sie bequem und ruhig mit <strong>Taxi, Minibus<\/strong> oder <strong>Bus reisen<\/strong> k\u00f6nnen? Schneller, besser, sicherer mit einem Taxi oder minibus.<\/p>\n<p style=\"text-align: center;\">W\u00e4hlen Sie eine der folgenden Optionen und sehen Sie, wie viel der Flughafentransfer kostet:<\/p>\n<ul>\n<li style=\"text-align: center;\"><a href=\"http:\/\/taxisiofok.info\/de\/flughafentransfer\/budapest-siofok\/\">von Budapest nach Siofok<\/a><\/li>\n<li style=\"text-align: center;\"><a href=\"http:\/\/taxisiofok.info\/de\/flughafentransfer\/budapest-balaton\/\">von Budapest nach Balaton<\/a><\/li>\n<li style=\"text-align: center;\"><a href=\"http:\/\/taxisiofok.info\/de\/kontakt\/\">von Budapest nach\u00a0andere st\u00e4dte<\/a><\/li>\n<\/ul>\n<p><strong>N\u00fctzlicher Hinweis<\/strong>: Auf der <a href=\"http:\/\/bud.hu\"><strong>offiziellen Website des Flughafens Budapest<\/strong><\/a> finden Sie einen Stammbaum zur Ankunft oder zum Abflug des Flugzeugs.","protected":false},"excerpt":{"rendered":"<p>Sie k\u00f6nnen Ihren Transfer zum \/ vom Flughafen Budapest (BUD) bestellen. Sie k\u00f6nnen Ihren Flughafentransfer bei der Taxi Siofok Info zu g\u00fcnstigen Preisen bestellen. W\u00e4hlen Sie den besten Weg f\u00fcr Ihre Reise! Warum sollten Sie sich um \u00f6ffentliche Verkehrsmittel k\u00fcmmern, wenn Sie bequem und ruhig mit Taxi, Minibus oder Bus reisen k\u00f6nnen? Schneller, besser, sicherer [&hellip;]<\/p>\n","protected":false},"author":2,"featured_media":0,"parent":0,"menu_order":0,"comment_status":"closed","ping_status":"closed","template":"","meta":{"footnotes":""},"yoast_head":"<!-- This site is optimized with the Yoast SEO plugin v23.0 - https:\/\/yoast.com\/wordpress\/plugins\/seo\/ -->\n<title>Transfer vom Budapest Flughafen mit Taxi, Minibus oder Bus<\/title>\n<meta name=\"description\" content=\"Bestellen Sie Ihren Flughafentransfer zwischen Budapest und Siofok (Balaton) oder den Plattensee. Taxi, Minibus und Bus zum Flughafen Budapest.\" \/>\n<meta name=\"robots\" content=\"index, follow, max-snippet:-1, max-image-preview:large, max-video-preview:-1\" \/>\n<link rel=\"canonical\" href=\"https:\/\/taxisiofok.info\/repter-transzfer\/\" \/>\n<meta property=\"og:locale\" content=\"de_DE\" \/>\n<meta property=\"og:type\" content=\"article\" \/>\n<meta property=\"og:title\" content=\"[:hu]Budapest Rept\u00e9r Transzfer[:en]Airport transfers from Budapest with taxi, minibus or Bus[:de]Transfer vom Budapest Flughafen mit Taxi, Minibus oder Bus[:]\" \/>\n<meta property=\"og:description\" content=\"{:hu}Rendelje meg n\u00e1lunk a rept\u00e9ri transzfer\u00e9t Budapestr\u0151l\/re! Min\u0151s\u00e9gi taxival vagy luxus busszal utazhat el\u00e9rhet\u0151 \u00e1rakon! K\u00e9rjen ingyenes \u00e1raj\u00e1nlatot most!{:de}Bestellen Sie Ihren Flughafentransfer zwischen Budapest und Siofok (Balaton) oder den Plattensee. Taxi, Minibus und Bus zum Flughafen Budapest.{:}\" \/>\n<meta property=\"og:url\" content=\"https:\/\/taxisiofok.info\/repter-transzfer\/\" \/>\n<meta property=\"og:site_name\" content=\"TAXI SIOFOK INFO\" \/>\n<meta property=\"article:publisher\" content=\"https:\/\/www.facebook.com\/taxisiofokinfo\/\" \/>\n<meta property=\"article:modified_time\" content=\"2026-02-04T20:45:17+00:00\" \/>\n<meta property=\"og:image\" content=\"http:\/\/taxisiofok.info\/wp-content\/uploads\/2017\/01\/Airport-transfer-300x171.png\" \/>\n<meta name=\"twitter:card\" content=\"summary_large_image\" \/>\n<meta name=\"twitter:site\" content=\"@taxisiofokinfo\" \/>\n<meta name=\"twitter:label1\" content=\"Gesch\u00e4tzte Lesezeit\" \/>\n\t<meta name=\"twitter:data1\" content=\"3\u00a0Minuten\" \/>\n<script type=\"application\/ld+json\" class=\"yoast-schema-graph\">{\"@context\":\"https:\/\/schema.org\",\"@graph\":[{\"@type\":\"WebPage\",\"@id\":\"https:\/\/taxisiofok.info\/repter-transzfer\/\",\"url\":\"https:\/\/taxisiofok.info\/repter-transzfer\/\",\"name\":\"[:hu]Budapest Rept\u00e9r Transzfer[:en]Airport transfers from Budapest with taxi, minibus or Bus[:de]Transfer vom Budapest Flughafen mit Taxi, Minibus oder Bus[:]\",\"isPartOf\":{\"@id\":\"https:\/\/taxisiofok.info\/#website\"},\"primaryImageOfPage\":{\"@id\":\"https:\/\/taxisiofok.info\/repter-transzfer\/#primaryimage\"},\"image\":{\"@id\":\"https:\/\/taxisiofok.info\/repter-transzfer\/#primaryimage\"},\"thumbnailUrl\":\"http:\/\/taxisiofok.info\/wp-content\/uploads\/2017\/01\/Airport-transfer-300x171.png\",\"datePublished\":\"2016-05-07T09:19:23+00:00\",\"dateModified\":\"2026-02-04T20:45:17+00:00\",\"description\":\"{:hu}Rendelje meg n\u00e1lunk a rept\u00e9ri transzfer\u00e9t Budapestr\u0151l\/re! Min\u0151s\u00e9gi taxival vagy luxus busszal utazhat el\u00e9rhet\u0151 \u00e1rakon! K\u00e9rjen ingyenes \u00e1raj\u00e1nlatot most!{:de}Bestellen Sie Ihren Flughafentransfer zwischen Budapest und Siofok (Balaton) oder den Plattensee. Taxi, Minibus und Bus zum Flughafen Budapest.{:}\",\"breadcrumb\":{\"@id\":\"https:\/\/taxisiofok.info\/repter-transzfer\/#breadcrumb\"},\"inLanguage\":\"de\",\"potentialAction\":[{\"@type\":\"ReadAction\",\"target\":[\"https:\/\/taxisiofok.info\/repter-transzfer\/\"]}]},{\"@type\":\"ImageObject\",\"inLanguage\":\"de\",\"@id\":\"https:\/\/taxisiofok.info\/repter-transzfer\/#primaryimage\",\"url\":\"http:\/\/taxisiofok.info\/wp-content\/uploads\/2017\/01\/Airport-transfer-300x171.png\",\"contentUrl\":\"http:\/\/taxisiofok.info\/wp-content\/uploads\/2017\/01\/Airport-transfer-300x171.png\"},{\"@type\":\"BreadcrumbList\",\"@id\":\"https:\/\/taxisiofok.info\/repter-transzfer\/#breadcrumb\",\"itemListElement\":[{\"@type\":\"ListItem\",\"position\":1,\"name\":\"Home\",\"item\":\"https:\/\/taxisiofok.info\/\"},{\"@type\":\"ListItem\",\"position\":2,\"name\":\"Budapest rept\u00e9r transzfer\"}]},{\"@type\":\"WebSite\",\"@id\":\"https:\/\/taxisiofok.info\/#website\",\"url\":\"https:\/\/taxisiofok.info\/\",\"name\":\"TAXI SIOFOK INFO\",\"description\":\"Taxi bestellen in Siofok\",\"potentialAction\":[{\"@type\":\"SearchAction\",\"target\":{\"@type\":\"EntryPoint\",\"urlTemplate\":\"https:\/\/taxisiofok.info\/?s={search_term_string}\"},\"query-input\":\"required name=search_term_string\"}],\"inLanguage\":\"de\"}]}<\/script>\n<!-- \/ Yoast SEO plugin. -->","yoast_head_json":{"title":"Transfer vom Budapest Flughafen mit Taxi, Minibus oder Bus","description":"Bestellen Sie Ihren Flughafentransfer zwischen Budapest und Siofok (Balaton) oder den Plattensee. Taxi, Minibus und Bus zum Flughafen Budapest.","robots":{"index":"index","follow":"follow","max-snippet":"max-snippet:-1","max-image-preview":"max-image-preview:large","max-video-preview":"max-video-preview:-1"},"canonical":"https:\/\/taxisiofok.info\/repter-transzfer\/","og_locale":"de_DE","og_type":"article","og_title":"[:hu]Budapest Rept\u00e9r Transzfer[:en]Airport transfers from Budapest with taxi, minibus or Bus[:de]Transfer vom Budapest Flughafen mit Taxi, Minibus oder Bus[:]","og_description":"{:hu}Rendelje meg n\u00e1lunk a rept\u00e9ri transzfer\u00e9t Budapestr\u0151l\/re! Min\u0151s\u00e9gi taxival vagy luxus busszal utazhat el\u00e9rhet\u0151 \u00e1rakon! K\u00e9rjen ingyenes \u00e1raj\u00e1nlatot most!{:de}Bestellen Sie Ihren Flughafentransfer zwischen Budapest und Siofok (Balaton) oder den Plattensee. Taxi, Minibus und Bus zum Flughafen Budapest.{:}","og_url":"https:\/\/taxisiofok.info\/repter-transzfer\/","og_site_name":"TAXI SIOFOK INFO","article_publisher":"https:\/\/www.facebook.com\/taxisiofokinfo\/","article_modified_time":"2026-02-04T20:45:17+00:00","og_image":[{"url":"http:\/\/taxisiofok.info\/wp-content\/uploads\/2017\/01\/Airport-transfer-300x171.png"}],"twitter_card":"summary_large_image","twitter_site":"@taxisiofokinfo","twitter_misc":{"Gesch\u00e4tzte Lesezeit":"3\u00a0Minuten"},"schema":{"@context":"https:\/\/schema.org","@graph":[{"@type":"WebPage","@id":"https:\/\/taxisiofok.info\/repter-transzfer\/","url":"https:\/\/taxisiofok.info\/repter-transzfer\/","name":"[:hu]Budapest Rept\u00e9r Transzfer[:en]Airport transfers from Budapest with taxi, minibus or Bus[:de]Transfer vom Budapest Flughafen mit Taxi, Minibus oder Bus[:]","isPartOf":{"@id":"https:\/\/taxisiofok.info\/#website"},"primaryImageOfPage":{"@id":"https:\/\/taxisiofok.info\/repter-transzfer\/#primaryimage"},"image":{"@id":"https:\/\/taxisiofok.info\/repter-transzfer\/#primaryimage"},"thumbnailUrl":"http:\/\/taxisiofok.info\/wp-content\/uploads\/2017\/01\/Airport-transfer-300x171.png","datePublished":"2016-05-07T09:19:23+00:00","dateModified":"2026-02-04T20:45:17+00:00","description":"{:hu}Rendelje meg n\u00e1lunk a rept\u00e9ri transzfer\u00e9t Budapestr\u0151l\/re! Min\u0151s\u00e9gi taxival vagy luxus busszal utazhat el\u00e9rhet\u0151 \u00e1rakon! K\u00e9rjen ingyenes \u00e1raj\u00e1nlatot most!{:de}Bestellen Sie Ihren Flughafentransfer zwischen Budapest und Siofok (Balaton) oder den Plattensee. Taxi, Minibus und Bus zum Flughafen Budapest.{:}","breadcrumb":{"@id":"https:\/\/taxisiofok.info\/repter-transzfer\/#breadcrumb"},"inLanguage":"de","potentialAction":[{"@type":"ReadAction","target":["https:\/\/taxisiofok.info\/repter-transzfer\/"]}]},{"@type":"ImageObject","inLanguage":"de","@id":"https:\/\/taxisiofok.info\/repter-transzfer\/#primaryimage","url":"http:\/\/taxisiofok.info\/wp-content\/uploads\/2017\/01\/Airport-transfer-300x171.png","contentUrl":"http:\/\/taxisiofok.info\/wp-content\/uploads\/2017\/01\/Airport-transfer-300x171.png"},{"@type":"BreadcrumbList","@id":"https:\/\/taxisiofok.info\/repter-transzfer\/#breadcrumb","itemListElement":[{"@type":"ListItem","position":1,"name":"Home","item":"https:\/\/taxisiofok.info\/"},{"@type":"ListItem","position":2,"name":"Budapest rept\u00e9r transzfer"}]},{"@type":"WebSite","@id":"https:\/\/taxisiofok.info\/#website","url":"https:\/\/taxisiofok.info\/","name":"TAXI SIOFOK INFO","description":"Taxi bestellen in Siofok","potentialAction":[{"@type":"SearchAction","target":{"@type":"EntryPoint","urlTemplate":"https:\/\/taxisiofok.info\/?s={search_term_string}"},"query-input":"required name=search_term_string"}],"inLanguage":"de"}]}},"_links":{"self":[{"href":"https:\/\/taxisiofok.info\/de\/wp-json\/wp\/v2\/pages\/21"}],"collection":[{"href":"https:\/\/taxisiofok.info\/de\/wp-json\/wp\/v2\/pages"}],"about":[{"href":"https:\/\/taxisiofok.info\/de\/wp-json\/wp\/v2\/types\/page"}],"author":[{"embeddable":true,"href":"https:\/\/taxisiofok.info\/de\/wp-json\/wp\/v2\/users\/2"}],"replies":[{"embeddable":true,"href":"https:\/\/taxisiofok.info\/de\/wp-json\/wp\/v2\/comments?post=21"}],"version-history":[{"count":8,"href":"https:\/\/taxisiofok.info\/de\/wp-json\/wp\/v2\/pages\/21\/revisions"}],"predecessor-version":[{"id":712,"href":"https:\/\/taxisiofok.info\/de\/wp-json\/wp\/v2\/pages\/21\/revisions\/712"}],"wp:attachment":[{"href":"https:\/\/taxisiofok.info\/de\/wp-json\/wp\/v2\/media?parent=21"}],"curies":[{"name":"wp","href":"https:\/\/api.w.org\/{rel}","templated":true}]}}