{"id":24,"date":"2016-05-07T09:23:13","date_gmt":"2016-05-07T09:23:13","guid":{"rendered":"http:\/\/taxisiofok.info\/?page_id=24"},"modified":"2026-01-28T22:07:39","modified_gmt":"2026-01-28T22:07:39","slug":"kontakt","status":"publish","type":"page","link":"https:\/\/taxisiofok.info\/de\/kontakt\/","title":{"rendered":"Kontakt"},"content":{"rendered":"<h1 style=\"text-align: center;\"><strong>Informationen, Impressum und Kontakt<\/strong><\/h1>\n<p style=\"text-align: center;\">Hier finden Sie alle wichtigen Informationen zu unserem Taxiunternehmen in Si\u00f3fok. Bei Fragen zu unserem Service helfen wir Ihnen gerne weiter.<\/p>\n<p style=\"text-align: center;\"><strong>Taxi- und Minibusbestellung:<\/strong><\/p>\n<p style=\"text-align: center;\">Telefonnummer: <a href=\"tel:+36302706200\">+36 30 270 6200<\/a><\/p>\n<p style=\"text-align: center;\">Weitere Informationen: <a href=\"mailto:taxisiofokinfo@gmail.com\">taxisiofokinfo@gmail.com<\/a><\/p>\n<p style=\"text-align: center;\">Standort (Google Maps): 8600 Si\u00f3fok, Szent L\u00e1szl\u00f3 utca 185.<\/p>\n<hr \/>\n<p style=\"text-align: center;\"><strong>Firmendetails:<\/strong><\/p>\n<p style=\"text-align: center;\">Name: Horv\u00e1th Lajos Istv\u00e1n E.V.<\/p>\n<p style=\"text-align: center;\">Telefon: <a href=\"tel:+36302706200\">+36 30 270 6200<\/a><\/p>\n<p style=\"text-align: center;\">E-Mail: <a href=\"mailto:taxisiofokinfo@gmail.com\">taxisiofokinfo@gmail.com<\/a><\/p>\n<p style=\"text-align: center;\">Adresse: 8600 Si\u00f3fok, Bajcsy-Zsilinszky utca 107.<\/p>\n<p style=\"text-align: center;\">Steuernummer: 50835773-1-34<\/p>\n<p style=\"text-align: center;\">Registrierungsnummer: 32468089<\/p>\n<hr \/>\n<h2 style=\"text-align: center;\">Stellen Sie eine kostenlose Anfrage:<\/h2>\n<p style=\"text-align: center;\">Bitte f\u00fcllen Sie die folgenden Felder genau mit Ihren Angaben aus und wir werden Ihnen in K\u00fcrze antworten! Bitte beschreiben Sie im Textfeld das geplante Programm, das genaue Datum und die Abfahrtszeit! Danke!<\/p>\n<p class=\"tw-data-text tw-ta tw-text-small\" dir=\"ltr\" data-placeholder=\"Ford\u00edt\u00e1s\">\n<div class=\"wpcf7 no-js\" id=\"wpcf7-f439-o3\" lang=\"hu-HU\" dir=\"ltr\">\n<div class=\"screen-reader-response\"><p role=\"status\" aria-live=\"polite\" aria-atomic=\"true\"><\/p> <ul><\/ul><\/div>\n<form action=\"\/de\/wp-json\/wp\/v2\/pages\/24#wpcf7-f439-o3\" method=\"post\" class=\"wpcf7-form init\" aria-label=\"Kapcsolatfelv\u00e9teli \u0171rlap\" novalidate=\"novalidate\" data-status=\"init\">\n<div style=\"display: none;\">\n<input type=\"hidden\" name=\"_wpcf7\" value=\"439\" \/>\n<input type=\"hidden\" name=\"_wpcf7_version\" value=\"5.9.6\" \/>\n<input type=\"hidden\" name=\"_wpcf7_locale\" value=\"hu_HU\" \/>\n<input type=\"hidden\" name=\"_wpcf7_unit_tag\" value=\"wpcf7-f439-o3\" \/>\n<input type=\"hidden\" name=\"_wpcf7_container_post\" value=\"0\" \/>\n<input type=\"hidden\" name=\"_wpcf7_posted_data_hash\" value=\"\" \/>\n<\/div>\n<div class=\"contact-form\">\n\t<div class=\"row\">\n\t\t<div class=\"col-sm-4\">\n\t\t\t<p>Name*\n\t\t\t<\/p>\n\t\t\t<p><span class=\"wpcf7-form-control-wrap\" data-name=\"your-name\"><input size=\"40\" maxlength=\"80\" class=\"wpcf7-form-control wpcf7-text wpcf7-validates-as-required\" aria-required=\"true\" aria-invalid=\"false\" value=\"\" type=\"text\" name=\"your-name\" \/><\/span>\n\t\t\t<\/p>\n\t\t<\/div>\n\t\t<div class=\"col-sm-4\">\n\t\t\t<p>E-Mail-Adresse*\n\t\t\t<\/p>\n\t\t\t<p><span class=\"wpcf7-form-control-wrap\" data-name=\"your-email\"><input size=\"40\" maxlength=\"80\" class=\"wpcf7-form-control wpcf7-email wpcf7-validates-as-required wpcf7-text wpcf7-validates-as-email\" aria-required=\"true\" aria-invalid=\"false\" value=\"\" type=\"email\" name=\"your-email\" \/><\/span>\n\t\t\t<\/p>\n\t\t<\/div>\n\t\t<div class=\"col-sm-4\">\n\t\t\t<p>Telefonnummer\n\t\t\t<\/p>\n\t\t\t<p><span class=\"wpcf7-form-control-wrap\" data-name=\"Telefon\"><input size=\"40\" maxlength=\"80\" class=\"wpcf7-form-control wpcf7-tel wpcf7-text wpcf7-validates-as-tel\" aria-invalid=\"false\" value=\"\" type=\"tel\" name=\"Telefon\" \/><\/span>\n\t\t\t<\/p>\n\t\t<\/div>\n\t<\/div>\n\t<div class=\"row\">\n\t\t<div class=\"col-sm-6\">\n\t\t\t<p>Geplante Route\n\t\t\t<\/p>\n\t\t\t<p><span class=\"wpcf7-form-control-wrap\" data-name=\"your-subject\"><input size=\"40\" maxlength=\"80\" class=\"wpcf7-form-control wpcf7-text\" aria-invalid=\"false\" value=\"\" type=\"text\" name=\"your-subject\" \/><\/span>\n\t\t\t<\/p>\n\t\t<\/div>\n\t\t<div class=\"col-sm-6\">\n\t\t\t<p>Anzahl der Passagiere\n\t\t\t<\/p>\n\t\t\t<p><span class=\"wpcf7-form-control-wrap\" data-name=\"Utas\"><select class=\"wpcf7-form-control wpcf7-select\" aria-invalid=\"false\" name=\"Utas\"><option value=\"\">&#8212; K\u00e9rj\u00fck, v\u00e1lasszon egy opci\u00f3t &#8212;<\/option><option value=\"1\">1<\/option><option value=\"2\">2<\/option><option value=\"3\">3<\/option><option value=\"4\">4<\/option><option value=\"5\">5<\/option><option value=\"6\">6<\/option><option value=\"7\">7<\/option><option value=\"8\">8<\/option><option value=\"9\">9<\/option><option value=\"10\">10<\/option><option value=\"11\">11<\/option><option value=\"12\">12<\/option><option value=\"13\">13<\/option><option value=\"14\">14<\/option><option value=\"15\">15<\/option><option value=\"16\">16<\/option><option value=\"17\">17<\/option><option value=\"18\">18<\/option><option value=\"19\">19<\/option><option value=\"20\">20<\/option><option value=\"21\">21<\/option><option value=\"22\">22<\/option><option value=\"23\">23<\/option><option value=\"24\">24<\/option><option value=\"25\">25<\/option><option value=\"26\">26<\/option><option value=\"27\">27<\/option><option value=\"28\">28<\/option><option value=\"29\">29<\/option><option value=\"30\">30<\/option><option value=\"31\">31<\/option><option value=\"32\">32<\/option><option value=\"33\">33<\/option><option value=\"34\">34<\/option><option value=\"35\">35<\/option><option value=\"36\">36<\/option><option value=\"37\">37<\/option><option value=\"38\">38<\/option><option value=\"39\">39<\/option><option value=\"40\">40<\/option><option value=\"41\">41<\/option><option value=\"42\">42<\/option><option value=\"43\">43<\/option><option value=\"44\">44<\/option><option value=\"45\">45<\/option><option value=\"46\">46<\/option><option value=\"47\">47<\/option><option value=\"48\">48<\/option><option value=\"49\">49<\/option><option value=\"50\">50<\/option><\/select><\/span>\n\t\t\t<\/p>\n\t\t<\/div>\n\t<\/div>\n\t<p>Nachricht*\n\t<\/p>\n\t<p><span class=\"wpcf7-form-control-wrap\" data-name=\"your-message\"><textarea cols=\"40\" rows=\"10\" maxlength=\"400\" class=\"wpcf7-form-control wpcf7-textarea wpcf7-validates-as-required\" aria-required=\"true\" aria-invalid=\"false\" name=\"your-message\"><\/textarea><\/span>\n\t<\/p>\n\t<p><input class=\"wpcf7-form-control wpcf7-submit has-spinner\" type=\"submit\" value=\"Send\" \/>\n\t<\/p>\n<\/div><div class=\"wpcf7-response-output\" aria-hidden=\"true\"><\/div>\n<\/form>\n<\/div>","protected":false},"excerpt":{"rendered":"<p>Informationen, Impressum und Kontakt Hier finden Sie alle wichtigen Informationen zu unserem Taxiunternehmen in Si\u00f3fok. Bei Fragen zu unserem Service helfen wir Ihnen gerne weiter. Taxi- und Minibusbestellung: Telefonnummer: +36 30 270 6200 Weitere Informationen: taxisiofokinfo@gmail.com Standort (Google Maps): 8600 Si\u00f3fok, Szent L\u00e1szl\u00f3 utca 185. Firmendetails: Name: Horv\u00e1th Lajos Istv\u00e1n E.V. Telefon: +36 30 270 [&hellip;]<\/p>\n","protected":false},"author":2,"featured_media":0,"parent":0,"menu_order":0,"comment_status":"closed","ping_status":"closed","template":"","meta":{"footnotes":""},"yoast_head":"<!-- This site is optimized with the Yoast SEO plugin v23.0 - https:\/\/yoast.com\/wordpress\/plugins\/seo\/ -->\n<title>Kontakt mit dem Taxi Siofok Info Team<\/title>\n<meta name=\"description\" content=\"Kontaktieren Sie uns Fordern Sie ein kostenloses Angebot an. Bestellen Sie ein Taxi, einen Minibus oder einen Bus.\" \/>\n<meta name=\"robots\" content=\"index, follow, max-snippet:-1, max-image-preview:large, max-video-preview:-1\" \/>\n<link rel=\"canonical\" href=\"https:\/\/taxisiofok.info\/arajanlatkeres\/\" \/>\n<meta property=\"og:locale\" content=\"de_DE\" \/>\n<meta property=\"og:type\" content=\"article\" \/>\n<meta property=\"og:title\" content=\"[:hu]Ingyenes \u00e1raj\u00e1nlatk\u00e9r\u00e9s \u00e9s kapcsolat[:en]Free Quotation &amp; Contact[:de]Kontakt mit dem Taxi Siofok Info Team[:]\" \/>\n<meta property=\"og:description\" content=\"{:hu}K\u00e9rjen ingyenes \u00e1raj\u00e1nlatot most emailben! Min\u0151s\u00e9gi taxi \u00e9s luxus busz el\u00e9rhet\u0151 \u00e1ron Si\u00f3fokon \u00e9s a Balatononon! Telefonsz\u00e1m: +36302706200{:en}Make free quotation about taxi, bus or airport transport via email! Contact with taxisiofok.info now! {:de}Kontaktieren Sie uns Fordern Sie ein kostenloses Angebot an. Bestellen Sie ein Taxi, einen Minibus oder einen Bus. {:}\" \/>\n<meta property=\"og:url\" content=\"https:\/\/taxisiofok.info\/arajanlatkeres\/\" \/>\n<meta property=\"og:site_name\" content=\"TAXI SIOFOK INFO\" \/>\n<meta property=\"article:publisher\" content=\"https:\/\/www.facebook.com\/taxisiofokinfo\/\" \/>\n<meta property=\"article:modified_time\" content=\"2026-01-28T22:07:39+00:00\" \/>\n<meta name=\"twitter:card\" content=\"summary_large_image\" \/>\n<meta name=\"twitter:site\" content=\"@taxisiofokinfo\" \/>\n<meta name=\"twitter:label1\" content=\"Gesch\u00e4tzte Lesezeit\" \/>\n\t<meta name=\"twitter:data1\" content=\"2\u00a0Minuten\" \/>\n<script type=\"application\/ld+json\" class=\"yoast-schema-graph\">{\"@context\":\"https:\/\/schema.org\",\"@graph\":[{\"@type\":\"WebPage\",\"@id\":\"https:\/\/taxisiofok.info\/arajanlatkeres\/\",\"url\":\"https:\/\/taxisiofok.info\/arajanlatkeres\/\",\"name\":\"[:hu]Ingyenes \u00e1raj\u00e1nlatk\u00e9r\u00e9s \u00e9s kapcsolat[:en]Free Quotation & Contact[:de]Kontakt mit dem Taxi Siofok Info Team[:]\",\"isPartOf\":{\"@id\":\"https:\/\/taxisiofok.info\/#website\"},\"datePublished\":\"2016-05-07T09:23:13+00:00\",\"dateModified\":\"2026-01-28T22:07:39+00:00\",\"description\":\"{:hu}K\u00e9rjen ingyenes \u00e1raj\u00e1nlatot most emailben! Min\u0151s\u00e9gi taxi \u00e9s luxus busz el\u00e9rhet\u0151 \u00e1ron Si\u00f3fokon \u00e9s a Balatononon! Telefonsz\u00e1m: +36302706200{:en}Make free quotation about taxi, bus or airport transport via email! Contact with taxisiofok.info now! {:de}Kontaktieren Sie uns Fordern Sie ein kostenloses Angebot an. Bestellen Sie ein Taxi, einen Minibus oder einen Bus. {:}\",\"breadcrumb\":{\"@id\":\"https:\/\/taxisiofok.info\/arajanlatkeres\/#breadcrumb\"},\"inLanguage\":\"de\",\"potentialAction\":[{\"@type\":\"ReadAction\",\"target\":[\"https:\/\/taxisiofok.info\/arajanlatkeres\/\"]}]},{\"@type\":\"BreadcrumbList\",\"@id\":\"https:\/\/taxisiofok.info\/arajanlatkeres\/#breadcrumb\",\"itemListElement\":[{\"@type\":\"ListItem\",\"position\":1,\"name\":\"Home\",\"item\":\"https:\/\/taxisiofok.info\/\"},{\"@type\":\"ListItem\",\"position\":2,\"name\":\"Inform\u00e1ci\u00f3k\"}]},{\"@type\":\"WebSite\",\"@id\":\"https:\/\/taxisiofok.info\/#website\",\"url\":\"https:\/\/taxisiofok.info\/\",\"name\":\"TAXI SIOFOK INFO\",\"description\":\"Taxi bestellen in Siofok\",\"potentialAction\":[{\"@type\":\"SearchAction\",\"target\":{\"@type\":\"EntryPoint\",\"urlTemplate\":\"https:\/\/taxisiofok.info\/?s={search_term_string}\"},\"query-input\":\"required name=search_term_string\"}],\"inLanguage\":\"de\"}]}<\/script>\n<!-- \/ Yoast SEO plugin. -->","yoast_head_json":{"title":"Kontakt mit dem Taxi Siofok Info Team","description":"Kontaktieren Sie uns Fordern Sie ein kostenloses Angebot an. Bestellen Sie ein Taxi, einen Minibus oder einen Bus.","robots":{"index":"index","follow":"follow","max-snippet":"max-snippet:-1","max-image-preview":"max-image-preview:large","max-video-preview":"max-video-preview:-1"},"canonical":"https:\/\/taxisiofok.info\/arajanlatkeres\/","og_locale":"de_DE","og_type":"article","og_title":"[:hu]Ingyenes \u00e1raj\u00e1nlatk\u00e9r\u00e9s \u00e9s kapcsolat[:en]Free Quotation & Contact[:de]Kontakt mit dem Taxi Siofok Info Team[:]","og_description":"{:hu}K\u00e9rjen ingyenes \u00e1raj\u00e1nlatot most emailben! Min\u0151s\u00e9gi taxi \u00e9s luxus busz el\u00e9rhet\u0151 \u00e1ron Si\u00f3fokon \u00e9s a Balatononon! Telefonsz\u00e1m: +36302706200{:en}Make free quotation about taxi, bus or airport transport via email! Contact with taxisiofok.info now! {:de}Kontaktieren Sie uns Fordern Sie ein kostenloses Angebot an. Bestellen Sie ein Taxi, einen Minibus oder einen Bus. {:}","og_url":"https:\/\/taxisiofok.info\/arajanlatkeres\/","og_site_name":"TAXI SIOFOK INFO","article_publisher":"https:\/\/www.facebook.com\/taxisiofokinfo\/","article_modified_time":"2026-01-28T22:07:39+00:00","twitter_card":"summary_large_image","twitter_site":"@taxisiofokinfo","twitter_misc":{"Gesch\u00e4tzte Lesezeit":"2\u00a0Minuten"},"schema":{"@context":"https:\/\/schema.org","@graph":[{"@type":"WebPage","@id":"https:\/\/taxisiofok.info\/arajanlatkeres\/","url":"https:\/\/taxisiofok.info\/arajanlatkeres\/","name":"[:hu]Ingyenes \u00e1raj\u00e1nlatk\u00e9r\u00e9s \u00e9s kapcsolat[:en]Free Quotation & Contact[:de]Kontakt mit dem Taxi Siofok Info Team[:]","isPartOf":{"@id":"https:\/\/taxisiofok.info\/#website"},"datePublished":"2016-05-07T09:23:13+00:00","dateModified":"2026-01-28T22:07:39+00:00","description":"{:hu}K\u00e9rjen ingyenes \u00e1raj\u00e1nlatot most emailben! Min\u0151s\u00e9gi taxi \u00e9s luxus busz el\u00e9rhet\u0151 \u00e1ron Si\u00f3fokon \u00e9s a Balatononon! Telefonsz\u00e1m: +36302706200{:en}Make free quotation about taxi, bus or airport transport via email! Contact with taxisiofok.info now! {:de}Kontaktieren Sie uns Fordern Sie ein kostenloses Angebot an. Bestellen Sie ein Taxi, einen Minibus oder einen Bus. {:}","breadcrumb":{"@id":"https:\/\/taxisiofok.info\/arajanlatkeres\/#breadcrumb"},"inLanguage":"de","potentialAction":[{"@type":"ReadAction","target":["https:\/\/taxisiofok.info\/arajanlatkeres\/"]}]},{"@type":"BreadcrumbList","@id":"https:\/\/taxisiofok.info\/arajanlatkeres\/#breadcrumb","itemListElement":[{"@type":"ListItem","position":1,"name":"Home","item":"https:\/\/taxisiofok.info\/"},{"@type":"ListItem","position":2,"name":"Inform\u00e1ci\u00f3k"}]},{"@type":"WebSite","@id":"https:\/\/taxisiofok.info\/#website","url":"https:\/\/taxisiofok.info\/","name":"TAXI SIOFOK INFO","description":"Taxi bestellen in Siofok","potentialAction":[{"@type":"SearchAction","target":{"@type":"EntryPoint","urlTemplate":"https:\/\/taxisiofok.info\/?s={search_term_string}"},"query-input":"required name=search_term_string"}],"inLanguage":"de"}]}},"_links":{"self":[{"href":"https:\/\/taxisiofok.info\/de\/wp-json\/wp\/v2\/pages\/24"}],"collection":[{"href":"https:\/\/taxisiofok.info\/de\/wp-json\/wp\/v2\/pages"}],"about":[{"href":"https:\/\/taxisiofok.info\/de\/wp-json\/wp\/v2\/types\/page"}],"author":[{"embeddable":true,"href":"https:\/\/taxisiofok.info\/de\/wp-json\/wp\/v2\/users\/2"}],"replies":[{"embeddable":true,"href":"https:\/\/taxisiofok.info\/de\/wp-json\/wp\/v2\/comments?post=24"}],"version-history":[{"count":46,"href":"https:\/\/taxisiofok.info\/de\/wp-json\/wp\/v2\/pages\/24\/revisions"}],"predecessor-version":[{"id":635,"href":"https:\/\/taxisiofok.info\/de\/wp-json\/wp\/v2\/pages\/24\/revisions\/635"}],"wp:attachment":[{"href":"https:\/\/taxisiofok.info\/de\/wp-json\/wp\/v2\/media?parent=24"}],"curies":[{"name":"wp","href":"https:\/\/api.w.org\/{rel}","templated":true}]}}