{"id":70,"date":"2016-05-07T16:34:22","date_gmt":"2016-05-07T16:34:22","guid":{"rendered":"http:\/\/taxisiofok.info\/?page_id=70"},"modified":"2026-01-26T21:26:11","modified_gmt":"2026-01-26T21:26:11","slug":"busbestellung","status":"publish","type":"page","link":"https:\/\/taxisiofok.info\/de\/busbestellung-siofok\/","title":{"rendered":"Busbestellung"},"content":{"rendered":"<h1 id=\"tw-target-text\" class=\"tw-data-text tw-ta tw-text-small\" dir=\"ltr\" style=\"text-align: center;\" data-placeholder=\"Ford\u00edt\u00e1s\"><span lang=\"de\" tabindex=\"0\">Wenn Sie nach einem Bus in Siofok und am Plattensee suchen:<\/span><\/h1>\n<p id=\"tw-target-text\" class=\"tw-data-text tw-ta tw-text-small\" dir=\"ltr\" style=\"text-align: center;\" data-placeholder=\"Ford\u00edt\u00e1s\"><span lang=\"de\" tabindex=\"0\"><strong>Taxi Siofok Info<\/strong> hilft Ihnen, wenn Sie einen <strong>Bus mieten<\/strong> oder transferieren m\u00f6chten! Der herausragende Partner ist der <strong>Mola Bus<\/strong>, der den besten Luxus von Mercedes-Benz Sprinter in der Region Siofok und am Plattensee hat! Es ist ratsam, sowohl Inlands- als auch Auslandsreisen zu verwenden! <a href=\"http:\/\/www.mola-bus.com\">http:\/\/www.mola-bus.com<\/a><\/span><\/p>\n<p class=\"tw-data-text tw-ta tw-text-small\" dir=\"ltr\" data-placeholder=\"Ford\u00edt\u00e1s\"><img loading=\"lazy\" decoding=\"async\" class=\"aligncenter size-full wp-image-254\" src=\"http:\/\/taxisiofok.info\/wp-content\/uploads\/2016\/05\/Buszb\u00e9rl\u00e9s-Si\u00f3fok.jpg\" alt=\"Luxusbusz a Balatonon \u00e9s Si\u00f3fokon!\" width=\"300\" height=\"225\" \/><\/p>","protected":false},"excerpt":{"rendered":"<p>Wenn Sie nach einem Bus in Siofok und am Plattensee suchen: Taxi Siofok Info hilft Ihnen, wenn Sie einen Bus mieten oder transferieren m\u00f6chten! Der herausragende Partner ist der Mola Bus, der den besten Luxus von Mercedes-Benz Sprinter in der Region Siofok und am Plattensee hat! Es ist ratsam, sowohl Inlands- als auch Auslandsreisen zu [&hellip;]<\/p>\n","protected":false},"author":2,"featured_media":0,"parent":0,"menu_order":0,"comment_status":"closed","ping_status":"closed","template":"","meta":{"footnotes":""},"yoast_head":"<!-- This site is optimized with the Yoast SEO plugin v23.0 - https:\/\/yoast.com\/wordpress\/plugins\/seo\/ -->\n<title>Busbestellung Siofok: Der beste Bus am Balaton<\/title>\n<meta name=\"description\" content=\"Busbestellung mit Fahrer in Si\u00f3fok und am Plattensee. Budapest Flughafentransfer mit Luxusbus. Taxi Info offizieller Partner ist Mola Bus.\" \/>\n<meta name=\"robots\" content=\"index, follow, max-snippet:-1, max-image-preview:large, max-video-preview:-1\" \/>\n<link rel=\"canonical\" href=\"https:\/\/taxisiofok.info\/buszberles\/\" \/>\n<meta property=\"og:locale\" content=\"de_DE\" \/>\n<meta property=\"og:type\" content=\"article\" \/>\n<meta property=\"og:title\" content=\"[:hu]Buszb\u00e9rl\u00e9s Si\u00f3fokon \u00e9s a Balaton partj\u00e1n[:en]Order a bus or minibus in Siofok and around the Lake Balaton.[:de]Busbestellung Siofok: Der beste Bus am Balaton[:]\" \/>\n<meta property=\"og:description\" content=\"{:hu}Luxus busz b\u00e9rl\u00e9se, el\u00e9rhet\u0151 \u00e1ron Si\u00f3fokon, a Balatonon \u00e9s annak k\u00f6rny\u00e9k\u00e9n! V\u00e1lassza a taxisiofok.info-t \u00e9s utazzon a k\u00f6rny\u00e9k legjobb busz\u00e1val!{:en}Order a private bus or minibus with a driver in Siofok and around the Lake Balaton. We provides you Budapest Airport transfers too. Luxury bus for you.{:de}Busbestellung mit Fahrer in Si\u00f3fok und am Plattensee. Budapest Flughafentransfer mit Luxusbus. Taxi Info offizieller Partner ist Mola Bus.{:}\" \/>\n<meta property=\"og:url\" content=\"https:\/\/taxisiofok.info\/buszberles\/\" \/>\n<meta property=\"og:site_name\" content=\"TAXI SIOFOK INFO\" \/>\n<meta property=\"article:publisher\" content=\"https:\/\/www.facebook.com\/taxisiofokinfo\/\" \/>\n<meta property=\"article:modified_time\" content=\"2026-01-26T21:26:11+00:00\" \/>\n<meta name=\"twitter:card\" content=\"summary_large_image\" \/>\n<meta name=\"twitter:site\" content=\"@taxisiofokinfo\" \/>\n<meta name=\"twitter:label1\" content=\"Gesch\u00e4tzte Lesezeit\" \/>\n\t<meta name=\"twitter:data1\" content=\"3\u00a0Minuten\" \/>\n<script type=\"application\/ld+json\" class=\"yoast-schema-graph\">{\"@context\":\"https:\/\/schema.org\",\"@graph\":[{\"@type\":\"WebPage\",\"@id\":\"https:\/\/taxisiofok.info\/buszberles\/\",\"url\":\"https:\/\/taxisiofok.info\/buszberles\/\",\"name\":\"[:hu]Buszb\u00e9rl\u00e9s Si\u00f3fokon \u00e9s a Balaton partj\u00e1n[:en]Order a bus or minibus in Siofok and around the Lake Balaton.[:de]Busbestellung Siofok: Der beste Bus am Balaton[:]\",\"isPartOf\":{\"@id\":\"https:\/\/taxisiofok.info\/#website\"},\"primaryImageOfPage\":{\"@id\":\"https:\/\/taxisiofok.info\/buszberles\/#primaryimage\"},\"image\":{\"@id\":\"https:\/\/taxisiofok.info\/buszberles\/#primaryimage\"},\"thumbnailUrl\":\"http:\/\/taxisiofok.info\/wp-content\/uploads\/2016\/05\/487983_614025231980232_1469237416_n-300x225.jpg\",\"datePublished\":\"2016-05-07T16:34:22+00:00\",\"dateModified\":\"2026-01-26T21:26:11+00:00\",\"description\":\"{:hu}Luxus busz b\u00e9rl\u00e9se, el\u00e9rhet\u0151 \u00e1ron Si\u00f3fokon, a Balatonon \u00e9s annak k\u00f6rny\u00e9k\u00e9n! V\u00e1lassza a taxisiofok.info-t \u00e9s utazzon a k\u00f6rny\u00e9k legjobb busz\u00e1val!{:en}Order a private bus or minibus with a driver in Siofok and around the Lake Balaton. We provides you Budapest Airport transfers too. Luxury bus for you.{:de}Busbestellung mit Fahrer in Si\u00f3fok und am Plattensee. Budapest Flughafentransfer mit Luxusbus. Taxi Info offizieller Partner ist Mola Bus.{:}\",\"breadcrumb\":{\"@id\":\"https:\/\/taxisiofok.info\/buszberles\/#breadcrumb\"},\"inLanguage\":\"de\",\"potentialAction\":[{\"@type\":\"ReadAction\",\"target\":[\"https:\/\/taxisiofok.info\/buszberles\/\"]}]},{\"@type\":\"ImageObject\",\"inLanguage\":\"de\",\"@id\":\"https:\/\/taxisiofok.info\/buszberles\/#primaryimage\",\"url\":\"http:\/\/taxisiofok.info\/wp-content\/uploads\/2016\/05\/487983_614025231980232_1469237416_n-300x225.jpg\",\"contentUrl\":\"http:\/\/taxisiofok.info\/wp-content\/uploads\/2016\/05\/487983_614025231980232_1469237416_n-300x225.jpg\"},{\"@type\":\"BreadcrumbList\",\"@id\":\"https:\/\/taxisiofok.info\/buszberles\/#breadcrumb\",\"itemListElement\":[{\"@type\":\"ListItem\",\"position\":1,\"name\":\"Home\",\"item\":\"https:\/\/taxisiofok.info\/\"},{\"@type\":\"ListItem\",\"position\":2,\"name\":\"Buszb\u00e9rl\u00e9s\"}]},{\"@type\":\"WebSite\",\"@id\":\"https:\/\/taxisiofok.info\/#website\",\"url\":\"https:\/\/taxisiofok.info\/\",\"name\":\"TAXI SIOFOK INFO\",\"description\":\"Taxi bestellen in Siofok\",\"potentialAction\":[{\"@type\":\"SearchAction\",\"target\":{\"@type\":\"EntryPoint\",\"urlTemplate\":\"https:\/\/taxisiofok.info\/?s={search_term_string}\"},\"query-input\":\"required name=search_term_string\"}],\"inLanguage\":\"de\"}]}<\/script>\n<!-- \/ Yoast SEO plugin. -->","yoast_head_json":{"title":"Busbestellung Siofok: Der beste Bus am Balaton","description":"Busbestellung mit Fahrer in Si\u00f3fok und am Plattensee. Budapest Flughafentransfer mit Luxusbus. Taxi Info offizieller Partner ist Mola Bus.","robots":{"index":"index","follow":"follow","max-snippet":"max-snippet:-1","max-image-preview":"max-image-preview:large","max-video-preview":"max-video-preview:-1"},"canonical":"https:\/\/taxisiofok.info\/buszberles\/","og_locale":"de_DE","og_type":"article","og_title":"[:hu]Buszb\u00e9rl\u00e9s Si\u00f3fokon \u00e9s a Balaton partj\u00e1n[:en]Order a bus or minibus in Siofok and around the Lake Balaton.[:de]Busbestellung Siofok: Der beste Bus am Balaton[:]","og_description":"{:hu}Luxus busz b\u00e9rl\u00e9se, el\u00e9rhet\u0151 \u00e1ron Si\u00f3fokon, a Balatonon \u00e9s annak k\u00f6rny\u00e9k\u00e9n! V\u00e1lassza a taxisiofok.info-t \u00e9s utazzon a k\u00f6rny\u00e9k legjobb busz\u00e1val!{:en}Order a private bus or minibus with a driver in Siofok and around the Lake Balaton. We provides you Budapest Airport transfers too. Luxury bus for you.{:de}Busbestellung mit Fahrer in Si\u00f3fok und am Plattensee. Budapest Flughafentransfer mit Luxusbus. Taxi Info offizieller Partner ist Mola Bus.{:}","og_url":"https:\/\/taxisiofok.info\/buszberles\/","og_site_name":"TAXI SIOFOK INFO","article_publisher":"https:\/\/www.facebook.com\/taxisiofokinfo\/","article_modified_time":"2026-01-26T21:26:11+00:00","twitter_card":"summary_large_image","twitter_site":"@taxisiofokinfo","twitter_misc":{"Gesch\u00e4tzte Lesezeit":"3\u00a0Minuten"},"schema":{"@context":"https:\/\/schema.org","@graph":[{"@type":"WebPage","@id":"https:\/\/taxisiofok.info\/buszberles\/","url":"https:\/\/taxisiofok.info\/buszberles\/","name":"[:hu]Buszb\u00e9rl\u00e9s Si\u00f3fokon \u00e9s a Balaton partj\u00e1n[:en]Order a bus or minibus in Siofok and around the Lake Balaton.[:de]Busbestellung Siofok: Der beste Bus am Balaton[:]","isPartOf":{"@id":"https:\/\/taxisiofok.info\/#website"},"primaryImageOfPage":{"@id":"https:\/\/taxisiofok.info\/buszberles\/#primaryimage"},"image":{"@id":"https:\/\/taxisiofok.info\/buszberles\/#primaryimage"},"thumbnailUrl":"http:\/\/taxisiofok.info\/wp-content\/uploads\/2016\/05\/487983_614025231980232_1469237416_n-300x225.jpg","datePublished":"2016-05-07T16:34:22+00:00","dateModified":"2026-01-26T21:26:11+00:00","description":"{:hu}Luxus busz b\u00e9rl\u00e9se, el\u00e9rhet\u0151 \u00e1ron Si\u00f3fokon, a Balatonon \u00e9s annak k\u00f6rny\u00e9k\u00e9n! V\u00e1lassza a taxisiofok.info-t \u00e9s utazzon a k\u00f6rny\u00e9k legjobb busz\u00e1val!{:en}Order a private bus or minibus with a driver in Siofok and around the Lake Balaton. We provides you Budapest Airport transfers too. Luxury bus for you.{:de}Busbestellung mit Fahrer in Si\u00f3fok und am Plattensee. Budapest Flughafentransfer mit Luxusbus. Taxi Info offizieller Partner ist Mola Bus.{:}","breadcrumb":{"@id":"https:\/\/taxisiofok.info\/buszberles\/#breadcrumb"},"inLanguage":"de","potentialAction":[{"@type":"ReadAction","target":["https:\/\/taxisiofok.info\/buszberles\/"]}]},{"@type":"ImageObject","inLanguage":"de","@id":"https:\/\/taxisiofok.info\/buszberles\/#primaryimage","url":"http:\/\/taxisiofok.info\/wp-content\/uploads\/2016\/05\/487983_614025231980232_1469237416_n-300x225.jpg","contentUrl":"http:\/\/taxisiofok.info\/wp-content\/uploads\/2016\/05\/487983_614025231980232_1469237416_n-300x225.jpg"},{"@type":"BreadcrumbList","@id":"https:\/\/taxisiofok.info\/buszberles\/#breadcrumb","itemListElement":[{"@type":"ListItem","position":1,"name":"Home","item":"https:\/\/taxisiofok.info\/"},{"@type":"ListItem","position":2,"name":"Buszb\u00e9rl\u00e9s"}]},{"@type":"WebSite","@id":"https:\/\/taxisiofok.info\/#website","url":"https:\/\/taxisiofok.info\/","name":"TAXI SIOFOK INFO","description":"Taxi bestellen in Siofok","potentialAction":[{"@type":"SearchAction","target":{"@type":"EntryPoint","urlTemplate":"https:\/\/taxisiofok.info\/?s={search_term_string}"},"query-input":"required name=search_term_string"}],"inLanguage":"de"}]}},"_links":{"self":[{"href":"https:\/\/taxisiofok.info\/de\/wp-json\/wp\/v2\/pages\/70"}],"collection":[{"href":"https:\/\/taxisiofok.info\/de\/wp-json\/wp\/v2\/pages"}],"about":[{"href":"https:\/\/taxisiofok.info\/de\/wp-json\/wp\/v2\/types\/page"}],"author":[{"embeddable":true,"href":"https:\/\/taxisiofok.info\/de\/wp-json\/wp\/v2\/users\/2"}],"replies":[{"embeddable":true,"href":"https:\/\/taxisiofok.info\/de\/wp-json\/wp\/v2\/comments?post=70"}],"version-history":[{"count":5,"href":"https:\/\/taxisiofok.info\/de\/wp-json\/wp\/v2\/pages\/70\/revisions"}],"predecessor-version":[{"id":673,"href":"https:\/\/taxisiofok.info\/de\/wp-json\/wp\/v2\/pages\/70\/revisions\/673"}],"wp:attachment":[{"href":"https:\/\/taxisiofok.info\/de\/wp-json\/wp\/v2\/media?parent=70"}],"curies":[{"name":"wp","href":"https:\/\/api.w.org\/{rel}","templated":true}]}}