{"id":83,"date":"2016-05-08T08:39:00","date_gmt":"2016-05-08T08:39:00","guid":{"rendered":"http:\/\/taxisiofok.info\/?page_id=83"},"modified":"2026-01-26T22:00:11","modified_gmt":"2026-01-26T22:00:11","slug":"budapest-siofok","status":"publish","type":"page","link":"https:\/\/taxisiofok.info\/de\/flughafentransfer\/budapest-siofok\/","title":{"rendered":"Budapest &#8211; Siofok"},"content":{"rendered":"<h1>Taxitransfers vom Flughafen Budapest nach Siofok.<\/h1>\n<h2>Wie komme ich vom Flughafen Budapest (BUD) nach Siofok? W\u00e4hlen Sie den besten Shuttleservice in Siofok.<\/h2>\n<p>Wenn Sie f\u00fcr einen Urlaub oder eine Gesch\u00e4ftsreise nach <strong>Siofok<\/strong> kommen, landet Ihr Flugzeug am <strong>Flughafen Budapest (BUD)<\/strong>.<\/p>\n<p>Die beste Wahl ist ein <strong>Taxi<\/strong> oder einen Minibus zu bestellen, so dass Sie schnell und sicher nach Siofok reisen. Sie m\u00fcssen sich nicht mit Ihren Koffern besch\u00e4ftigen.<\/p>\n<p>Die Entfernung zwischen dem Flughafen Budapest und Siofok betr\u00e4gt 130 Kilometer. Die Fahrzeit betr\u00e4gt je nach Verkehr ca. 90 Minuten.<\/p>\n<h3>Wie bestelle ich den Flughafentransfer?<\/h3>\n<ul>\n<li>Fordern Sie ein <a href=\"https:\/\/taxisiofok.info\/de\/kontakt\/\">kostenloses Angebot<\/a> per E-Mail an.<\/li>\n<li>Wir geben Ihnen ein Angebot zu Ihrer E-Mail.<\/li>\n<li>Wenn dieses Angebot gut f\u00fcr Sie ist, bestellen Sie die Fahrt bitte per E-Mail.<\/li>\n<li>Wir best\u00e4tigen Ihre Bestellung. Wir bitten nicht im Voraus um Geld. Sie sollten den Fahrer in bar bezahlen.<\/li>\n<li>Wir treffen Sie am Terminalausgang. Der Fahrer erwartet Sie mit einer Tabelle, auf der Ihr Name steht.<\/li>\n<\/ul>\n<h3>Warum sind wir die beste Wahl f\u00fcr Ihren Transfer vom Flughafen Budapest nach Siofok?<\/h3>\n<ul>\n<li>Sie k\u00f6nnen zwischen Taxi (maximal 4 Personen), Minibus (maximal 7 Personen) und Bus (maximal 20 Personen) w\u00e4hlen.<\/li>\n<li>Wir arbeiten mit modernen Autos. (VW Caravelle, Opel Zafira, Mercedes-Benz Sprinter)<\/li>\n<li>Unsere Shuttlebusse sind immer sauber<\/li>\n<li>Die Fahrer k\u00f6nnen Englisch und Deutsch sprechen.<\/li>\n<li>Wir sind zuverl\u00e4ssige und sichere Fahrer<\/li>\n<\/ul>\n<p><a href=\"http:\/\/siofok.hu\">Klicken Sie hier zur offiziellen Website von Siofok.<\/a><\/p>\n<p>Vielen Dank f\u00fcr Ihre Bestellung! Viele Gr\u00fc\u00dfe aus Siofok.<\/p>\n<p><img loading=\"lazy\" decoding=\"async\" class=\"aligncenter size-full wp-image-322\" src=\"http:\/\/taxisiofok.info\/wp-content\/uploads\/2016\/05\/Taxisiofoklogo.jpg\" alt=\"taxi si\u00f3fok info logo\" width=\"345\" height=\"197\" srcset=\"https:\/\/taxisiofok.info\/wp-content\/uploads\/2016\/05\/Taxisiofoklogo.jpg 345w, https:\/\/taxisiofok.info\/wp-content\/uploads\/2016\/05\/Taxisiofoklogo-300x171.jpg 300w\" sizes=\"(max-width: 345px) 100vw, 345px\" \/>","protected":false},"excerpt":{"rendered":"<p>Taxitransfers vom Flughafen Budapest nach Siofok. Wie komme ich vom Flughafen Budapest (BUD) nach Siofok? W\u00e4hlen Sie den besten Shuttleservice in Siofok. Wenn Sie f\u00fcr einen Urlaub oder eine Gesch\u00e4ftsreise nach Siofok kommen, landet Ihr Flugzeug am Flughafen Budapest (BUD). Die beste Wahl ist ein Taxi oder einen Minibus zu bestellen, so dass Sie schnell [&hellip;]<\/p>\n","protected":false},"author":2,"featured_media":0,"parent":21,"menu_order":0,"comment_status":"closed","ping_status":"closed","template":"","meta":{"footnotes":""},"yoast_head":"<!-- This site is optimized with the Yoast SEO plugin v23.0 - https:\/\/yoast.com\/wordpress\/plugins\/seo\/ -->\n<title>Taxitransfer zwischen dem Flughafen Budapest und Siofok<\/title>\n<meta name=\"description\" content=\"Bestellen Sie Ihren Taxitransfer von unserem Shuttleservice vom Flughafen Budapest nach Siofok. W\u00e4hlen Sie den bequemsten und sichersten Weg f\u00fcr Ihre Reise.\" \/>\n<meta name=\"robots\" content=\"index, follow, max-snippet:-1, max-image-preview:large, max-video-preview:-1\" \/>\n<link rel=\"canonical\" href=\"https:\/\/taxisiofok.info\/repter-transzfer\/budapest-siofok\/\" \/>\n<meta property=\"og:locale\" content=\"de_DE\" \/>\n<meta property=\"og:type\" content=\"article\" \/>\n<meta property=\"og:title\" content=\"[:hu]Utazzon taxival a budapesti rept\u00e9r \u00e9s Si\u00f3fok k\u00f6z\u00f6tt![:en]Taxi transfer between Budapest Airport and Siofok[:de] Taxitransfer zwischen dem Flughafen Budapest und Siofok[:]\" \/>\n<meta property=\"og:description\" content=\"{:hu}Foglalja le most taxis rept\u00e9r transzfer\u00e9t Budapest \u00e9s Si\u00f3fok k\u00f6z\u00f6tt! Utazzon k\u00e9nyelmes, nagy csomagter\u0171, ak\u00e1r 6 utas sz\u00e1m\u00e1ra is megfelel\u0151 aut\u00f3val!{:en}Order your taxi transfer from our shuttle service from Budapest Airport to Siofok. Chose the most comfortable and safty way for your travel. Click here.{:de}Bestellen Sie Ihren Taxitransfer von unserem Shuttleservice vom Flughafen Budapest nach Siofok. W\u00e4hlen Sie den bequemsten und sichersten Weg f\u00fcr Ihre Reise.{:}\" \/>\n<meta property=\"og:url\" content=\"https:\/\/taxisiofok.info\/repter-transzfer\/budapest-siofok\/\" \/>\n<meta property=\"og:site_name\" content=\"TAXI SIOFOK INFO\" \/>\n<meta property=\"article:publisher\" content=\"https:\/\/www.facebook.com\/taxisiofokinfo\/\" \/>\n<meta property=\"article:modified_time\" content=\"2026-01-26T22:00:11+00:00\" \/>\n<meta name=\"twitter:card\" content=\"summary_large_image\" \/>\n<meta name=\"twitter:site\" content=\"@taxisiofokinfo\" \/>\n<meta name=\"twitter:label1\" content=\"Gesch\u00e4tzte Lesezeit\" \/>\n\t<meta name=\"twitter:data1\" content=\"5\u00a0Minuten\" \/>\n<script type=\"application\/ld+json\" class=\"yoast-schema-graph\">{\"@context\":\"https:\/\/schema.org\",\"@graph\":[{\"@type\":\"WebPage\",\"@id\":\"https:\/\/taxisiofok.info\/repter-transzfer\/budapest-siofok\/\",\"url\":\"https:\/\/taxisiofok.info\/repter-transzfer\/budapest-siofok\/\",\"name\":\"[:hu]Utazzon taxival a budapesti rept\u00e9r \u00e9s Si\u00f3fok k\u00f6z\u00f6tt![:en]Taxi transfer between Budapest Airport and Siofok[:de] Taxitransfer zwischen dem Flughafen Budapest und Siofok[:]\",\"isPartOf\":{\"@id\":\"https:\/\/taxisiofok.info\/#website\"},\"primaryImageOfPage\":{\"@id\":\"https:\/\/taxisiofok.info\/repter-transzfer\/budapest-siofok\/#primaryimage\"},\"image\":{\"@id\":\"https:\/\/taxisiofok.info\/repter-transzfer\/budapest-siofok\/#primaryimage\"},\"thumbnailUrl\":\"http:\/\/taxisiofok.info\/wp-content\/uploads\/2016\/05\/Taxisiofoklogo.jpg\",\"datePublished\":\"2016-05-08T08:39:00+00:00\",\"dateModified\":\"2026-01-26T22:00:11+00:00\",\"description\":\"{:hu}Foglalja le most taxis rept\u00e9r transzfer\u00e9t Budapest \u00e9s Si\u00f3fok k\u00f6z\u00f6tt! Utazzon k\u00e9nyelmes, nagy csomagter\u0171, ak\u00e1r 6 utas sz\u00e1m\u00e1ra is megfelel\u0151 aut\u00f3val!{:en}Order your taxi transfer from our shuttle service from Budapest Airport to Siofok. Chose the most comfortable and safty way for your travel. Click here.{:de}Bestellen Sie Ihren Taxitransfer von unserem Shuttleservice vom Flughafen Budapest nach Siofok. W\u00e4hlen Sie den bequemsten und sichersten Weg f\u00fcr Ihre Reise.{:}\",\"breadcrumb\":{\"@id\":\"https:\/\/taxisiofok.info\/repter-transzfer\/budapest-siofok\/#breadcrumb\"},\"inLanguage\":\"de\",\"potentialAction\":[{\"@type\":\"ReadAction\",\"target\":[\"https:\/\/taxisiofok.info\/repter-transzfer\/budapest-siofok\/\"]}]},{\"@type\":\"ImageObject\",\"inLanguage\":\"de\",\"@id\":\"https:\/\/taxisiofok.info\/repter-transzfer\/budapest-siofok\/#primaryimage\",\"url\":\"http:\/\/taxisiofok.info\/wp-content\/uploads\/2016\/05\/Taxisiofoklogo.jpg\",\"contentUrl\":\"http:\/\/taxisiofok.info\/wp-content\/uploads\/2016\/05\/Taxisiofoklogo.jpg\"},{\"@type\":\"BreadcrumbList\",\"@id\":\"https:\/\/taxisiofok.info\/repter-transzfer\/budapest-siofok\/#breadcrumb\",\"itemListElement\":[{\"@type\":\"ListItem\",\"position\":1,\"name\":\"Home\",\"item\":\"https:\/\/taxisiofok.info\/\"},{\"@type\":\"ListItem\",\"position\":2,\"name\":\"Budapest rept\u00e9r transzfer\",\"item\":\"https:\/\/taxisiofok.info\/repter-transzfer\/\"},{\"@type\":\"ListItem\",\"position\":3,\"name\":\"Budapest &#8211; Si\u00f3fok\"}]},{\"@type\":\"WebSite\",\"@id\":\"https:\/\/taxisiofok.info\/#website\",\"url\":\"https:\/\/taxisiofok.info\/\",\"name\":\"TAXI SIOFOK INFO\",\"description\":\"Taxi bestellen in Siofok\",\"potentialAction\":[{\"@type\":\"SearchAction\",\"target\":{\"@type\":\"EntryPoint\",\"urlTemplate\":\"https:\/\/taxisiofok.info\/?s={search_term_string}\"},\"query-input\":\"required name=search_term_string\"}],\"inLanguage\":\"de\"}]}<\/script>\n<!-- \/ Yoast SEO plugin. -->","yoast_head_json":{"title":"Taxitransfer zwischen dem Flughafen Budapest und Siofok","description":"Bestellen Sie Ihren Taxitransfer von unserem Shuttleservice vom Flughafen Budapest nach Siofok. W\u00e4hlen Sie den bequemsten und sichersten Weg f\u00fcr Ihre Reise.","robots":{"index":"index","follow":"follow","max-snippet":"max-snippet:-1","max-image-preview":"max-image-preview:large","max-video-preview":"max-video-preview:-1"},"canonical":"https:\/\/taxisiofok.info\/repter-transzfer\/budapest-siofok\/","og_locale":"de_DE","og_type":"article","og_title":"[:hu]Utazzon taxival a budapesti rept\u00e9r \u00e9s Si\u00f3fok k\u00f6z\u00f6tt![:en]Taxi transfer between Budapest Airport and Siofok[:de] Taxitransfer zwischen dem Flughafen Budapest und Siofok[:]","og_description":"{:hu}Foglalja le most taxis rept\u00e9r transzfer\u00e9t Budapest \u00e9s Si\u00f3fok k\u00f6z\u00f6tt! Utazzon k\u00e9nyelmes, nagy csomagter\u0171, ak\u00e1r 6 utas sz\u00e1m\u00e1ra is megfelel\u0151 aut\u00f3val!{:en}Order your taxi transfer from our shuttle service from Budapest Airport to Siofok. Chose the most comfortable and safty way for your travel. Click here.{:de}Bestellen Sie Ihren Taxitransfer von unserem Shuttleservice vom Flughafen Budapest nach Siofok. W\u00e4hlen Sie den bequemsten und sichersten Weg f\u00fcr Ihre Reise.{:}","og_url":"https:\/\/taxisiofok.info\/repter-transzfer\/budapest-siofok\/","og_site_name":"TAXI SIOFOK INFO","article_publisher":"https:\/\/www.facebook.com\/taxisiofokinfo\/","article_modified_time":"2026-01-26T22:00:11+00:00","twitter_card":"summary_large_image","twitter_site":"@taxisiofokinfo","twitter_misc":{"Gesch\u00e4tzte Lesezeit":"5\u00a0Minuten"},"schema":{"@context":"https:\/\/schema.org","@graph":[{"@type":"WebPage","@id":"https:\/\/taxisiofok.info\/repter-transzfer\/budapest-siofok\/","url":"https:\/\/taxisiofok.info\/repter-transzfer\/budapest-siofok\/","name":"[:hu]Utazzon taxival a budapesti rept\u00e9r \u00e9s Si\u00f3fok k\u00f6z\u00f6tt![:en]Taxi transfer between Budapest Airport and Siofok[:de] Taxitransfer zwischen dem Flughafen Budapest und Siofok[:]","isPartOf":{"@id":"https:\/\/taxisiofok.info\/#website"},"primaryImageOfPage":{"@id":"https:\/\/taxisiofok.info\/repter-transzfer\/budapest-siofok\/#primaryimage"},"image":{"@id":"https:\/\/taxisiofok.info\/repter-transzfer\/budapest-siofok\/#primaryimage"},"thumbnailUrl":"http:\/\/taxisiofok.info\/wp-content\/uploads\/2016\/05\/Taxisiofoklogo.jpg","datePublished":"2016-05-08T08:39:00+00:00","dateModified":"2026-01-26T22:00:11+00:00","description":"{:hu}Foglalja le most taxis rept\u00e9r transzfer\u00e9t Budapest \u00e9s Si\u00f3fok k\u00f6z\u00f6tt! Utazzon k\u00e9nyelmes, nagy csomagter\u0171, ak\u00e1r 6 utas sz\u00e1m\u00e1ra is megfelel\u0151 aut\u00f3val!{:en}Order your taxi transfer from our shuttle service from Budapest Airport to Siofok. Chose the most comfortable and safty way for your travel. Click here.{:de}Bestellen Sie Ihren Taxitransfer von unserem Shuttleservice vom Flughafen Budapest nach Siofok. W\u00e4hlen Sie den bequemsten und sichersten Weg f\u00fcr Ihre Reise.{:}","breadcrumb":{"@id":"https:\/\/taxisiofok.info\/repter-transzfer\/budapest-siofok\/#breadcrumb"},"inLanguage":"de","potentialAction":[{"@type":"ReadAction","target":["https:\/\/taxisiofok.info\/repter-transzfer\/budapest-siofok\/"]}]},{"@type":"ImageObject","inLanguage":"de","@id":"https:\/\/taxisiofok.info\/repter-transzfer\/budapest-siofok\/#primaryimage","url":"http:\/\/taxisiofok.info\/wp-content\/uploads\/2016\/05\/Taxisiofoklogo.jpg","contentUrl":"http:\/\/taxisiofok.info\/wp-content\/uploads\/2016\/05\/Taxisiofoklogo.jpg"},{"@type":"BreadcrumbList","@id":"https:\/\/taxisiofok.info\/repter-transzfer\/budapest-siofok\/#breadcrumb","itemListElement":[{"@type":"ListItem","position":1,"name":"Home","item":"https:\/\/taxisiofok.info\/"},{"@type":"ListItem","position":2,"name":"Budapest rept\u00e9r transzfer","item":"https:\/\/taxisiofok.info\/repter-transzfer\/"},{"@type":"ListItem","position":3,"name":"Budapest &#8211; Si\u00f3fok"}]},{"@type":"WebSite","@id":"https:\/\/taxisiofok.info\/#website","url":"https:\/\/taxisiofok.info\/","name":"TAXI SIOFOK INFO","description":"Taxi bestellen in Siofok","potentialAction":[{"@type":"SearchAction","target":{"@type":"EntryPoint","urlTemplate":"https:\/\/taxisiofok.info\/?s={search_term_string}"},"query-input":"required name=search_term_string"}],"inLanguage":"de"}]}},"_links":{"self":[{"href":"https:\/\/taxisiofok.info\/de\/wp-json\/wp\/v2\/pages\/83"}],"collection":[{"href":"https:\/\/taxisiofok.info\/de\/wp-json\/wp\/v2\/pages"}],"about":[{"href":"https:\/\/taxisiofok.info\/de\/wp-json\/wp\/v2\/types\/page"}],"author":[{"embeddable":true,"href":"https:\/\/taxisiofok.info\/de\/wp-json\/wp\/v2\/users\/2"}],"replies":[{"embeddable":true,"href":"https:\/\/taxisiofok.info\/de\/wp-json\/wp\/v2\/comments?post=83"}],"version-history":[{"count":8,"href":"https:\/\/taxisiofok.info\/de\/wp-json\/wp\/v2\/pages\/83\/revisions"}],"predecessor-version":[{"id":561,"href":"https:\/\/taxisiofok.info\/de\/wp-json\/wp\/v2\/pages\/83\/revisions\/561"}],"up":[{"embeddable":true,"href":"https:\/\/taxisiofok.info\/de\/wp-json\/wp\/v2\/pages\/21"}],"wp:attachment":[{"href":"https:\/\/taxisiofok.info\/de\/wp-json\/wp\/v2\/media?parent=83"}],"curies":[{"name":"wp","href":"https:\/\/api.w.org\/{rel}","templated":true}]}}