{"id":89,"date":"2016-05-08T08:42:00","date_gmt":"2016-05-08T08:42:00","guid":{"rendered":"http:\/\/taxisiofok.info\/?page_id=89"},"modified":"2026-01-27T00:05:16","modified_gmt":"2026-01-27T00:05:16","slug":"budapest-balaton","status":"publish","type":"page","link":"https:\/\/taxisiofok.info\/de\/flughafentransfer\/budapest-balaton\/","title":{"rendered":"Budapest &#8211; Balaton"},"content":{"rendered":"<h1 id=\"tw-target-text\" class=\"tw-data-text tw-ta tw-text-small\" dir=\"ltr\" data-placeholder=\"Ford\u00edt\u00e1s\"><span lang=\"de\" tabindex=\"0\">Taxi- oder Minibustransfers vom Flughafen Budapest zum Plattensee. <\/span><\/h1>\n<h2 class=\"tw-data-text tw-ta tw-text-small\" dir=\"ltr\" data-placeholder=\"Ford\u00edt\u00e1s\"><span lang=\"de\" tabindex=\"0\">Sie fragen sich, wie Sie vom Flughafen Budapest (BUD) zum Plattensee gelangen? W\u00e4hlen Sie den besten Shuttle-Service rund um den Balaton.<\/span><\/h2>\n<p>Wenn Sie am Plattensee Urlaub machen, landet Ihr Flugzeug am Flughafen Budapest (BUD).<\/p>\n<p>Die beste Wahl ist ein Taxi oder einen Minibus zu bestellen, damit Sie schnell und sicher in Ihre Stadt am Balaton gelangen. Sie m\u00fcssen sich nicht mit Ihren Koffern besch\u00e4ftigen.<\/p>\n<h3 style=\"text-align: center;\">Wie bestelle ich den Flughafentransfer?<\/h3>\n<ul>\n<li>Fordern Sie ein <a href=\"https:\/\/taxisiofok.info\/de\/kontakt\/\">kostenloses Angebot<\/a> per E-Mail an.<\/li>\n<li>Wir geben Ihnen ein Angebot zu Ihrer E-Mail.<\/li>\n<li>Wenn dieses Angebot gut f\u00fcr Sie ist, bestellen Sie die Fahrt bitte per E-Mail.<\/li>\n<li>Wir best\u00e4tigen Ihre Bestellung. Wir verlangen kein Geld im Voraus. Sie sollten den Fahrer in bar bezahlen.<\/li>\n<li>Wir treffen Sie am Terminalausgang. Der Fahrer erwartet Sie mit einer Tabelle, auf der Ihr Name steht.<\/li>\n<\/ul>\n<h3 style=\"text-align: center;\">Warum ist unser Shuttleservice die beste Wahl, um vom Flughafen Budapest zum Balaton zu reisen?<\/h3>\n<ul>\n<li style=\"text-align: left;\">Sie k\u00f6nnen zwischen Taxi (maximal 4 Personen), Minibus (maximal 7 Personen) und Bus (maximal 20 Personen) w\u00e4hlen.<\/li>\n<li style=\"text-align: left;\">Wir arbeiten mit modernen Autos. (VW Caravelle, Opel Zafira, Mercedes-Benz Sprinter)<\/li>\n<li style=\"text-align: left;\">Unsere Shuttlebusse sind immer sauber<\/li>\n<li style=\"text-align: left;\">Die Fahrer k\u00f6nnen Englisch und Deutsch sprechen.<\/li>\n<li style=\"text-align: left;\">Wir sind zuverl\u00e4ssige und sichere Fahrer<\/li>\n<\/ul>\n<h3 style=\"text-align: center;\">Hier sind einige St\u00e4dte am Plattensee:<\/h3>\n<ul>\n<li>Balatonfured<\/li>\n<li>Tihany<\/li>\n<li>Balatonlelle<\/li>\n<li>Balatonboglar<\/li>\n<li>Zamardi<\/li>\n<li>Keszthely<\/li>\n<li>Heviz<\/li>\n<li>Balatonalmadi<\/li>\n<li>Balatonvilagos<\/li>\n<li>Balatonfoldvar<\/li>\n<li>Fonyod<\/li>\n<li>Balatonkenese<\/li>\n<li>Zanka<\/li>\n<li>Balatonszarszo<\/li>\n<li>Balatonszemes<\/li>\n<li>Vonyarcvashegy<\/li>\n<li>Badacsony<\/li>\n<li>Balatonfenyves<\/li>\n<\/ul>\n<p style=\"text-align: center;\">Vielen Dank f\u00fcr Ihre Bestellung! Viele Gr\u00fc\u00dfe aus Siofok.<\/p>\n<p style=\"text-align: center;\"><img loading=\"lazy\" decoding=\"async\" class=\"aligncenter size-full wp-image-322\" src=\"http:\/\/taxisiofok.info\/wp-content\/uploads\/2016\/05\/Taxisiofoklogo.jpg\" alt=\"taxi si\u00f3fok info logo\" width=\"345\" height=\"197\" srcset=\"https:\/\/taxisiofok.info\/wp-content\/uploads\/2016\/05\/Taxisiofoklogo.jpg 345w, https:\/\/taxisiofok.info\/wp-content\/uploads\/2016\/05\/Taxisiofoklogo-300x171.jpg 300w\" sizes=\"(max-width: 345px) 100vw, 345px\" \/><\/p>","protected":false},"excerpt":{"rendered":"<p>Taxi- oder Minibustransfers vom Flughafen Budapest zum Plattensee. Sie fragen sich, wie Sie vom Flughafen Budapest (BUD) zum Plattensee gelangen? W\u00e4hlen Sie den besten Shuttle-Service rund um den Balaton. Wenn Sie am Plattensee Urlaub machen, landet Ihr Flugzeug am Flughafen Budapest (BUD). Die beste Wahl ist ein Taxi oder einen Minibus zu bestellen, damit Sie [&hellip;]<\/p>\n","protected":false},"author":2,"featured_media":0,"parent":21,"menu_order":0,"comment_status":"closed","ping_status":"closed","template":"","meta":{"footnotes":""},"yoast_head":"<!-- This site is optimized with the Yoast SEO plugin v23.0 - https:\/\/yoast.com\/wordpress\/plugins\/seo\/ -->\n<title>Flughafentransfer zwischen Budapest und Balaton<\/title>\n<meta name=\"description\" content=\"Bestellen Sie Ihren Flughafentransfer zwischen Budapest und dem Plattensee. W\u00e4hlen Sie ein Taxi, einen Minibus oder einen Bus f\u00fcr Ihre Reise.\" \/>\n<meta name=\"robots\" content=\"index, follow, max-snippet:-1, max-image-preview:large, max-video-preview:-1\" \/>\n<link rel=\"canonical\" href=\"https:\/\/taxisiofok.info\/repter-transzfer\/budapest-balaton\/\" \/>\n<meta property=\"og:locale\" content=\"de_DE\" \/>\n<meta property=\"og:type\" content=\"article\" \/>\n<meta property=\"og:title\" content=\"[:hu]Budapest Rept\u00e9r transzfer a Balaton v\u00e1rosaiba[:de]Flughafentransfer zwischen Budapest und Balaton[:]\" \/>\n<meta property=\"og:description\" content=\"{:hu}Utazzon vel\u00fcnk a Budapesti Rept\u00e9r \u00e9s Balaton v\u00e1rosai k\u00f6z\u00f6tt! Transzferek Balatonf\u00fcred, Tihany, Balatonlelle, Balatonf\u00f6ldv\u00e1r, Zam\u00e1rdi \u00e9s Budapest k\u00f6z\u00f6tt!{:de}Bestellen Sie Ihren Flughafentransfer zwischen Budapest und dem Plattensee. W\u00e4hlen Sie ein Taxi, einen Minibus oder einen Bus f\u00fcr Ihre Reise.{:}\" \/>\n<meta property=\"og:url\" content=\"https:\/\/taxisiofok.info\/repter-transzfer\/budapest-balaton\/\" \/>\n<meta property=\"og:site_name\" content=\"TAXI SIOFOK INFO\" \/>\n<meta property=\"article:publisher\" content=\"https:\/\/www.facebook.com\/taxisiofokinfo\/\" \/>\n<meta property=\"article:modified_time\" content=\"2026-01-27T00:05:16+00:00\" \/>\n<meta property=\"og:image\" content=\"http:\/\/taxisiofok.info\/wp-content\/uploads\/2017\/01\/Budapest-Balaton-Taxi-Transfer-300x171.png\" \/>\n<meta name=\"twitter:card\" content=\"summary_large_image\" \/>\n<meta name=\"twitter:site\" content=\"@taxisiofokinfo\" \/>\n<meta name=\"twitter:label1\" content=\"Gesch\u00e4tzte Lesezeit\" \/>\n\t<meta name=\"twitter:data1\" content=\"4\u00a0Minuten\" \/>\n<script type=\"application\/ld+json\" class=\"yoast-schema-graph\">{\"@context\":\"https:\/\/schema.org\",\"@graph\":[{\"@type\":\"WebPage\",\"@id\":\"https:\/\/taxisiofok.info\/repter-transzfer\/budapest-balaton\/\",\"url\":\"https:\/\/taxisiofok.info\/repter-transzfer\/budapest-balaton\/\",\"name\":\"[:hu]Budapest Rept\u00e9r transzfer a Balaton v\u00e1rosaiba[:de]Flughafentransfer zwischen Budapest und Balaton[:]\",\"isPartOf\":{\"@id\":\"https:\/\/taxisiofok.info\/#website\"},\"primaryImageOfPage\":{\"@id\":\"https:\/\/taxisiofok.info\/repter-transzfer\/budapest-balaton\/#primaryimage\"},\"image\":{\"@id\":\"https:\/\/taxisiofok.info\/repter-transzfer\/budapest-balaton\/#primaryimage\"},\"thumbnailUrl\":\"http:\/\/taxisiofok.info\/wp-content\/uploads\/2017\/01\/Budapest-Balaton-Taxi-Transfer-300x171.png\",\"datePublished\":\"2016-05-08T08:42:00+00:00\",\"dateModified\":\"2026-01-27T00:05:16+00:00\",\"description\":\"{:hu}Utazzon vel\u00fcnk a Budapesti Rept\u00e9r \u00e9s Balaton v\u00e1rosai k\u00f6z\u00f6tt! Transzferek Balatonf\u00fcred, Tihany, Balatonlelle, Balatonf\u00f6ldv\u00e1r, Zam\u00e1rdi \u00e9s Budapest k\u00f6z\u00f6tt!{:de}Bestellen Sie Ihren Flughafentransfer zwischen Budapest und dem Plattensee. W\u00e4hlen Sie ein Taxi, einen Minibus oder einen Bus f\u00fcr Ihre Reise.{:}\",\"breadcrumb\":{\"@id\":\"https:\/\/taxisiofok.info\/repter-transzfer\/budapest-balaton\/#breadcrumb\"},\"inLanguage\":\"de\",\"potentialAction\":[{\"@type\":\"ReadAction\",\"target\":[\"https:\/\/taxisiofok.info\/repter-transzfer\/budapest-balaton\/\"]}]},{\"@type\":\"ImageObject\",\"inLanguage\":\"de\",\"@id\":\"https:\/\/taxisiofok.info\/repter-transzfer\/budapest-balaton\/#primaryimage\",\"url\":\"http:\/\/taxisiofok.info\/wp-content\/uploads\/2017\/01\/Budapest-Balaton-Taxi-Transfer-300x171.png\",\"contentUrl\":\"http:\/\/taxisiofok.info\/wp-content\/uploads\/2017\/01\/Budapest-Balaton-Taxi-Transfer-300x171.png\"},{\"@type\":\"BreadcrumbList\",\"@id\":\"https:\/\/taxisiofok.info\/repter-transzfer\/budapest-balaton\/#breadcrumb\",\"itemListElement\":[{\"@type\":\"ListItem\",\"position\":1,\"name\":\"Home\",\"item\":\"https:\/\/taxisiofok.info\/\"},{\"@type\":\"ListItem\",\"position\":2,\"name\":\"Budapest rept\u00e9r transzfer\",\"item\":\"https:\/\/taxisiofok.info\/repter-transzfer\/\"},{\"@type\":\"ListItem\",\"position\":3,\"name\":\"Budapest &#8211; Balaton\"}]},{\"@type\":\"WebSite\",\"@id\":\"https:\/\/taxisiofok.info\/#website\",\"url\":\"https:\/\/taxisiofok.info\/\",\"name\":\"TAXI SIOFOK INFO\",\"description\":\"Taxi bestellen in Siofok\",\"potentialAction\":[{\"@type\":\"SearchAction\",\"target\":{\"@type\":\"EntryPoint\",\"urlTemplate\":\"https:\/\/taxisiofok.info\/?s={search_term_string}\"},\"query-input\":\"required name=search_term_string\"}],\"inLanguage\":\"de\"}]}<\/script>\n<!-- \/ Yoast SEO plugin. -->","yoast_head_json":{"title":"Flughafentransfer zwischen Budapest und Balaton","description":"Bestellen Sie Ihren Flughafentransfer zwischen Budapest und dem Plattensee. W\u00e4hlen Sie ein Taxi, einen Minibus oder einen Bus f\u00fcr Ihre Reise.","robots":{"index":"index","follow":"follow","max-snippet":"max-snippet:-1","max-image-preview":"max-image-preview:large","max-video-preview":"max-video-preview:-1"},"canonical":"https:\/\/taxisiofok.info\/repter-transzfer\/budapest-balaton\/","og_locale":"de_DE","og_type":"article","og_title":"[:hu]Budapest Rept\u00e9r transzfer a Balaton v\u00e1rosaiba[:de]Flughafentransfer zwischen Budapest und Balaton[:]","og_description":"{:hu}Utazzon vel\u00fcnk a Budapesti Rept\u00e9r \u00e9s Balaton v\u00e1rosai k\u00f6z\u00f6tt! Transzferek Balatonf\u00fcred, Tihany, Balatonlelle, Balatonf\u00f6ldv\u00e1r, Zam\u00e1rdi \u00e9s Budapest k\u00f6z\u00f6tt!{:de}Bestellen Sie Ihren Flughafentransfer zwischen Budapest und dem Plattensee. W\u00e4hlen Sie ein Taxi, einen Minibus oder einen Bus f\u00fcr Ihre Reise.{:}","og_url":"https:\/\/taxisiofok.info\/repter-transzfer\/budapest-balaton\/","og_site_name":"TAXI SIOFOK INFO","article_publisher":"https:\/\/www.facebook.com\/taxisiofokinfo\/","article_modified_time":"2026-01-27T00:05:16+00:00","og_image":[{"url":"http:\/\/taxisiofok.info\/wp-content\/uploads\/2017\/01\/Budapest-Balaton-Taxi-Transfer-300x171.png"}],"twitter_card":"summary_large_image","twitter_site":"@taxisiofokinfo","twitter_misc":{"Gesch\u00e4tzte Lesezeit":"4\u00a0Minuten"},"schema":{"@context":"https:\/\/schema.org","@graph":[{"@type":"WebPage","@id":"https:\/\/taxisiofok.info\/repter-transzfer\/budapest-balaton\/","url":"https:\/\/taxisiofok.info\/repter-transzfer\/budapest-balaton\/","name":"[:hu]Budapest Rept\u00e9r transzfer a Balaton v\u00e1rosaiba[:de]Flughafentransfer zwischen Budapest und Balaton[:]","isPartOf":{"@id":"https:\/\/taxisiofok.info\/#website"},"primaryImageOfPage":{"@id":"https:\/\/taxisiofok.info\/repter-transzfer\/budapest-balaton\/#primaryimage"},"image":{"@id":"https:\/\/taxisiofok.info\/repter-transzfer\/budapest-balaton\/#primaryimage"},"thumbnailUrl":"http:\/\/taxisiofok.info\/wp-content\/uploads\/2017\/01\/Budapest-Balaton-Taxi-Transfer-300x171.png","datePublished":"2016-05-08T08:42:00+00:00","dateModified":"2026-01-27T00:05:16+00:00","description":"{:hu}Utazzon vel\u00fcnk a Budapesti Rept\u00e9r \u00e9s Balaton v\u00e1rosai k\u00f6z\u00f6tt! Transzferek Balatonf\u00fcred, Tihany, Balatonlelle, Balatonf\u00f6ldv\u00e1r, Zam\u00e1rdi \u00e9s Budapest k\u00f6z\u00f6tt!{:de}Bestellen Sie Ihren Flughafentransfer zwischen Budapest und dem Plattensee. W\u00e4hlen Sie ein Taxi, einen Minibus oder einen Bus f\u00fcr Ihre Reise.{:}","breadcrumb":{"@id":"https:\/\/taxisiofok.info\/repter-transzfer\/budapest-balaton\/#breadcrumb"},"inLanguage":"de","potentialAction":[{"@type":"ReadAction","target":["https:\/\/taxisiofok.info\/repter-transzfer\/budapest-balaton\/"]}]},{"@type":"ImageObject","inLanguage":"de","@id":"https:\/\/taxisiofok.info\/repter-transzfer\/budapest-balaton\/#primaryimage","url":"http:\/\/taxisiofok.info\/wp-content\/uploads\/2017\/01\/Budapest-Balaton-Taxi-Transfer-300x171.png","contentUrl":"http:\/\/taxisiofok.info\/wp-content\/uploads\/2017\/01\/Budapest-Balaton-Taxi-Transfer-300x171.png"},{"@type":"BreadcrumbList","@id":"https:\/\/taxisiofok.info\/repter-transzfer\/budapest-balaton\/#breadcrumb","itemListElement":[{"@type":"ListItem","position":1,"name":"Home","item":"https:\/\/taxisiofok.info\/"},{"@type":"ListItem","position":2,"name":"Budapest rept\u00e9r transzfer","item":"https:\/\/taxisiofok.info\/repter-transzfer\/"},{"@type":"ListItem","position":3,"name":"Budapest &#8211; Balaton"}]},{"@type":"WebSite","@id":"https:\/\/taxisiofok.info\/#website","url":"https:\/\/taxisiofok.info\/","name":"TAXI SIOFOK INFO","description":"Taxi bestellen in Siofok","potentialAction":[{"@type":"SearchAction","target":{"@type":"EntryPoint","urlTemplate":"https:\/\/taxisiofok.info\/?s={search_term_string}"},"query-input":"required name=search_term_string"}],"inLanguage":"de"}]}},"_links":{"self":[{"href":"https:\/\/taxisiofok.info\/de\/wp-json\/wp\/v2\/pages\/89"}],"collection":[{"href":"https:\/\/taxisiofok.info\/de\/wp-json\/wp\/v2\/pages"}],"about":[{"href":"https:\/\/taxisiofok.info\/de\/wp-json\/wp\/v2\/types\/page"}],"author":[{"embeddable":true,"href":"https:\/\/taxisiofok.info\/de\/wp-json\/wp\/v2\/users\/2"}],"replies":[{"embeddable":true,"href":"https:\/\/taxisiofok.info\/de\/wp-json\/wp\/v2\/comments?post=89"}],"version-history":[{"count":8,"href":"https:\/\/taxisiofok.info\/de\/wp-json\/wp\/v2\/pages\/89\/revisions"}],"predecessor-version":[{"id":582,"href":"https:\/\/taxisiofok.info\/de\/wp-json\/wp\/v2\/pages\/89\/revisions\/582"}],"up":[{"embeddable":true,"href":"https:\/\/taxisiofok.info\/de\/wp-json\/wp\/v2\/pages\/21"}],"wp:attachment":[{"href":"https:\/\/taxisiofok.info\/de\/wp-json\/wp\/v2\/media?parent=89"}],"curies":[{"name":"wp","href":"https:\/\/api.w.org\/{rel}","templated":true}]}}