{"id":2,"date":"2016-05-07T06:10:00","date_gmt":"2016-05-07T06:10:00","guid":{"rendered":"http:\/\/taxisiofok.info\/?page_id=2"},"modified":"2026-02-16T15:26:23","modified_gmt":"2026-02-16T15:26:23","slug":"taxi-siofok","status":"publish","type":"page","link":"https:\/\/taxisiofok.info\/en\/","title":{"rendered":"Taxi Siofok"},"content":{"rendered":"<div id=\"tw-container\" class=\"nev7se\" data-cp=\"1\" data-nnttsvi=\"1\" data-sletp=\"false\" data-sm=\"1\" data-ssbp=\"true\" data-sugg-time=\"500\" data-sugg-url=\"https:\/\/clients1.google.com\/complete\/search\" data-uilc=\"hu\" data-vil=\",af,af-ZA,am,am-ET,ar-EG,ar-AE,ar-KW,ar-QA,ar,ar-IL,ar-JO,ar-LB,ar-PS,az,az-AZ,bg,bg-BG,bn,bn-BD,bn-IN,ca,ca-es,cs,cs-CZ,de,de-DE,de-CH,de-AT,de-LI,en,en-US,en-CA,en-AU,en-NZ,en-GB,en-IN,en-KE,en-TZ,en-NG,en-GH,en-PH,en-ZA,es,es-ES,es-AR,es-UY,es-419,es-BO,es-CL,es-CR,es-CO,es-DO,es-EC,es-GT,es-HN,es-NI,es-PA,es-PE,es-PR,es-PY,es-SV,es-VE,es-MX,es-US,eu,eu-ES,fi,fi-FI,fr,fr-FR,fr-CH,fr-BE,gl,gl-ES,gu,gu-IN,he,he-IL,iw,iw-IL,hu,hu-HU,hy,hy-AM,id,id-ID,is,is-IS,it,it-IT,it-CH,ja,ja-JP,jv,jv-ID,ka,ka-GE,km,km-KH,kn,kn-IN,ko,ko-KR,la,lo,lo-LA,lv,lv-LV,ml,ml-IN,mr,mr-IN,ms,ms-MY,nl,nl-NL,nb,nb-NO,ne,ne-NP,pl,pl-PL,pt,pt-BR,pt-PT,ro,ro-RO,ru,ru-RU,si-LK,sk,sk-SK,sr,sr-RS,su,su-ID,sv,sv-SE,sw,sw-TZ,sw-KE,ta,ta-IN,ta-SG,ta-LK,ta-MY,te,te-IN,tr,tr-TR,ur,ur-PK,ur-IN,yue,yue-HK,yue-Hant-HK,zh-HK,zh,zh-CN,zh-cmn,zh-cmn-CN,zh-Hans,zh-Hans-CN,zh-cmn-Hans,zh-cmn-Hans-CN,cmn-CN,cmn-Hans,cmn-Hans-CN,zh-TW,zh-Hant-TW,cmn-TW,cmn-Hant-TW,zh-cmn-TW,zh-cmn-Hant-TW,zu,zu-ZA,hi,hi-IN,tl,tl-PH,pa,pa-IN\">\n<div id=\"tw-ob\" class=\"tw-src-ltr\">\n<div class=\"oSioSc\">\n<div id=\"tw-target\">\n<div id=\"kAz1tf\" class=\"g9WsWb PZPZlf\" data-attrid=\"tw-targetArea\" data-entityname=\"Google Translate\">\n<div id=\"tw-target-text-container\" class=\"tw-ta-container tw-nfl\" tabindex=\"0\" role=\"text\">\n<h1 dir=\"ltr\" tabindex=\"-1\" role=\"text\" data-placeholder=\"Ford\u00edt\u00e1s\" data-ved=\"2ahUKEwiDzpeUzKmSAxXz8LsIHW4aC6EQ3ewLegQIDBAW\" aria-label=\"Leford\u00edtott sz\u00f6veg: Hello! This is Taxi Si\u00f3fok Info.\n\nYou are in the best place if you are looking for a Si\u00f3fok taxi service in the capital of Lake Balaton and its surroundings (Zam\u00e1rdi, S\u00f3st\u00f3, Sz\u00e9plak, Balatonvil\u00e1gos, Balatonakarattya...etc.).\n\nQualified Si\u00f3fok taxi service, Demanding, friendly local drivers with English and German language skills, clean cars.\n\nWe have been serving local residents and visiting tourists for more than 25 years.\"><img loading=\"lazy\" decoding=\"async\" class=\"aligncenter size-full wp-image-638\" src=\"https:\/\/taxisiofok.info\/wp-content\/uploads\/2026\/01\/Taxi-Siofok.jpg\" alt=\"A Taxi Si\u00f3fok Info fekete aut\u00f3ja \u00e9s a logoja.\" width=\"1050\" height=\"350\" srcset=\"https:\/\/taxisiofok.info\/wp-content\/uploads\/2026\/01\/Taxi-Siofok.jpg 1050w, https:\/\/taxisiofok.info\/wp-content\/uploads\/2026\/01\/Taxi-Siofok-300x100.jpg 300w, https:\/\/taxisiofok.info\/wp-content\/uploads\/2026\/01\/Taxi-Siofok-1024x341.jpg 1024w, https:\/\/taxisiofok.info\/wp-content\/uploads\/2026\/01\/Taxi-Siofok-768x256.jpg 768w\" sizes=\"(max-width: 1050px) 100vw, 1050px\" \/><\/h1>\n<h2 style=\"text-align: center;\"><strong>Hello! Taxi Si\u00f3fok Info: the city&#8217;s service provider since 2002.<\/strong><\/h2>\n<p class=\"tw-data-text tw-text-large tw-ta\" dir=\"ltr\" style=\"text-align: center;\" tabindex=\"-1\" role=\"text\" data-placeholder=\"Ford\u00edt\u00e1s\" data-ved=\"2ahUKEwiDzpeUzKmSAxXz8LsIHW4aC6EQ3ewLegQIDBAW\" aria-label=\"Leford\u00edtott sz\u00f6veg: Hello! This is Taxi Si\u00f3fok Info.\n\nYou are in the best place if you are looking for a Si\u00f3fok taxi service in the capital of Lake Balaton and its surroundings (Zam\u00e1rdi, S\u00f3st\u00f3, Sz\u00e9plak, Balatonvil\u00e1gos, Balatonakarattya...etc.).\n\nQualified Si\u00f3fok taxi service, Demanding, friendly local drivers with English and German language skills, clean cars.\n\nWe have been serving local residents and visiting tourists for more than 25 years.\"><span class=\"Y2IQFc\" lang=\"en\">You are at the best place if you looking for a <strong>taxi service in Si\u00f3fok<\/strong>, the capital of Lake Balaton and its surroundings (Zam\u00e1rdi, S\u00f3st\u00f3, Sz\u00e9plak, Balatonvil\u00e1gos, Balatonakarattya&#8230;etc.). <strong>Licensed<\/strong> Si\u00f3fok <strong>taxi<\/strong> service. Demanding, friendly <strong>local drivers<\/strong> with <strong>English<\/strong> and <strong>German<\/strong> language skills, clean cars. We have been serving local residents and visiting tourists for more than 25 years.<\/span><\/p>\n<p dir=\"ltr\" style=\"text-align: center;\" tabindex=\"-1\" role=\"text\" data-placeholder=\"Ford\u00edt\u00e1s\" data-ved=\"2ahUKEwiDzpeUzKmSAxXz8LsIHW4aC6EQ3ewLegQIDBAW\" aria-label=\"Leford\u00edtott sz\u00f6veg: Hello! This is Taxi Si\u00f3fok Info.\n\nYou are in the best place if you are looking for a Si\u00f3fok taxi service in the capital of Lake Balaton and its surroundings (Zam\u00e1rdi, S\u00f3st\u00f3, Sz\u00e9plak, Balatonvil\u00e1gos, Balatonakarattya...etc.).\n\nQualified Si\u00f3fok taxi service, Demanding, friendly local drivers with English and German language skills, clean cars.\n\nWe have been serving local residents and visiting tourists for more than 25 years.\"><span class=\"Y2IQFc\" lang=\"en\">You can call us every day of the year, even on holidays too: we are available <strong>7\/24<\/strong>. In addition to our taxi service, you can also order an <strong><a href=\"https:\/\/taxisiofok.info\/repter-transzfer\/\">airport transfer between Budapest and Si\u00f3fok<\/a>.<\/strong> Of course, you can travel with us to any city on the shores of Lake Balaton from Budapest Airport.<\/span><\/p>\n<h3 style=\"text-align: center;\">How much does a taxi cost in Si\u00f3fok?<\/h3>\n<p style=\"text-align: center;\">Check our prices and tariffs on our website to avoid any surprises! If you\u2019d prefer to ask about our rates by phone, feel free to call us at <a href=\"tel:+36302706200\"><strong data-path-to-node=\"4,0\" data-index-in-node=\"178\">+36302706200<\/strong><\/a>. You can also request a free quote via email, and we\u2019ll get back to you as soon as possible. With us, you don\u2019t need a taxi calculator\u2014we keep our word.<\/p>\n<h3 style=\"text-align: center;\">Why choose us in Si\u00f3fok?<\/h3>\n<ul>\n<li style=\"text-align: center;\"><strong>Fixed Prices:<\/strong> No hidden costs or surprises.<\/li>\n<li style=\"text-align: center;\"><strong>Pro Expertise:<\/strong> We aren&#8217;t just independent drivers; we have a solid professional background in transport.<\/li>\n<li style=\"text-align: center;\"><strong>Multilingual Drivers:<\/strong> We speak your language for easy communication.<\/li>\n<li style=\"text-align: center;\"><strong>Safety &amp; Punctuality:<\/strong> We prioritize safe driving and arriving on time over rushing.<\/li>\n<li style=\"text-align: center;\"><strong>Flexible Fleet:<\/strong> We have vehicles for 4, 7, and 8 passengers.<\/li>\n<li style=\"text-align: center;\"><strong>Proven Track Record:<\/strong> Extensive experience and references in passenger transport.<\/li>\n<\/ul>\n<p style=\"text-align: center;\">Call us, and we\u2019ll be there! Thank you for choosing us!<\/p>\n<\/div>\n<\/div>\n<\/div>\n<\/div>\n<\/div>\n<\/div>","protected":false},"excerpt":{"rendered":"<p>Hello! Taxi Si\u00f3fok Info: the city&#8217;s service provider since 2002. You are at the best place if you looking for a taxi service in Si\u00f3fok, the capital of Lake Balaton and its surroundings (Zam\u00e1rdi, S\u00f3st\u00f3, Sz\u00e9plak, Balatonvil\u00e1gos, Balatonakarattya&#8230;etc.). Licensed Si\u00f3fok taxi service. Demanding, friendly local drivers with English and German language skills, clean cars. We [&hellip;]<\/p>\n","protected":false},"author":1,"featured_media":0,"parent":0,"menu_order":0,"comment_status":"closed","ping_status":"closed","template":"","meta":{"footnotes":""},"yoast_head":"<!-- This site is optimized with the Yoast SEO plugin v23.0 - https:\/\/yoast.com\/wordpress\/plugins\/seo\/ -->\n<title>Taxi Siofok Info: +36302706200 Probably The Best! Taxi Siofok Info: +36302706200 Probably The Best!Taxi Siofok Info: +36302706200 Taxi Siofok +36302706200 Probably The Best!<\/title>\n<meta name=\"description\" content=\"Probably the best taxi service in Siofok! You can order 7 seater taxis. Probably the best taxi service in Siofok! You can order 7 seater taxis. You can order Taxi in Siofok area! Probably the best taxi service in Siofok!You can order Taxi Siofok Info on this website! Probably the best taxi service in Siofok City!You can order Taxi in Siofok area! Probably the best taxi service in Siofok!You can order Taxi Siofok Info on this website! You should try our service, because this is probably the best taxi service in Siofok City!\" \/>\n<meta name=\"robots\" content=\"index, follow, max-snippet:-1, max-image-preview:large, max-video-preview:-1\" \/>\n<link rel=\"canonical\" href=\"https:\/\/taxisiofok.info\/\" \/>\n<meta property=\"og:locale\" content=\"en_US\" \/>\n<meta property=\"og:type\" content=\"article\" \/>\n<meta property=\"og:title\" content=\"[:hu]Taxi Si\u00f3fok Info: +36302706200 [:en]Taxi Siofok Info: +36302706200 Probably The Best! Taxi Siofok Info: +36302706200 Probably The Best!Taxi Siofok Info: +36302706200 Taxi Siofok +36302706200 Probably The Best![:de]Taxi Siofok Info: +36302706200 Taxi Siofok Info: +36302706200Taxi Siofok Info: Taxidienst in Siofok +36302706200Taxi Siofok Info: Taxidienst in Siofok +36302706200[:]\" \/>\n<meta property=\"og:description\" content=\"{:hu}Min\u0151s\u00e9gi taxi szolg\u00e1ltat\u00e1s Si\u00f3fokon, el\u00e9rhet\u0151 \u00e1rakon. 6+1 szem\u00e9lyes taxikat is rendelhet T\u0151l\u00fcnk.{:en}Probably the best taxi service in Siofok! You can order 7 seater taxis. Probably the best taxi service in Siofok! You can order 7 seater taxis. You can order Taxi in Siofok area! Probably the best taxi service in Siofok!You can order Taxi Siofok Info on this website! Probably the best taxi service in Siofok City!You can order Taxi in Siofok area! Probably the best taxi service in Siofok!You can order Taxi Siofok Info on this website! You should try our service, because this is probably the best taxi service in Siofok City!{:de}Bestellen Sie jetzt ein Taxi in Si\u00f3fok und Umgebung. Taxi f\u00fcr bis zu 7 Personen.Bestellen Sie jetzt ein Taxi in Si\u00f3fok und Umgebung. Taxi f\u00fcr bis zu 7 Personen.Bestellen Sie jetzt ein Taxi in Si\u00f3fok und Umgebung. Die beste Wahl ist, wenn Sie Fracht ben\u00f6tigen. Taxi f\u00fcr bis zu 7 Personen.Bestellen Sie jetzt ein Taxi in Si\u00f3fok und Umgebung. Bestellen Sie jetzt ein Taxi in Si\u00f3fok und Umgebung. Die beste Wahl ist, wenn Sie Fracht ben\u00f6tigen. Taxi f\u00fcr bis zu 7 Personen.Bestellen Sie jetzt ein Taxi in Si\u00f3fok und Umgebung. Die beste Wahl ist, wenn Sie Fracht ben\u00f6tigen. Taxi f\u00fcr bis zu 7 Personen.{:}\" \/>\n<meta property=\"og:url\" content=\"https:\/\/taxisiofok.info\/\" \/>\n<meta property=\"og:site_name\" content=\"TAXI SIOFOK.INFO\" \/>\n<meta property=\"article:publisher\" content=\"https:\/\/www.facebook.com\/taxisiofokinfo\/\" \/>\n<meta property=\"article:modified_time\" content=\"2026-02-16T15:26:23+00:00\" \/>\n<meta property=\"og:image\" content=\"https:\/\/taxisiofok.info\/wp-content\/uploads\/2026\/01\/Taxi-Siofok.jpg\" \/>\n<meta name=\"twitter:card\" content=\"summary_large_image\" \/>\n<meta name=\"twitter:site\" content=\"@taxisiofokinfo\" \/>\n<meta name=\"twitter:label1\" content=\"Est. reading time\" \/>\n\t<meta name=\"twitter:data1\" content=\"2 minutes\" \/>\n<script type=\"application\/ld+json\" class=\"yoast-schema-graph\">{\"@context\":\"https:\/\/schema.org\",\"@graph\":[{\"@type\":\"WebPage\",\"@id\":\"https:\/\/taxisiofok.info\/\",\"url\":\"https:\/\/taxisiofok.info\/\",\"name\":\"[:hu]Taxi Si\u00f3fok Info: +36302706200 [:en]Taxi Siofok Info: +36302706200 Probably The Best! Taxi Siofok Info: +36302706200 Probably The Best!Taxi Siofok Info: +36302706200 Taxi Siofok +36302706200 Probably The Best![:de]Taxi Siofok Info: +36302706200 Taxi Siofok Info: +36302706200Taxi Siofok Info: Taxidienst in Siofok +36302706200Taxi Siofok Info: Taxidienst in Siofok +36302706200[:]\",\"isPartOf\":{\"@id\":\"https:\/\/taxisiofok.info\/#website\"},\"primaryImageOfPage\":{\"@id\":\"https:\/\/taxisiofok.info\/#primaryimage\"},\"image\":{\"@id\":\"https:\/\/taxisiofok.info\/#primaryimage\"},\"thumbnailUrl\":\"https:\/\/taxisiofok.info\/wp-content\/uploads\/2026\/01\/Taxi-Siofok.jpg\",\"datePublished\":\"2016-05-07T06:10:00+00:00\",\"dateModified\":\"2026-02-16T15:26:23+00:00\",\"description\":\"{:hu}Min\u0151s\u00e9gi taxi szolg\u00e1ltat\u00e1s Si\u00f3fokon, el\u00e9rhet\u0151 \u00e1rakon. 6+1 szem\u00e9lyes taxikat is rendelhet T\u0151l\u00fcnk.{:en}Probably the best taxi service in Siofok! You can order 7 seater taxis. Probably the best taxi service in Siofok! You can order 7 seater taxis. You can order Taxi in Siofok area! Probably the best taxi service in Siofok!You can order Taxi Siofok Info on this website! Probably the best taxi service in Siofok City!You can order Taxi in Siofok area! Probably the best taxi service in Siofok!You can order Taxi Siofok Info on this website! You should try our service, because this is probably the best taxi service in Siofok City!{:de}Bestellen Sie jetzt ein Taxi in Si\u00f3fok und Umgebung. Taxi f\u00fcr bis zu 7 Personen.Bestellen Sie jetzt ein Taxi in Si\u00f3fok und Umgebung. Taxi f\u00fcr bis zu 7 Personen.Bestellen Sie jetzt ein Taxi in Si\u00f3fok und Umgebung. Die beste Wahl ist, wenn Sie Fracht ben\u00f6tigen. Taxi f\u00fcr bis zu 7 Personen.Bestellen Sie jetzt ein Taxi in Si\u00f3fok und Umgebung. Bestellen Sie jetzt ein Taxi in Si\u00f3fok und Umgebung. Die beste Wahl ist, wenn Sie Fracht ben\u00f6tigen. Taxi f\u00fcr bis zu 7 Personen.Bestellen Sie jetzt ein Taxi in Si\u00f3fok und Umgebung. Die beste Wahl ist, wenn Sie Fracht ben\u00f6tigen. Taxi f\u00fcr bis zu 7 Personen.{:}\",\"breadcrumb\":{\"@id\":\"https:\/\/taxisiofok.info\/#breadcrumb\"},\"inLanguage\":\"en-US\",\"potentialAction\":[{\"@type\":\"ReadAction\",\"target\":[\"https:\/\/taxisiofok.info\/\"]}]},{\"@type\":\"ImageObject\",\"inLanguage\":\"en-US\",\"@id\":\"https:\/\/taxisiofok.info\/#primaryimage\",\"url\":\"https:\/\/taxisiofok.info\/wp-content\/uploads\/2026\/01\/Taxi-Siofok.jpg\",\"contentUrl\":\"https:\/\/taxisiofok.info\/wp-content\/uploads\/2026\/01\/Taxi-Siofok.jpg\"},{\"@type\":\"BreadcrumbList\",\"@id\":\"https:\/\/taxisiofok.info\/#breadcrumb\",\"itemListElement\":[{\"@type\":\"ListItem\",\"position\":1,\"name\":\"Home\",\"item\":\"https:\/\/taxisiofok.info\/\"},{\"@type\":\"ListItem\",\"position\":2,\"name\":\"Taxi Si\u00f3fok\"}]},{\"@type\":\"WebSite\",\"@id\":\"https:\/\/taxisiofok.info\/#website\",\"url\":\"https:\/\/taxisiofok.info\/\",\"name\":\"TAXI SIOFOK.INFO\",\"description\":\"Taxi service in Siofok\",\"potentialAction\":[{\"@type\":\"SearchAction\",\"target\":{\"@type\":\"EntryPoint\",\"urlTemplate\":\"https:\/\/taxisiofok.info\/?s={search_term_string}\"},\"query-input\":\"required name=search_term_string\"}],\"inLanguage\":\"en-US\"}]}<\/script>\n<!-- \/ Yoast SEO plugin. -->","yoast_head_json":{"title":"Taxi Siofok Info: +36302706200 Probably The Best! Taxi Siofok Info: +36302706200 Probably The Best!Taxi Siofok Info: +36302706200 Taxi Siofok +36302706200 Probably The Best!","description":"Probably the best taxi service in Siofok! You can order 7 seater taxis. Probably the best taxi service in Siofok! You can order 7 seater taxis. You can order Taxi in Siofok area! Probably the best taxi service in Siofok!You can order Taxi Siofok Info on this website! Probably the best taxi service in Siofok City!You can order Taxi in Siofok area! Probably the best taxi service in Siofok!You can order Taxi Siofok Info on this website! You should try our service, because this is probably the best taxi service in Siofok City!","robots":{"index":"index","follow":"follow","max-snippet":"max-snippet:-1","max-image-preview":"max-image-preview:large","max-video-preview":"max-video-preview:-1"},"canonical":"https:\/\/taxisiofok.info\/","og_locale":"en_US","og_type":"article","og_title":"[:hu]Taxi Si\u00f3fok Info: +36302706200 [:en]Taxi Siofok Info: +36302706200 Probably The Best! Taxi Siofok Info: +36302706200 Probably The Best!Taxi Siofok Info: +36302706200 Taxi Siofok +36302706200 Probably The Best![:de]Taxi Siofok Info: +36302706200 Taxi Siofok Info: +36302706200Taxi Siofok Info: Taxidienst in Siofok +36302706200Taxi Siofok Info: Taxidienst in Siofok +36302706200[:]","og_description":"{:hu}Min\u0151s\u00e9gi taxi szolg\u00e1ltat\u00e1s Si\u00f3fokon, el\u00e9rhet\u0151 \u00e1rakon. 6+1 szem\u00e9lyes taxikat is rendelhet T\u0151l\u00fcnk.{:en}Probably the best taxi service in Siofok! You can order 7 seater taxis. Probably the best taxi service in Siofok! You can order 7 seater taxis. You can order Taxi in Siofok area! Probably the best taxi service in Siofok!You can order Taxi Siofok Info on this website! Probably the best taxi service in Siofok City!You can order Taxi in Siofok area! Probably the best taxi service in Siofok!You can order Taxi Siofok Info on this website! You should try our service, because this is probably the best taxi service in Siofok City!{:de}Bestellen Sie jetzt ein Taxi in Si\u00f3fok und Umgebung. Taxi f\u00fcr bis zu 7 Personen.Bestellen Sie jetzt ein Taxi in Si\u00f3fok und Umgebung. Taxi f\u00fcr bis zu 7 Personen.Bestellen Sie jetzt ein Taxi in Si\u00f3fok und Umgebung. Die beste Wahl ist, wenn Sie Fracht ben\u00f6tigen. Taxi f\u00fcr bis zu 7 Personen.Bestellen Sie jetzt ein Taxi in Si\u00f3fok und Umgebung. Bestellen Sie jetzt ein Taxi in Si\u00f3fok und Umgebung. Die beste Wahl ist, wenn Sie Fracht ben\u00f6tigen. Taxi f\u00fcr bis zu 7 Personen.Bestellen Sie jetzt ein Taxi in Si\u00f3fok und Umgebung. Die beste Wahl ist, wenn Sie Fracht ben\u00f6tigen. Taxi f\u00fcr bis zu 7 Personen.{:}","og_url":"https:\/\/taxisiofok.info\/","og_site_name":"TAXI SIOFOK.INFO","article_publisher":"https:\/\/www.facebook.com\/taxisiofokinfo\/","article_modified_time":"2026-02-16T15:26:23+00:00","og_image":[{"url":"https:\/\/taxisiofok.info\/wp-content\/uploads\/2026\/01\/Taxi-Siofok.jpg"}],"twitter_card":"summary_large_image","twitter_site":"@taxisiofokinfo","twitter_misc":{"Est. reading time":"2 minutes"},"schema":{"@context":"https:\/\/schema.org","@graph":[{"@type":"WebPage","@id":"https:\/\/taxisiofok.info\/","url":"https:\/\/taxisiofok.info\/","name":"[:hu]Taxi Si\u00f3fok Info: +36302706200 [:en]Taxi Siofok Info: +36302706200 Probably The Best! Taxi Siofok Info: +36302706200 Probably The Best!Taxi Siofok Info: +36302706200 Taxi Siofok +36302706200 Probably The Best![:de]Taxi Siofok Info: +36302706200 Taxi Siofok Info: +36302706200Taxi Siofok Info: Taxidienst in Siofok +36302706200Taxi Siofok Info: Taxidienst in Siofok +36302706200[:]","isPartOf":{"@id":"https:\/\/taxisiofok.info\/#website"},"primaryImageOfPage":{"@id":"https:\/\/taxisiofok.info\/#primaryimage"},"image":{"@id":"https:\/\/taxisiofok.info\/#primaryimage"},"thumbnailUrl":"https:\/\/taxisiofok.info\/wp-content\/uploads\/2026\/01\/Taxi-Siofok.jpg","datePublished":"2016-05-07T06:10:00+00:00","dateModified":"2026-02-16T15:26:23+00:00","description":"{:hu}Min\u0151s\u00e9gi taxi szolg\u00e1ltat\u00e1s Si\u00f3fokon, el\u00e9rhet\u0151 \u00e1rakon. 6+1 szem\u00e9lyes taxikat is rendelhet T\u0151l\u00fcnk.{:en}Probably the best taxi service in Siofok! You can order 7 seater taxis. Probably the best taxi service in Siofok! You can order 7 seater taxis. You can order Taxi in Siofok area! Probably the best taxi service in Siofok!You can order Taxi Siofok Info on this website! Probably the best taxi service in Siofok City!You can order Taxi in Siofok area! Probably the best taxi service in Siofok!You can order Taxi Siofok Info on this website! You should try our service, because this is probably the best taxi service in Siofok City!{:de}Bestellen Sie jetzt ein Taxi in Si\u00f3fok und Umgebung. Taxi f\u00fcr bis zu 7 Personen.Bestellen Sie jetzt ein Taxi in Si\u00f3fok und Umgebung. Taxi f\u00fcr bis zu 7 Personen.Bestellen Sie jetzt ein Taxi in Si\u00f3fok und Umgebung. Die beste Wahl ist, wenn Sie Fracht ben\u00f6tigen. Taxi f\u00fcr bis zu 7 Personen.Bestellen Sie jetzt ein Taxi in Si\u00f3fok und Umgebung. Bestellen Sie jetzt ein Taxi in Si\u00f3fok und Umgebung. Die beste Wahl ist, wenn Sie Fracht ben\u00f6tigen. Taxi f\u00fcr bis zu 7 Personen.Bestellen Sie jetzt ein Taxi in Si\u00f3fok und Umgebung. Die beste Wahl ist, wenn Sie Fracht ben\u00f6tigen. Taxi f\u00fcr bis zu 7 Personen.{:}","breadcrumb":{"@id":"https:\/\/taxisiofok.info\/#breadcrumb"},"inLanguage":"en-US","potentialAction":[{"@type":"ReadAction","target":["https:\/\/taxisiofok.info\/"]}]},{"@type":"ImageObject","inLanguage":"en-US","@id":"https:\/\/taxisiofok.info\/#primaryimage","url":"https:\/\/taxisiofok.info\/wp-content\/uploads\/2026\/01\/Taxi-Siofok.jpg","contentUrl":"https:\/\/taxisiofok.info\/wp-content\/uploads\/2026\/01\/Taxi-Siofok.jpg"},{"@type":"BreadcrumbList","@id":"https:\/\/taxisiofok.info\/#breadcrumb","itemListElement":[{"@type":"ListItem","position":1,"name":"Home","item":"https:\/\/taxisiofok.info\/"},{"@type":"ListItem","position":2,"name":"Taxi Si\u00f3fok"}]},{"@type":"WebSite","@id":"https:\/\/taxisiofok.info\/#website","url":"https:\/\/taxisiofok.info\/","name":"TAXI SIOFOK.INFO","description":"Taxi service in Siofok","potentialAction":[{"@type":"SearchAction","target":{"@type":"EntryPoint","urlTemplate":"https:\/\/taxisiofok.info\/?s={search_term_string}"},"query-input":"required name=search_term_string"}],"inLanguage":"en-US"}]}},"_links":{"self":[{"href":"https:\/\/taxisiofok.info\/en\/wp-json\/wp\/v2\/pages\/2"}],"collection":[{"href":"https:\/\/taxisiofok.info\/en\/wp-json\/wp\/v2\/pages"}],"about":[{"href":"https:\/\/taxisiofok.info\/en\/wp-json\/wp\/v2\/types\/page"}],"author":[{"embeddable":true,"href":"https:\/\/taxisiofok.info\/en\/wp-json\/wp\/v2\/users\/1"}],"replies":[{"embeddable":true,"href":"https:\/\/taxisiofok.info\/en\/wp-json\/wp\/v2\/comments?post=2"}],"version-history":[{"count":152,"href":"https:\/\/taxisiofok.info\/en\/wp-json\/wp\/v2\/pages\/2\/revisions"}],"predecessor-version":[{"id":728,"href":"https:\/\/taxisiofok.info\/en\/wp-json\/wp\/v2\/pages\/2\/revisions\/728"}],"wp:attachment":[{"href":"https:\/\/taxisiofok.info\/en\/wp-json\/wp\/v2\/media?parent=2"}],"curies":[{"name":"wp","href":"https:\/\/api.w.org\/{rel}","templated":true}]}}