{"id":21,"date":"2016-05-07T09:19:23","date_gmt":"2016-05-07T09:19:23","guid":{"rendered":"http:\/\/taxisiofok.info\/?page_id=21"},"modified":"2026-02-04T20:45:17","modified_gmt":"2026-02-04T20:45:17","slug":"budapest-repter-transzfer","status":"publish","type":"page","link":"https:\/\/taxisiofok.info\/en\/airport-transfer\/","title":{"rendered":"Budapest Rept\u00e9r Transzfer"},"content":{"rendered":"<h1 id=\"tw-target-text\" class=\"tw-data-text tw-ta tw-text-small\" dir=\"ltr\" style=\"text-align: center;\" data-placeholder=\"Ford\u00edt\u00e1s\"><span lang=\"en\" tabindex=\"0\">Book your transfer to\/from Budapest Airport (BUD).<\/span><\/h1>\n<p class=\"tw-data-text tw-ta tw-text-small\" dir=\"ltr\" style=\"text-align: center;\" data-placeholder=\"Ford\u00edt\u00e1s\"><span lang=\"en\" tabindex=\"0\">You can order your <strong>airport transfer<\/strong> from the Taxi Siofok Info on accaptable prices.Choose the best way for your traveling! Why worry about public transport if you can travel by <strong>taxi, minibus or bus<\/strong> comfortably and calmly? Faster, better, more safty with a taxi or a bus.<\/span><\/p>\n<p class=\"tw-data-text tw-ta tw-text-small\" dir=\"ltr\" style=\"text-align: center;\" data-placeholder=\"Ford\u00edt\u00e1s\"><span lang=\"en\" tabindex=\"0\">Choose from the following options and see how much does the airport transfer costs:<\/span><\/p>\n<ul>\n<li class=\"tw-data-text tw-ta tw-text-small\" dir=\"ltr\" style=\"text-align: center;\" data-placeholder=\"Ford\u00edt\u00e1s\"><a href=\"http:\/\/taxisiofok.info\/en\/airport-transfer\/budapest-siofok\/\">From Budapest to Siofok<\/a><\/li>\n<li class=\"tw-data-text tw-ta tw-text-small\" dir=\"ltr\" style=\"text-align: center;\" data-placeholder=\"Ford\u00edt\u00e1s\"><a href=\"http:\/\/taxisiofok.info\/en\/airport-transfer\/budapest-lake-balaton\/\">From Budapest to Lake Balaton<\/a><\/li>\n<li class=\"tw-data-text tw-ta tw-text-small\" dir=\"ltr\" style=\"text-align: center;\" data-placeholder=\"Ford\u00edt\u00e1s\"><a href=\"http:\/\/taxisiofok.info\/en\/contact\/\">From Budapest to other city: Get a free quote<\/a><\/li>\n<\/ul>\n<p id=\"tw-target-text\" class=\"tw-data-text tw-ta tw-text-small\" dir=\"ltr\" style=\"text-align: center;\" data-placeholder=\"Ford\u00edt\u00e1s\"><span lang=\"en\" tabindex=\"0\"><strong>Helpful Hint<\/strong>: Check the <strong><a href=\"http:\/\/www.bud.hu\/\">official website of Budapest Airport<\/a><\/strong>, you will find the arrival or departure time of your airplane.<\/span><\/p>\n<p dir=\"ltr\" data-placeholder=\"Ford\u00edt\u00e1s\"><img loading=\"lazy\" decoding=\"async\" class=\"aligncenter wp-image-240 size-medium\" src=\"https:\/\/taxisiofok.info\/wp-content\/uploads\/2017\/01\/Airport-transfer-300x171.png\" alt=\"\" width=\"300\" height=\"171\" srcset=\"https:\/\/taxisiofok.info\/wp-content\/uploads\/2017\/01\/Airport-transfer-300x171.png 300w, https:\/\/taxisiofok.info\/wp-content\/uploads\/2017\/01\/Airport-transfer-768x439.png 768w, https:\/\/taxisiofok.info\/wp-content\/uploads\/2017\/01\/Airport-transfer-1024x585.png 1024w, https:\/\/taxisiofok.info\/wp-content\/uploads\/2017\/01\/Airport-transfer-700x400.png 700w, https:\/\/taxisiofok.info\/wp-content\/uploads\/2017\/01\/Airport-transfer.png 1050w\" sizes=\"(max-width: 300px) 100vw, 300px\" \/><\/p>","protected":false},"excerpt":{"rendered":"<p>Book your transfer to\/from Budapest Airport (BUD). You can order your airport transfer from the Taxi Siofok Info on accaptable prices.Choose the best way for your traveling! Why worry about public transport if you can travel by taxi, minibus or bus comfortably and calmly? Faster, better, more safty with a taxi or a bus. Choose [&hellip;]<\/p>\n","protected":false},"author":2,"featured_media":0,"parent":0,"menu_order":0,"comment_status":"closed","ping_status":"closed","template":"","meta":{"footnotes":""},"yoast_head":"<!-- This site is optimized with the Yoast SEO plugin v23.0 - https:\/\/yoast.com\/wordpress\/plugins\/seo\/ -->\n<title>Airport transfers from Budapest with taxi, minibus or Bus<\/title>\n<meta name=\"description\" content=\"Rendelje meg n\u00e1lunk a rept\u00e9ri transzfer\u00e9t Budapestr\u0151l\/re! Min\u0151s\u00e9gi taxival vagy luxus busszal utazhat el\u00e9rhet\u0151 \u00e1rakon! K\u00e9rjen ingyenes \u00e1raj\u00e1nlatot most!\" \/>\n<meta name=\"robots\" content=\"index, follow, max-snippet:-1, max-image-preview:large, max-video-preview:-1\" \/>\n<link rel=\"canonical\" href=\"https:\/\/taxisiofok.info\/repter-transzfer\/\" \/>\n<meta property=\"og:locale\" content=\"en_US\" \/>\n<meta property=\"og:type\" content=\"article\" \/>\n<meta property=\"og:title\" content=\"[:hu]Budapest Rept\u00e9r Transzfer[:en]Airport transfers from Budapest with taxi, minibus or Bus[:de]Transfer vom Budapest Flughafen mit Taxi, Minibus oder Bus[:]\" \/>\n<meta property=\"og:description\" content=\"{:hu}Rendelje meg n\u00e1lunk a rept\u00e9ri transzfer\u00e9t Budapestr\u0151l\/re! Min\u0151s\u00e9gi taxival vagy luxus busszal utazhat el\u00e9rhet\u0151 \u00e1rakon! K\u00e9rjen ingyenes \u00e1raj\u00e1nlatot most!{:de}Bestellen Sie Ihren Flughafentransfer zwischen Budapest und Siofok (Balaton) oder den Plattensee. Taxi, Minibus und Bus zum Flughafen Budapest.{:}\" \/>\n<meta property=\"og:url\" content=\"https:\/\/taxisiofok.info\/repter-transzfer\/\" \/>\n<meta property=\"og:site_name\" content=\"TAXI SIOFOK.INFO\" \/>\n<meta property=\"article:publisher\" content=\"https:\/\/www.facebook.com\/taxisiofokinfo\/\" \/>\n<meta property=\"article:modified_time\" content=\"2026-02-04T20:45:17+00:00\" \/>\n<meta property=\"og:image\" content=\"http:\/\/taxisiofok.info\/wp-content\/uploads\/2017\/01\/Airport-transfer-300x171.png\" \/>\n<meta name=\"twitter:card\" content=\"summary_large_image\" \/>\n<meta name=\"twitter:site\" content=\"@taxisiofokinfo\" \/>\n<meta name=\"twitter:label1\" content=\"Est. reading time\" \/>\n\t<meta name=\"twitter:data1\" content=\"3 minutes\" \/>\n<script type=\"application\/ld+json\" class=\"yoast-schema-graph\">{\"@context\":\"https:\/\/schema.org\",\"@graph\":[{\"@type\":\"WebPage\",\"@id\":\"https:\/\/taxisiofok.info\/repter-transzfer\/\",\"url\":\"https:\/\/taxisiofok.info\/repter-transzfer\/\",\"name\":\"[:hu]Budapest Rept\u00e9r Transzfer[:en]Airport transfers from Budapest with taxi, minibus or Bus[:de]Transfer vom Budapest Flughafen mit Taxi, Minibus oder Bus[:]\",\"isPartOf\":{\"@id\":\"https:\/\/taxisiofok.info\/#website\"},\"primaryImageOfPage\":{\"@id\":\"https:\/\/taxisiofok.info\/repter-transzfer\/#primaryimage\"},\"image\":{\"@id\":\"https:\/\/taxisiofok.info\/repter-transzfer\/#primaryimage\"},\"thumbnailUrl\":\"http:\/\/taxisiofok.info\/wp-content\/uploads\/2017\/01\/Airport-transfer-300x171.png\",\"datePublished\":\"2016-05-07T09:19:23+00:00\",\"dateModified\":\"2026-02-04T20:45:17+00:00\",\"description\":\"{:hu}Rendelje meg n\u00e1lunk a rept\u00e9ri transzfer\u00e9t Budapestr\u0151l\/re! Min\u0151s\u00e9gi taxival vagy luxus busszal utazhat el\u00e9rhet\u0151 \u00e1rakon! K\u00e9rjen ingyenes \u00e1raj\u00e1nlatot most!{:de}Bestellen Sie Ihren Flughafentransfer zwischen Budapest und Siofok (Balaton) oder den Plattensee. Taxi, Minibus und Bus zum Flughafen Budapest.{:}\",\"breadcrumb\":{\"@id\":\"https:\/\/taxisiofok.info\/repter-transzfer\/#breadcrumb\"},\"inLanguage\":\"en-US\",\"potentialAction\":[{\"@type\":\"ReadAction\",\"target\":[\"https:\/\/taxisiofok.info\/repter-transzfer\/\"]}]},{\"@type\":\"ImageObject\",\"inLanguage\":\"en-US\",\"@id\":\"https:\/\/taxisiofok.info\/repter-transzfer\/#primaryimage\",\"url\":\"http:\/\/taxisiofok.info\/wp-content\/uploads\/2017\/01\/Airport-transfer-300x171.png\",\"contentUrl\":\"http:\/\/taxisiofok.info\/wp-content\/uploads\/2017\/01\/Airport-transfer-300x171.png\"},{\"@type\":\"BreadcrumbList\",\"@id\":\"https:\/\/taxisiofok.info\/repter-transzfer\/#breadcrumb\",\"itemListElement\":[{\"@type\":\"ListItem\",\"position\":1,\"name\":\"Home\",\"item\":\"https:\/\/taxisiofok.info\/\"},{\"@type\":\"ListItem\",\"position\":2,\"name\":\"Budapest rept\u00e9r transzfer\"}]},{\"@type\":\"WebSite\",\"@id\":\"https:\/\/taxisiofok.info\/#website\",\"url\":\"https:\/\/taxisiofok.info\/\",\"name\":\"TAXI SIOFOK.INFO\",\"description\":\"Taxi service in Siofok\",\"potentialAction\":[{\"@type\":\"SearchAction\",\"target\":{\"@type\":\"EntryPoint\",\"urlTemplate\":\"https:\/\/taxisiofok.info\/?s={search_term_string}\"},\"query-input\":\"required name=search_term_string\"}],\"inLanguage\":\"en-US\"}]}<\/script>\n<!-- \/ Yoast SEO plugin. -->","yoast_head_json":{"title":"Airport transfers from Budapest with taxi, minibus or Bus","description":"Rendelje meg n\u00e1lunk a rept\u00e9ri transzfer\u00e9t Budapestr\u0151l\/re! Min\u0151s\u00e9gi taxival vagy luxus busszal utazhat el\u00e9rhet\u0151 \u00e1rakon! K\u00e9rjen ingyenes \u00e1raj\u00e1nlatot most!","robots":{"index":"index","follow":"follow","max-snippet":"max-snippet:-1","max-image-preview":"max-image-preview:large","max-video-preview":"max-video-preview:-1"},"canonical":"https:\/\/taxisiofok.info\/repter-transzfer\/","og_locale":"en_US","og_type":"article","og_title":"[:hu]Budapest Rept\u00e9r Transzfer[:en]Airport transfers from Budapest with taxi, minibus or Bus[:de]Transfer vom Budapest Flughafen mit Taxi, Minibus oder Bus[:]","og_description":"{:hu}Rendelje meg n\u00e1lunk a rept\u00e9ri transzfer\u00e9t Budapestr\u0151l\/re! Min\u0151s\u00e9gi taxival vagy luxus busszal utazhat el\u00e9rhet\u0151 \u00e1rakon! K\u00e9rjen ingyenes \u00e1raj\u00e1nlatot most!{:de}Bestellen Sie Ihren Flughafentransfer zwischen Budapest und Siofok (Balaton) oder den Plattensee. Taxi, Minibus und Bus zum Flughafen Budapest.{:}","og_url":"https:\/\/taxisiofok.info\/repter-transzfer\/","og_site_name":"TAXI SIOFOK.INFO","article_publisher":"https:\/\/www.facebook.com\/taxisiofokinfo\/","article_modified_time":"2026-02-04T20:45:17+00:00","og_image":[{"url":"http:\/\/taxisiofok.info\/wp-content\/uploads\/2017\/01\/Airport-transfer-300x171.png"}],"twitter_card":"summary_large_image","twitter_site":"@taxisiofokinfo","twitter_misc":{"Est. reading time":"3 minutes"},"schema":{"@context":"https:\/\/schema.org","@graph":[{"@type":"WebPage","@id":"https:\/\/taxisiofok.info\/repter-transzfer\/","url":"https:\/\/taxisiofok.info\/repter-transzfer\/","name":"[:hu]Budapest Rept\u00e9r Transzfer[:en]Airport transfers from Budapest with taxi, minibus or Bus[:de]Transfer vom Budapest Flughafen mit Taxi, Minibus oder Bus[:]","isPartOf":{"@id":"https:\/\/taxisiofok.info\/#website"},"primaryImageOfPage":{"@id":"https:\/\/taxisiofok.info\/repter-transzfer\/#primaryimage"},"image":{"@id":"https:\/\/taxisiofok.info\/repter-transzfer\/#primaryimage"},"thumbnailUrl":"http:\/\/taxisiofok.info\/wp-content\/uploads\/2017\/01\/Airport-transfer-300x171.png","datePublished":"2016-05-07T09:19:23+00:00","dateModified":"2026-02-04T20:45:17+00:00","description":"{:hu}Rendelje meg n\u00e1lunk a rept\u00e9ri transzfer\u00e9t Budapestr\u0151l\/re! Min\u0151s\u00e9gi taxival vagy luxus busszal utazhat el\u00e9rhet\u0151 \u00e1rakon! K\u00e9rjen ingyenes \u00e1raj\u00e1nlatot most!{:de}Bestellen Sie Ihren Flughafentransfer zwischen Budapest und Siofok (Balaton) oder den Plattensee. Taxi, Minibus und Bus zum Flughafen Budapest.{:}","breadcrumb":{"@id":"https:\/\/taxisiofok.info\/repter-transzfer\/#breadcrumb"},"inLanguage":"en-US","potentialAction":[{"@type":"ReadAction","target":["https:\/\/taxisiofok.info\/repter-transzfer\/"]}]},{"@type":"ImageObject","inLanguage":"en-US","@id":"https:\/\/taxisiofok.info\/repter-transzfer\/#primaryimage","url":"http:\/\/taxisiofok.info\/wp-content\/uploads\/2017\/01\/Airport-transfer-300x171.png","contentUrl":"http:\/\/taxisiofok.info\/wp-content\/uploads\/2017\/01\/Airport-transfer-300x171.png"},{"@type":"BreadcrumbList","@id":"https:\/\/taxisiofok.info\/repter-transzfer\/#breadcrumb","itemListElement":[{"@type":"ListItem","position":1,"name":"Home","item":"https:\/\/taxisiofok.info\/"},{"@type":"ListItem","position":2,"name":"Budapest rept\u00e9r transzfer"}]},{"@type":"WebSite","@id":"https:\/\/taxisiofok.info\/#website","url":"https:\/\/taxisiofok.info\/","name":"TAXI SIOFOK.INFO","description":"Taxi service in Siofok","potentialAction":[{"@type":"SearchAction","target":{"@type":"EntryPoint","urlTemplate":"https:\/\/taxisiofok.info\/?s={search_term_string}"},"query-input":"required name=search_term_string"}],"inLanguage":"en-US"}]}},"_links":{"self":[{"href":"https:\/\/taxisiofok.info\/en\/wp-json\/wp\/v2\/pages\/21"}],"collection":[{"href":"https:\/\/taxisiofok.info\/en\/wp-json\/wp\/v2\/pages"}],"about":[{"href":"https:\/\/taxisiofok.info\/en\/wp-json\/wp\/v2\/types\/page"}],"author":[{"embeddable":true,"href":"https:\/\/taxisiofok.info\/en\/wp-json\/wp\/v2\/users\/2"}],"replies":[{"embeddable":true,"href":"https:\/\/taxisiofok.info\/en\/wp-json\/wp\/v2\/comments?post=21"}],"version-history":[{"count":22,"href":"https:\/\/taxisiofok.info\/en\/wp-json\/wp\/v2\/pages\/21\/revisions"}],"predecessor-version":[{"id":712,"href":"https:\/\/taxisiofok.info\/en\/wp-json\/wp\/v2\/pages\/21\/revisions\/712"}],"wp:attachment":[{"href":"https:\/\/taxisiofok.info\/en\/wp-json\/wp\/v2\/media?parent=21"}],"curies":[{"name":"wp","href":"https:\/\/api.w.org\/{rel}","templated":true}]}}