{"id":33,"date":"2016-05-07T11:35:19","date_gmt":"2016-05-07T11:35:19","guid":{"rendered":"http:\/\/taxisiofok.info\/?page_id=33"},"modified":"2026-02-08T15:11:39","modified_gmt":"2026-02-08T15:11:39","slug":"taxi-preise","status":"publish","type":"page","link":"https:\/\/taxisiofok.info\/en\/taxi-siofok\/taxi-price\/","title":{"rendered":"Taxi Prices"},"content":{"rendered":"<h1 id=\"tw-target-text\" class=\"tw-data-text tw-ta tw-text-small\" dir=\"ltr\" style=\"text-align: center;\" data-placeholder=\"Ford\u00edt\u00e1s\"><span lang=\"en\" tabindex=\"0\">How much does a taxi cost in Siofok?\u00a0<\/span><\/h1>\n<p class=\"tw-data-text tw-ta tw-text-small\" dir=\"ltr\" style=\"text-align: center;\" data-placeholder=\"Ford\u00edt\u00e1s\"><span lang=\"en\" tabindex=\"0\">Here you can see taxi fares in Siofok. <\/span><span lang=\"en\" tabindex=\"0\">These are the most frequent taxi transports in Siofok.\u00a0<\/span><span lang=\"en\" tabindex=\"0\">If you cannot find your destination, call us at + 36302706200 or ask for a free quote via email. The Taxi Si\u00f3fok Info team wants a good trip to you!<\/span><\/p>\n<p id=\"tw-target-text\" class=\"tw-data-text tw-ta tw-text-small\" dir=\"ltr\" style=\"text-align: center;\" data-placeholder=\"Ford\u00edt\u00e1s\"><span lang=\"en\" tabindex=\"0\">Check the airport transfer prices on our website or contact us via email! If the taxi is not enough for you, we can provide a minibus or a bus too!<\/span><\/p>\n<p dir=\"ltr\" data-placeholder=\"Ford\u00edt\u00e1s\"><img loading=\"lazy\" decoding=\"async\" class=\"aligncenter size-full wp-image-556\" src=\"https:\/\/taxisiofok.info\/wp-content\/uploads\/2026\/01\/2025-taxi-siofok-tarifa-tablazat.jpg\" alt=\"\" width=\"1000\" height=\"251\" srcset=\"https:\/\/taxisiofok.info\/wp-content\/uploads\/2026\/01\/2025-taxi-siofok-tarifa-tablazat.jpg 1000w, https:\/\/taxisiofok.info\/wp-content\/uploads\/2026\/01\/2025-taxi-siofok-tarifa-tablazat-300x75.jpg 300w, https:\/\/taxisiofok.info\/wp-content\/uploads\/2026\/01\/2025-taxi-siofok-tarifa-tablazat-768x193.jpg 768w\" sizes=\"(max-width: 1000px) 100vw, 1000px\" \/><\/p>\n<h2 class=\"tw-data-text tw-ta tw-text-small\" dir=\"ltr\" style=\"text-align: center;\" data-placeholder=\"Ford\u00edt\u00e1s\"><span lang=\"en\" tabindex=\"0\">Why are fixed prices good in the taxi? <\/span><\/h2>\n<ul>\n<li class=\"tw-data-text tw-ta tw-text-small\" dir=\"ltr\" style=\"text-align: center;\" data-placeholder=\"Ford\u00edt\u00e1s\"><span lang=\"en\" tabindex=\"0\">You don&#8217;t have to worry about getting more expensive<\/span><\/li>\n<li class=\"tw-data-text tw-ta tw-text-small\" dir=\"ltr\" style=\"text-align: center;\" data-placeholder=\"Ford\u00edt\u00e1s\">Transparent prices for up to 4 and 5-6 passengers<\/li>\n<li class=\"tw-data-text tw-ta tw-text-small\" dir=\"ltr\" style=\"text-align: center;\" data-placeholder=\"Ford\u00edt\u00e1s\">There is no surcharge for packages<\/li>\n<li class=\"tw-data-text tw-ta tw-text-small\" dir=\"ltr\" style=\"text-align: center;\" data-placeholder=\"Ford\u00edt\u00e1s\">And most importantly: Reliable and easy to calculate it<\/li>\n<\/ul>\n<p style=\"text-align: center;\">There are the prices in Hungarian Forints (HUF)<\/p>\n<table class=\" alignleft\" style=\"height: 410px;\" width=\"243\">\n<tbody>\n<tr>\n<td style=\"text-align: center;\"><\/td>\n<td style=\"background-color: #e8e81c; text-align: center;\"><span style=\"color: #000000;\">1-4\u00a0passenger<\/span><\/td>\n<td style=\"background-color: #669ade; text-align: center;\"><span style=\"color: #000000;\">5-6\u00a0passenger<\/span><\/td>\n<\/tr>\n<tr>\n<td>Siofok Center<\/td>\n<td style=\"text-align: center;\">5000<\/td>\n<td style=\"text-align: center;\">7500<\/td>\n<\/tr>\n<tr>\n<td>Balatonszabadi-furdo<\/td>\n<td style=\"text-align: center;\">6000<\/td>\n<td style=\"text-align: center;\">9000<\/td>\n<\/tr>\n<tr>\n<td>Sosto train station<\/td>\n<td style=\"text-align: center;\">8000<\/td>\n<td style=\"text-align: center;\">12000<\/td>\n<\/tr>\n<tr>\n<td>Sosto<\/td>\n<td style=\"text-align: center;\">7000-10000<\/td>\n<td style=\"text-align: center;\">10500-15000<\/td>\n<\/tr>\n<tr>\n<td>Balatonvilagos<\/td>\n<td style=\"text-align: center;\">13000<\/td>\n<td style=\"text-align: center;\">19500<\/td>\n<\/tr>\n<tr>\n<td>Balatonaliga<\/td>\n<td style=\"text-align: center;\">15000<\/td>\n<td style=\"text-align: center;\">22500<\/td>\n<\/tr>\n<tr>\n<td>Szeplak-felso<\/td>\n<td style=\"text-align: center;\">6000 &#8211; 7000<\/td>\n<td style=\"text-align: center;\">9000-10500<\/td>\n<\/tr>\n<tr>\n<td>Szeplak-also<\/td>\n<td style=\"text-align: center;\">8000<\/td>\n<td style=\"text-align: center;\">12000<\/td>\n<\/tr>\n<tr>\n<td>Zamardi-felso<\/td>\n<td style=\"text-align: center;\">9000<\/td>\n<td style=\"text-align: center;\">13500<\/td>\n<\/tr>\n<tr>\n<td>Zamardi<\/td>\n<td style=\"text-align: center;\">10000<\/td>\n<td style=\"text-align: center;\">15000<\/td>\n<\/tr>\n<tr>\n<td>Szantod<\/td>\n<td style=\"text-align: center;\">13000<\/td>\n<td style=\"text-align: center;\">19500<\/td>\n<\/tr>\n<tr>\n<td style=\"text-align: center;\">Balatonfoldvar<\/td>\n<td style=\"text-align: center;\">15000<\/td>\n<td style=\"text-align: center;\">22500<\/td>\n<\/tr>\n<\/tbody>\n<\/table>","protected":false},"excerpt":{"rendered":"<p>How much does a taxi cost in Siofok?\u00a0 Here you can see taxi fares in Siofok. These are the most frequent taxi transports in Siofok.\u00a0If you cannot find your destination, call us at + 36302706200 or ask for a free quote via email. The Taxi Si\u00f3fok Info team wants a good trip to you! Check [&hellip;]<\/p>\n","protected":false},"author":2,"featured_media":0,"parent":2,"menu_order":0,"comment_status":"closed","ping_status":"closed","template":"","meta":{"footnotes":""},"yoast_head":"<!-- This site is optimized with the Yoast SEO plugin v23.0 - https:\/\/yoast.com\/wordpress\/plugins\/seo\/ -->\n<title>Taxi costs in siofok and its surroundings.<\/title>\n<meta name=\"description\" content=\"Check and calculate your taxi costs in Siofok. There are fixed prices for maximum 4 or 5-6 passenger. Click here now to order your cheap taxi ride.\" \/>\n<meta name=\"robots\" content=\"index, follow, max-snippet:-1, max-image-preview:large, max-video-preview:-1\" \/>\n<link rel=\"canonical\" href=\"https:\/\/taxisiofok.info\/taxi-siofok\/taxi-arak\/\" \/>\n<meta property=\"og:locale\" content=\"en_US\" \/>\n<meta property=\"og:type\" content=\"article\" \/>\n<meta property=\"og:title\" content=\"[:hu]Inform\u00e1ci\u00f3 a si\u00f3foki taxi \u00e1rakr\u00f3l: Fix \u00e9s nincs meglepet\u00e9s![:en]Taxi costs in siofok and its surroundings.[:de]Taxi Siofok Preise: Wie viel kostet ein Taxi in Si\u00f3fok?[:]\" \/>\n<meta property=\"og:description\" content=\"{:hu}Tekintse meg a taxi \u00e1rakat Si\u00f3fok \u00e9s a k\u00f6rnyez\u0151 telep\u00fcl\u00e9sek k\u00f6z\u00f6tt! Taxirendel\u00e9s eset\u00e9n h\u00edvjon minket bizalommal \u00e9s mi elvissz\u00fck \u00d6nt a c\u00e9lj\u00e1hoz!{:en}Check and calculate your taxi costs in Siofok. There are fixed prices for maximum 4 or 5-6 passenger. Click here now to order your cheap taxi ride.{:de}Die Taxipreise in Siofok finden Sie hier. Klicken Sie auf und sehen Sie, wie viel Sie bezahlen m\u00fcssen. Taxipreisrechner in Si\u00f3fok und Umgebung{:}\" \/>\n<meta property=\"og:url\" content=\"https:\/\/taxisiofok.info\/taxi-siofok\/taxi-arak\/\" \/>\n<meta property=\"og:site_name\" content=\"TAXI SIOFOK.INFO\" \/>\n<meta property=\"article:publisher\" content=\"https:\/\/www.facebook.com\/taxisiofokinfo\/\" \/>\n<meta property=\"article:modified_time\" content=\"2026-02-08T15:11:39+00:00\" \/>\n<meta property=\"og:image\" content=\"https:\/\/taxisiofok.info\/wp-content\/uploads\/2026\/01\/2025-taxi-siofok-tarifa-tablazat.webp\" \/>\n<meta name=\"twitter:card\" content=\"summary_large_image\" \/>\n<meta name=\"twitter:site\" content=\"@taxisiofokinfo\" \/>\n<meta name=\"twitter:label1\" content=\"Est. reading time\" \/>\n\t<meta name=\"twitter:data1\" content=\"5 minutes\" \/>\n<script type=\"application\/ld+json\" class=\"yoast-schema-graph\">{\"@context\":\"https:\/\/schema.org\",\"@graph\":[{\"@type\":\"WebPage\",\"@id\":\"https:\/\/taxisiofok.info\/taxi-siofok\/taxi-arak\/\",\"url\":\"https:\/\/taxisiofok.info\/taxi-siofok\/taxi-arak\/\",\"name\":\"[:hu]Inform\u00e1ci\u00f3 a si\u00f3foki taxi \u00e1rakr\u00f3l: Fix \u00e9s nincs meglepet\u00e9s![:en]Taxi costs in siofok and its surroundings.[:de]Taxi Siofok Preise: Wie viel kostet ein Taxi in Si\u00f3fok?[:]\",\"isPartOf\":{\"@id\":\"https:\/\/taxisiofok.info\/#website\"},\"primaryImageOfPage\":{\"@id\":\"https:\/\/taxisiofok.info\/taxi-siofok\/taxi-arak\/#primaryimage\"},\"image\":{\"@id\":\"https:\/\/taxisiofok.info\/taxi-siofok\/taxi-arak\/#primaryimage\"},\"thumbnailUrl\":\"https:\/\/taxisiofok.info\/wp-content\/uploads\/2026\/01\/2025-taxi-siofok-tarifa-tablazat.webp\",\"datePublished\":\"2016-05-07T11:35:19+00:00\",\"dateModified\":\"2026-02-08T15:11:39+00:00\",\"description\":\"{:hu}Tekintse meg a taxi \u00e1rakat Si\u00f3fok \u00e9s a k\u00f6rnyez\u0151 telep\u00fcl\u00e9sek k\u00f6z\u00f6tt! Taxirendel\u00e9s eset\u00e9n h\u00edvjon minket bizalommal \u00e9s mi elvissz\u00fck \u00d6nt a c\u00e9lj\u00e1hoz!{:en}Check and calculate your taxi costs in Siofok. There are fixed prices for maximum 4 or 5-6 passenger. Click here now to order your cheap taxi ride.{:de}Die Taxipreise in Siofok finden Sie hier. Klicken Sie auf und sehen Sie, wie viel Sie bezahlen m\u00fcssen. Taxipreisrechner in Si\u00f3fok und Umgebung{:}\",\"breadcrumb\":{\"@id\":\"https:\/\/taxisiofok.info\/taxi-siofok\/taxi-arak\/#breadcrumb\"},\"inLanguage\":\"en-US\",\"potentialAction\":[{\"@type\":\"ReadAction\",\"target\":[\"https:\/\/taxisiofok.info\/taxi-siofok\/taxi-arak\/\"]}]},{\"@type\":\"ImageObject\",\"inLanguage\":\"en-US\",\"@id\":\"https:\/\/taxisiofok.info\/taxi-siofok\/taxi-arak\/#primaryimage\",\"url\":\"https:\/\/taxisiofok.info\/wp-content\/uploads\/2026\/01\/2025-taxi-siofok-tarifa-tablazat.webp\",\"contentUrl\":\"https:\/\/taxisiofok.info\/wp-content\/uploads\/2026\/01\/2025-taxi-siofok-tarifa-tablazat.webp\"},{\"@type\":\"BreadcrumbList\",\"@id\":\"https:\/\/taxisiofok.info\/taxi-siofok\/taxi-arak\/#breadcrumb\",\"itemListElement\":[{\"@type\":\"ListItem\",\"position\":1,\"name\":\"Home\",\"item\":\"https:\/\/taxisiofok.info\/\"},{\"@type\":\"ListItem\",\"position\":2,\"name\":\"Taxi Si\u00f3fok\",\"item\":\"https:\/\/taxisiofok.info\/\"},{\"@type\":\"ListItem\",\"position\":3,\"name\":\"Taxi \u00c1rak\"}]},{\"@type\":\"WebSite\",\"@id\":\"https:\/\/taxisiofok.info\/#website\",\"url\":\"https:\/\/taxisiofok.info\/\",\"name\":\"TAXI SIOFOK.INFO\",\"description\":\"Taxi service in Siofok\",\"potentialAction\":[{\"@type\":\"SearchAction\",\"target\":{\"@type\":\"EntryPoint\",\"urlTemplate\":\"https:\/\/taxisiofok.info\/?s={search_term_string}\"},\"query-input\":\"required name=search_term_string\"}],\"inLanguage\":\"en-US\"}]}<\/script>\n<!-- \/ Yoast SEO plugin. -->","yoast_head_json":{"title":"Taxi costs in siofok and its surroundings.","description":"Check and calculate your taxi costs in Siofok. There are fixed prices for maximum 4 or 5-6 passenger. Click here now to order your cheap taxi ride.","robots":{"index":"index","follow":"follow","max-snippet":"max-snippet:-1","max-image-preview":"max-image-preview:large","max-video-preview":"max-video-preview:-1"},"canonical":"https:\/\/taxisiofok.info\/taxi-siofok\/taxi-arak\/","og_locale":"en_US","og_type":"article","og_title":"[:hu]Inform\u00e1ci\u00f3 a si\u00f3foki taxi \u00e1rakr\u00f3l: Fix \u00e9s nincs meglepet\u00e9s![:en]Taxi costs in siofok and its surroundings.[:de]Taxi Siofok Preise: Wie viel kostet ein Taxi in Si\u00f3fok?[:]","og_description":"{:hu}Tekintse meg a taxi \u00e1rakat Si\u00f3fok \u00e9s a k\u00f6rnyez\u0151 telep\u00fcl\u00e9sek k\u00f6z\u00f6tt! Taxirendel\u00e9s eset\u00e9n h\u00edvjon minket bizalommal \u00e9s mi elvissz\u00fck \u00d6nt a c\u00e9lj\u00e1hoz!{:en}Check and calculate your taxi costs in Siofok. There are fixed prices for maximum 4 or 5-6 passenger. Click here now to order your cheap taxi ride.{:de}Die Taxipreise in Siofok finden Sie hier. Klicken Sie auf und sehen Sie, wie viel Sie bezahlen m\u00fcssen. Taxipreisrechner in Si\u00f3fok und Umgebung{:}","og_url":"https:\/\/taxisiofok.info\/taxi-siofok\/taxi-arak\/","og_site_name":"TAXI SIOFOK.INFO","article_publisher":"https:\/\/www.facebook.com\/taxisiofokinfo\/","article_modified_time":"2026-02-08T15:11:39+00:00","og_image":[{"url":"https:\/\/taxisiofok.info\/wp-content\/uploads\/2026\/01\/2025-taxi-siofok-tarifa-tablazat.webp"}],"twitter_card":"summary_large_image","twitter_site":"@taxisiofokinfo","twitter_misc":{"Est. reading time":"5 minutes"},"schema":{"@context":"https:\/\/schema.org","@graph":[{"@type":"WebPage","@id":"https:\/\/taxisiofok.info\/taxi-siofok\/taxi-arak\/","url":"https:\/\/taxisiofok.info\/taxi-siofok\/taxi-arak\/","name":"[:hu]Inform\u00e1ci\u00f3 a si\u00f3foki taxi \u00e1rakr\u00f3l: Fix \u00e9s nincs meglepet\u00e9s![:en]Taxi costs in siofok and its surroundings.[:de]Taxi Siofok Preise: Wie viel kostet ein Taxi in Si\u00f3fok?[:]","isPartOf":{"@id":"https:\/\/taxisiofok.info\/#website"},"primaryImageOfPage":{"@id":"https:\/\/taxisiofok.info\/taxi-siofok\/taxi-arak\/#primaryimage"},"image":{"@id":"https:\/\/taxisiofok.info\/taxi-siofok\/taxi-arak\/#primaryimage"},"thumbnailUrl":"https:\/\/taxisiofok.info\/wp-content\/uploads\/2026\/01\/2025-taxi-siofok-tarifa-tablazat.webp","datePublished":"2016-05-07T11:35:19+00:00","dateModified":"2026-02-08T15:11:39+00:00","description":"{:hu}Tekintse meg a taxi \u00e1rakat Si\u00f3fok \u00e9s a k\u00f6rnyez\u0151 telep\u00fcl\u00e9sek k\u00f6z\u00f6tt! Taxirendel\u00e9s eset\u00e9n h\u00edvjon minket bizalommal \u00e9s mi elvissz\u00fck \u00d6nt a c\u00e9lj\u00e1hoz!{:en}Check and calculate your taxi costs in Siofok. There are fixed prices for maximum 4 or 5-6 passenger. Click here now to order your cheap taxi ride.{:de}Die Taxipreise in Siofok finden Sie hier. Klicken Sie auf und sehen Sie, wie viel Sie bezahlen m\u00fcssen. Taxipreisrechner in Si\u00f3fok und Umgebung{:}","breadcrumb":{"@id":"https:\/\/taxisiofok.info\/taxi-siofok\/taxi-arak\/#breadcrumb"},"inLanguage":"en-US","potentialAction":[{"@type":"ReadAction","target":["https:\/\/taxisiofok.info\/taxi-siofok\/taxi-arak\/"]}]},{"@type":"ImageObject","inLanguage":"en-US","@id":"https:\/\/taxisiofok.info\/taxi-siofok\/taxi-arak\/#primaryimage","url":"https:\/\/taxisiofok.info\/wp-content\/uploads\/2026\/01\/2025-taxi-siofok-tarifa-tablazat.webp","contentUrl":"https:\/\/taxisiofok.info\/wp-content\/uploads\/2026\/01\/2025-taxi-siofok-tarifa-tablazat.webp"},{"@type":"BreadcrumbList","@id":"https:\/\/taxisiofok.info\/taxi-siofok\/taxi-arak\/#breadcrumb","itemListElement":[{"@type":"ListItem","position":1,"name":"Home","item":"https:\/\/taxisiofok.info\/"},{"@type":"ListItem","position":2,"name":"Taxi Si\u00f3fok","item":"https:\/\/taxisiofok.info\/"},{"@type":"ListItem","position":3,"name":"Taxi \u00c1rak"}]},{"@type":"WebSite","@id":"https:\/\/taxisiofok.info\/#website","url":"https:\/\/taxisiofok.info\/","name":"TAXI SIOFOK.INFO","description":"Taxi service in Siofok","potentialAction":[{"@type":"SearchAction","target":{"@type":"EntryPoint","urlTemplate":"https:\/\/taxisiofok.info\/?s={search_term_string}"},"query-input":"required name=search_term_string"}],"inLanguage":"en-US"}]}},"_links":{"self":[{"href":"https:\/\/taxisiofok.info\/en\/wp-json\/wp\/v2\/pages\/33"}],"collection":[{"href":"https:\/\/taxisiofok.info\/en\/wp-json\/wp\/v2\/pages"}],"about":[{"href":"https:\/\/taxisiofok.info\/en\/wp-json\/wp\/v2\/types\/page"}],"author":[{"embeddable":true,"href":"https:\/\/taxisiofok.info\/en\/wp-json\/wp\/v2\/users\/2"}],"replies":[{"embeddable":true,"href":"https:\/\/taxisiofok.info\/en\/wp-json\/wp\/v2\/comments?post=33"}],"version-history":[{"count":52,"href":"https:\/\/taxisiofok.info\/en\/wp-json\/wp\/v2\/pages\/33\/revisions"}],"predecessor-version":[{"id":727,"href":"https:\/\/taxisiofok.info\/en\/wp-json\/wp\/v2\/pages\/33\/revisions\/727"}],"up":[{"embeddable":true,"href":"https:\/\/taxisiofok.info\/en\/wp-json\/wp\/v2\/pages\/2"}],"wp:attachment":[{"href":"https:\/\/taxisiofok.info\/en\/wp-json\/wp\/v2\/media?parent=33"}],"curies":[{"name":"wp","href":"https:\/\/api.w.org\/{rel}","templated":true}]}}