{"id":702,"date":"2026-02-03T19:32:48","date_gmt":"2026-02-03T19:32:48","guid":{"rendered":"https:\/\/taxisiofok.info\/cookie-policy\/"},"modified":"2026-02-03T19:44:12","modified_gmt":"2026-02-03T19:44:12","slug":"cookie-policy","status":"publish","type":"page","link":"https:\/\/taxisiofok.info\/en\/cookie-policy\/","title":{"rendered":"Adatkezel\u00e9si T\u00e1j\u00e9koztat\u00f3:"},"content":{"rendered":"\n<p><a href=\"https:\/\/taxisiofok.info\/wp-content\/uploads\/2026\/02\/Adatkezelesi-Tajekoztato.pdf\">Megnyitom \u00e9s elolvasom!<\/a><\/p>\n","protected":false},"excerpt":{"rendered":"<p>Megnyitom \u00e9s elolvasom!<\/p>\n","protected":false},"author":2,"featured_media":0,"parent":0,"menu_order":0,"comment_status":"closed","ping_status":"closed","template":"","meta":{"footnotes":""},"yoast_head":"<!-- This site is optimized with the Yoast SEO plugin v23.0 - https:\/\/yoast.com\/wordpress\/plugins\/seo\/ -->\n<title>Adatkezel\u00e9si T\u00e1j\u00e9koztat\u00f3: - TAXI SIOFOK.INFO<\/title>\n<meta name=\"robots\" content=\"noindex, nofollow\" \/>\n<meta property=\"og:locale\" content=\"en_US\" \/>\n<meta property=\"og:type\" content=\"article\" \/>\n<meta property=\"og:title\" content=\"Adatkezel\u00e9si T\u00e1j\u00e9koztat\u00f3: - TAXI SIOFOK.INFO\" \/>\n<meta property=\"og:description\" content=\"Megnyitom \u00e9s elolvasom!\" \/>\n<meta property=\"og:url\" content=\"https:\/\/taxisiofok.info\/cookie-policy\/\" \/>\n<meta property=\"og:site_name\" content=\"TAXI SIOFOK.INFO\" \/>\n<meta property=\"article:publisher\" content=\"https:\/\/www.facebook.com\/taxisiofokinfo\/\" \/>\n<meta property=\"article:modified_time\" content=\"2026-02-03T19:44:12+00:00\" \/>\n<meta name=\"twitter:card\" content=\"summary_large_image\" \/>\n<meta name=\"twitter:site\" content=\"@taxisiofokinfo\" \/>\n<meta name=\"twitter:label1\" content=\"Est. reading time\" \/>\n\t<meta name=\"twitter:data1\" content=\"1 minute\" \/>\n<script type=\"application\/ld+json\" class=\"yoast-schema-graph\">{\"@context\":\"https:\/\/schema.org\",\"@graph\":[{\"@type\":\"WebPage\",\"@id\":\"https:\/\/taxisiofok.info\/cookie-policy\/\",\"url\":\"https:\/\/taxisiofok.info\/cookie-policy\/\",\"name\":\"Adatkezel\u00e9si T\u00e1j\u00e9koztat\u00f3: - TAXI SIOFOK.INFO\",\"isPartOf\":{\"@id\":\"https:\/\/taxisiofok.info\/#website\"},\"datePublished\":\"2026-02-03T19:32:48+00:00\",\"dateModified\":\"2026-02-03T19:44:12+00:00\",\"breadcrumb\":{\"@id\":\"https:\/\/taxisiofok.info\/cookie-policy\/#breadcrumb\"},\"inLanguage\":\"en-US\",\"potentialAction\":[{\"@type\":\"ReadAction\",\"target\":[\"https:\/\/taxisiofok.info\/cookie-policy\/\"]}]},{\"@type\":\"BreadcrumbList\",\"@id\":\"https:\/\/taxisiofok.info\/cookie-policy\/#breadcrumb\",\"itemListElement\":[{\"@type\":\"ListItem\",\"position\":1,\"name\":\"Home\",\"item\":\"https:\/\/taxisiofok.info\/\"},{\"@type\":\"ListItem\",\"position\":2,\"name\":\"Adatkezel\u00e9si T\u00e1j\u00e9koztat\u00f3:\"}]},{\"@type\":\"WebSite\",\"@id\":\"https:\/\/taxisiofok.info\/#website\",\"url\":\"https:\/\/taxisiofok.info\/\",\"name\":\"TAXI SIOFOK.INFO\",\"description\":\"Taxi service in Siofok\",\"potentialAction\":[{\"@type\":\"SearchAction\",\"target\":{\"@type\":\"EntryPoint\",\"urlTemplate\":\"https:\/\/taxisiofok.info\/?s={search_term_string}\"},\"query-input\":\"required name=search_term_string\"}],\"inLanguage\":\"en-US\"}]}<\/script>\n<!-- \/ Yoast SEO plugin. -->","yoast_head_json":{"title":"Adatkezel\u00e9si T\u00e1j\u00e9koztat\u00f3: - TAXI SIOFOK.INFO","robots":{"index":"noindex","follow":"nofollow"},"og_locale":"en_US","og_type":"article","og_title":"Adatkezel\u00e9si T\u00e1j\u00e9koztat\u00f3: - TAXI SIOFOK.INFO","og_description":"Megnyitom \u00e9s elolvasom!","og_url":"https:\/\/taxisiofok.info\/cookie-policy\/","og_site_name":"TAXI SIOFOK.INFO","article_publisher":"https:\/\/www.facebook.com\/taxisiofokinfo\/","article_modified_time":"2026-02-03T19:44:12+00:00","twitter_card":"summary_large_image","twitter_site":"@taxisiofokinfo","twitter_misc":{"Est. reading time":"1 minute"},"schema":{"@context":"https:\/\/schema.org","@graph":[{"@type":"WebPage","@id":"https:\/\/taxisiofok.info\/cookie-policy\/","url":"https:\/\/taxisiofok.info\/cookie-policy\/","name":"Adatkezel\u00e9si T\u00e1j\u00e9koztat\u00f3: - TAXI SIOFOK.INFO","isPartOf":{"@id":"https:\/\/taxisiofok.info\/#website"},"datePublished":"2026-02-03T19:32:48+00:00","dateModified":"2026-02-03T19:44:12+00:00","breadcrumb":{"@id":"https:\/\/taxisiofok.info\/cookie-policy\/#breadcrumb"},"inLanguage":"en-US","potentialAction":[{"@type":"ReadAction","target":["https:\/\/taxisiofok.info\/cookie-policy\/"]}]},{"@type":"BreadcrumbList","@id":"https:\/\/taxisiofok.info\/cookie-policy\/#breadcrumb","itemListElement":[{"@type":"ListItem","position":1,"name":"Home","item":"https:\/\/taxisiofok.info\/"},{"@type":"ListItem","position":2,"name":"Adatkezel\u00e9si T\u00e1j\u00e9koztat\u00f3:"}]},{"@type":"WebSite","@id":"https:\/\/taxisiofok.info\/#website","url":"https:\/\/taxisiofok.info\/","name":"TAXI SIOFOK.INFO","description":"Taxi service in Siofok","potentialAction":[{"@type":"SearchAction","target":{"@type":"EntryPoint","urlTemplate":"https:\/\/taxisiofok.info\/?s={search_term_string}"},"query-input":"required name=search_term_string"}],"inLanguage":"en-US"}]}},"_links":{"self":[{"href":"https:\/\/taxisiofok.info\/en\/wp-json\/wp\/v2\/pages\/702"}],"collection":[{"href":"https:\/\/taxisiofok.info\/en\/wp-json\/wp\/v2\/pages"}],"about":[{"href":"https:\/\/taxisiofok.info\/en\/wp-json\/wp\/v2\/types\/page"}],"author":[{"embeddable":true,"href":"https:\/\/taxisiofok.info\/en\/wp-json\/wp\/v2\/users\/2"}],"replies":[{"embeddable":true,"href":"https:\/\/taxisiofok.info\/en\/wp-json\/wp\/v2\/comments?post=702"}],"version-history":[{"count":2,"href":"https:\/\/taxisiofok.info\/en\/wp-json\/wp\/v2\/pages\/702\/revisions"}],"predecessor-version":[{"id":706,"href":"https:\/\/taxisiofok.info\/en\/wp-json\/wp\/v2\/pages\/702\/revisions\/706"}],"wp:attachment":[{"href":"https:\/\/taxisiofok.info\/en\/wp-json\/wp\/v2\/media?parent=702"}],"curies":[{"name":"wp","href":"https:\/\/api.w.org\/{rel}","templated":true}]}}