{"id":83,"date":"2016-05-08T08:39:00","date_gmt":"2016-05-08T08:39:00","guid":{"rendered":"http:\/\/taxisiofok.info\/?page_id=83"},"modified":"2026-01-26T22:00:11","modified_gmt":"2026-01-26T22:00:11","slug":"budapest-siofok","status":"publish","type":"page","link":"https:\/\/taxisiofok.info\/en\/airport-transfer\/budapest-siofok\/","title":{"rendered":"Budapest &#8211; Siofok"},"content":{"rendered":"<h1>Airport transfers with taxi between Budapest (BUD) and Si\u00f3fok.<\/h1>\n<p id=\"tw-target-text\" class=\"tw-data-text tw-text-large tw-ta\" dir=\"ltr\" tabindex=\"-1\" role=\"text\" data-placeholder=\"Ford\u00edt\u00e1s\" data-ved=\"2ahUKEwjzkt_s5qeSAxUkFRAIHbrpAzkQ3ewLegQIDBAX\" aria-label=\"Leford\u00edtott sz\u00f6veg: Book your airport transfer from Budapest Liszt Ferenc International Airport to Si\u00f3fok, the capital of Lake Balaton, in good time.\"><span class=\"Y2IQFc\" lang=\"en\">Book your airport transfer in time from Budapest Liszt Ferenc International Airport to Si\u00f3fok, the capital of Lake Balaton.<\/span><\/p>\n<h2>Why choose the Taxi Si\u00f3fok Info&#8217;s transfer service?<\/h2>\n<p id=\"tw-target-text\" class=\"tw-data-text tw-text-large tw-ta\" dir=\"ltr\" tabindex=\"-1\" role=\"text\" data-placeholder=\"Ford\u00edt\u00e1s\" data-ved=\"2ahUKEwjzkt_s5qeSAxUkFRAIHbrpAzkQ3ewLegQIDBAX\" aria-label=\"Leford\u00edtott sz\u00f6veg: Budapest airport transfer is one of our main services, which we provide with excellent taxis and minibuses. Budapest Airport (BUD) is approximately 130 km from Si\u00f3fok, which we travel almost entirely on the motorway (M0-M7)! The travel time is approx. 70-90 minutes, depending on traffic, up to 120 minutes in high season.\"><span class=\"Y2IQFc\" lang=\"en\">Budapest airport transfer is one of our main services, which we provide with excellent taxis and minibuses. The Budapest Airport (BUD) is approximately 130 km from Si\u00f3fok, which we travel almost entirely on the highway (M0-M7)! The travel time is approx. 70-90 minutes, depending on traffic, up to 120 minutes in the Summer season.<\/span><\/p>\n<h3 class=\"tw-data-text tw-ta tw-text-small\" dir=\"ltr\" data-placeholder=\"Ford\u00edt\u00e1s\">How to order the airport transfer?<\/h3>\n<ol>\n<li>Ask for a <a href=\"http:\/\/taxisiofok.info\/en\/contact\/\">free quote<\/a> via e-mail.<\/li>\n<li>We will give you a quote to your e-mail.<\/li>\n<li>If this quote is good for you, please order the ride in e-mail.<\/li>\n<li>We confirm your order. We don&#8217;t ask for money in advance. You should pay with cash or with card for the driver.<\/li>\n<li>We will meet you at the terminal exit. The driver will wait for you with a table with your name on it.<\/li>\n<\/ol>\n<h4 id=\"tw-target-text\" class=\"tw-data-text tw-text-large tw-ta\" dir=\"ltr\" tabindex=\"-1\" role=\"text\" data-placeholder=\"Ford\u00edt\u00e1s\" data-ved=\"2ahUKEwjzkt_s5qeSAxUkFRAIHbrpAzkQ3ewLegQIDBAX\" aria-label=\"Leford\u00edtott sz\u00f6veg: What kind of taxi can you take to the airport?\"><span class=\"Y2IQFc\" lang=\"en\">What kind of taxi can you take to the airport?<\/span><\/h4>\n<ul>\n<li>You can chose between taxi (maximum 4 passenger), minibus (maximum 7 passenger)<\/li>\n<li>We work with modern cars. (VW Caravelle, Opel Zafira, Seat Alhambra)<\/li>\n<li>Our shuttle cars are always clean<\/li>\n<li>The drivers can speak english and german.<\/li>\n<li>We are reliable and safe drivers<\/li>\n<\/ul>\n<p><a href=\"https:\/\/www.siofok.hu\/\">Click here to the official website of Siofok.<\/a><\/p>\n<p style=\"text-align: center;\">Thank you for your ordering! Best regards from Siofok.<\/p>\n<p style=\"text-align: center;\"><img loading=\"lazy\" decoding=\"async\" class=\"aligncenter wp-image-322\" src=\"http:\/\/taxisiofok.info\/wp-content\/uploads\/2016\/05\/Taxisiofoklogo.jpg\" alt=\"taxi si\u00f3fok info logo\" width=\"371\" height=\"212\" srcset=\"https:\/\/taxisiofok.info\/wp-content\/uploads\/2016\/05\/Taxisiofoklogo.jpg 345w, https:\/\/taxisiofok.info\/wp-content\/uploads\/2016\/05\/Taxisiofoklogo-300x171.jpg 300w\" sizes=\"(max-width: 371px) 100vw, 371px\" \/><\/p>\n<p>\u00a0","protected":false},"excerpt":{"rendered":"<p>Airport transfers with taxi between Budapest (BUD) and Si\u00f3fok. Book your airport transfer in time from Budapest Liszt Ferenc International Airport to Si\u00f3fok, the capital of Lake Balaton. Why choose the Taxi Si\u00f3fok Info&#8217;s transfer service? Budapest airport transfer is one of our main services, which we provide with excellent taxis and minibuses. The Budapest [&hellip;]<\/p>\n","protected":false},"author":2,"featured_media":0,"parent":21,"menu_order":0,"comment_status":"closed","ping_status":"closed","template":"","meta":{"footnotes":""},"yoast_head":"<!-- This site is optimized with the Yoast SEO plugin v23.0 - https:\/\/yoast.com\/wordpress\/plugins\/seo\/ -->\n<title>Taxi transfer between Budapest Airport and Siofok<\/title>\n<meta name=\"description\" content=\"Order your taxi transfer from our shuttle service from Budapest Airport to Siofok. Chose the most comfortable and safty way for your travel. Click here.\" \/>\n<meta name=\"robots\" content=\"index, follow, max-snippet:-1, max-image-preview:large, max-video-preview:-1\" \/>\n<link rel=\"canonical\" href=\"https:\/\/taxisiofok.info\/repter-transzfer\/budapest-siofok\/\" \/>\n<meta property=\"og:locale\" content=\"en_US\" \/>\n<meta property=\"og:type\" content=\"article\" \/>\n<meta property=\"og:title\" content=\"[:hu]Utazzon taxival a budapesti rept\u00e9r \u00e9s Si\u00f3fok k\u00f6z\u00f6tt![:en]Taxi transfer between Budapest Airport and Siofok[:de] Taxitransfer zwischen dem Flughafen Budapest und Siofok[:]\" \/>\n<meta property=\"og:description\" content=\"{:hu}Foglalja le most taxis rept\u00e9r transzfer\u00e9t Budapest \u00e9s Si\u00f3fok k\u00f6z\u00f6tt! Utazzon k\u00e9nyelmes, nagy csomagter\u0171, ak\u00e1r 6 utas sz\u00e1m\u00e1ra is megfelel\u0151 aut\u00f3val!{:en}Order your taxi transfer from our shuttle service from Budapest Airport to Siofok. Chose the most comfortable and safty way for your travel. Click here.{:de}Bestellen Sie Ihren Taxitransfer von unserem Shuttleservice vom Flughafen Budapest nach Siofok. W\u00e4hlen Sie den bequemsten und sichersten Weg f\u00fcr Ihre Reise.{:}\" \/>\n<meta property=\"og:url\" content=\"https:\/\/taxisiofok.info\/repter-transzfer\/budapest-siofok\/\" \/>\n<meta property=\"og:site_name\" content=\"TAXI SIOFOK.INFO\" \/>\n<meta property=\"article:publisher\" content=\"https:\/\/www.facebook.com\/taxisiofokinfo\/\" \/>\n<meta property=\"article:modified_time\" content=\"2026-01-26T22:00:11+00:00\" \/>\n<meta name=\"twitter:card\" content=\"summary_large_image\" \/>\n<meta name=\"twitter:site\" content=\"@taxisiofokinfo\" \/>\n<meta name=\"twitter:label1\" content=\"Est. reading time\" \/>\n\t<meta name=\"twitter:data1\" content=\"5 minutes\" \/>\n<script type=\"application\/ld+json\" class=\"yoast-schema-graph\">{\"@context\":\"https:\/\/schema.org\",\"@graph\":[{\"@type\":\"WebPage\",\"@id\":\"https:\/\/taxisiofok.info\/repter-transzfer\/budapest-siofok\/\",\"url\":\"https:\/\/taxisiofok.info\/repter-transzfer\/budapest-siofok\/\",\"name\":\"[:hu]Utazzon taxival a budapesti rept\u00e9r \u00e9s Si\u00f3fok k\u00f6z\u00f6tt![:en]Taxi transfer between Budapest Airport and Siofok[:de] Taxitransfer zwischen dem Flughafen Budapest und Siofok[:]\",\"isPartOf\":{\"@id\":\"https:\/\/taxisiofok.info\/#website\"},\"primaryImageOfPage\":{\"@id\":\"https:\/\/taxisiofok.info\/repter-transzfer\/budapest-siofok\/#primaryimage\"},\"image\":{\"@id\":\"https:\/\/taxisiofok.info\/repter-transzfer\/budapest-siofok\/#primaryimage\"},\"thumbnailUrl\":\"http:\/\/taxisiofok.info\/wp-content\/uploads\/2016\/05\/Taxisiofoklogo.jpg\",\"datePublished\":\"2016-05-08T08:39:00+00:00\",\"dateModified\":\"2026-01-26T22:00:11+00:00\",\"description\":\"{:hu}Foglalja le most taxis rept\u00e9r transzfer\u00e9t Budapest \u00e9s Si\u00f3fok k\u00f6z\u00f6tt! Utazzon k\u00e9nyelmes, nagy csomagter\u0171, ak\u00e1r 6 utas sz\u00e1m\u00e1ra is megfelel\u0151 aut\u00f3val!{:en}Order your taxi transfer from our shuttle service from Budapest Airport to Siofok. Chose the most comfortable and safty way for your travel. Click here.{:de}Bestellen Sie Ihren Taxitransfer von unserem Shuttleservice vom Flughafen Budapest nach Siofok. W\u00e4hlen Sie den bequemsten und sichersten Weg f\u00fcr Ihre Reise.{:}\",\"breadcrumb\":{\"@id\":\"https:\/\/taxisiofok.info\/repter-transzfer\/budapest-siofok\/#breadcrumb\"},\"inLanguage\":\"en-US\",\"potentialAction\":[{\"@type\":\"ReadAction\",\"target\":[\"https:\/\/taxisiofok.info\/repter-transzfer\/budapest-siofok\/\"]}]},{\"@type\":\"ImageObject\",\"inLanguage\":\"en-US\",\"@id\":\"https:\/\/taxisiofok.info\/repter-transzfer\/budapest-siofok\/#primaryimage\",\"url\":\"http:\/\/taxisiofok.info\/wp-content\/uploads\/2016\/05\/Taxisiofoklogo.jpg\",\"contentUrl\":\"http:\/\/taxisiofok.info\/wp-content\/uploads\/2016\/05\/Taxisiofoklogo.jpg\"},{\"@type\":\"BreadcrumbList\",\"@id\":\"https:\/\/taxisiofok.info\/repter-transzfer\/budapest-siofok\/#breadcrumb\",\"itemListElement\":[{\"@type\":\"ListItem\",\"position\":1,\"name\":\"Home\",\"item\":\"https:\/\/taxisiofok.info\/\"},{\"@type\":\"ListItem\",\"position\":2,\"name\":\"Budapest rept\u00e9r transzfer\",\"item\":\"https:\/\/taxisiofok.info\/repter-transzfer\/\"},{\"@type\":\"ListItem\",\"position\":3,\"name\":\"Budapest &#8211; Si\u00f3fok\"}]},{\"@type\":\"WebSite\",\"@id\":\"https:\/\/taxisiofok.info\/#website\",\"url\":\"https:\/\/taxisiofok.info\/\",\"name\":\"TAXI SIOFOK.INFO\",\"description\":\"Taxi service in Siofok\",\"potentialAction\":[{\"@type\":\"SearchAction\",\"target\":{\"@type\":\"EntryPoint\",\"urlTemplate\":\"https:\/\/taxisiofok.info\/?s={search_term_string}\"},\"query-input\":\"required name=search_term_string\"}],\"inLanguage\":\"en-US\"}]}<\/script>\n<!-- \/ Yoast SEO plugin. -->","yoast_head_json":{"title":"Taxi transfer between Budapest Airport and Siofok","description":"Order your taxi transfer from our shuttle service from Budapest Airport to Siofok. Chose the most comfortable and safty way for your travel. Click here.","robots":{"index":"index","follow":"follow","max-snippet":"max-snippet:-1","max-image-preview":"max-image-preview:large","max-video-preview":"max-video-preview:-1"},"canonical":"https:\/\/taxisiofok.info\/repter-transzfer\/budapest-siofok\/","og_locale":"en_US","og_type":"article","og_title":"[:hu]Utazzon taxival a budapesti rept\u00e9r \u00e9s Si\u00f3fok k\u00f6z\u00f6tt![:en]Taxi transfer between Budapest Airport and Siofok[:de] Taxitransfer zwischen dem Flughafen Budapest und Siofok[:]","og_description":"{:hu}Foglalja le most taxis rept\u00e9r transzfer\u00e9t Budapest \u00e9s Si\u00f3fok k\u00f6z\u00f6tt! Utazzon k\u00e9nyelmes, nagy csomagter\u0171, ak\u00e1r 6 utas sz\u00e1m\u00e1ra is megfelel\u0151 aut\u00f3val!{:en}Order your taxi transfer from our shuttle service from Budapest Airport to Siofok. Chose the most comfortable and safty way for your travel. Click here.{:de}Bestellen Sie Ihren Taxitransfer von unserem Shuttleservice vom Flughafen Budapest nach Siofok. W\u00e4hlen Sie den bequemsten und sichersten Weg f\u00fcr Ihre Reise.{:}","og_url":"https:\/\/taxisiofok.info\/repter-transzfer\/budapest-siofok\/","og_site_name":"TAXI SIOFOK.INFO","article_publisher":"https:\/\/www.facebook.com\/taxisiofokinfo\/","article_modified_time":"2026-01-26T22:00:11+00:00","twitter_card":"summary_large_image","twitter_site":"@taxisiofokinfo","twitter_misc":{"Est. reading time":"5 minutes"},"schema":{"@context":"https:\/\/schema.org","@graph":[{"@type":"WebPage","@id":"https:\/\/taxisiofok.info\/repter-transzfer\/budapest-siofok\/","url":"https:\/\/taxisiofok.info\/repter-transzfer\/budapest-siofok\/","name":"[:hu]Utazzon taxival a budapesti rept\u00e9r \u00e9s Si\u00f3fok k\u00f6z\u00f6tt![:en]Taxi transfer between Budapest Airport and Siofok[:de] Taxitransfer zwischen dem Flughafen Budapest und Siofok[:]","isPartOf":{"@id":"https:\/\/taxisiofok.info\/#website"},"primaryImageOfPage":{"@id":"https:\/\/taxisiofok.info\/repter-transzfer\/budapest-siofok\/#primaryimage"},"image":{"@id":"https:\/\/taxisiofok.info\/repter-transzfer\/budapest-siofok\/#primaryimage"},"thumbnailUrl":"http:\/\/taxisiofok.info\/wp-content\/uploads\/2016\/05\/Taxisiofoklogo.jpg","datePublished":"2016-05-08T08:39:00+00:00","dateModified":"2026-01-26T22:00:11+00:00","description":"{:hu}Foglalja le most taxis rept\u00e9r transzfer\u00e9t Budapest \u00e9s Si\u00f3fok k\u00f6z\u00f6tt! Utazzon k\u00e9nyelmes, nagy csomagter\u0171, ak\u00e1r 6 utas sz\u00e1m\u00e1ra is megfelel\u0151 aut\u00f3val!{:en}Order your taxi transfer from our shuttle service from Budapest Airport to Siofok. Chose the most comfortable and safty way for your travel. Click here.{:de}Bestellen Sie Ihren Taxitransfer von unserem Shuttleservice vom Flughafen Budapest nach Siofok. W\u00e4hlen Sie den bequemsten und sichersten Weg f\u00fcr Ihre Reise.{:}","breadcrumb":{"@id":"https:\/\/taxisiofok.info\/repter-transzfer\/budapest-siofok\/#breadcrumb"},"inLanguage":"en-US","potentialAction":[{"@type":"ReadAction","target":["https:\/\/taxisiofok.info\/repter-transzfer\/budapest-siofok\/"]}]},{"@type":"ImageObject","inLanguage":"en-US","@id":"https:\/\/taxisiofok.info\/repter-transzfer\/budapest-siofok\/#primaryimage","url":"http:\/\/taxisiofok.info\/wp-content\/uploads\/2016\/05\/Taxisiofoklogo.jpg","contentUrl":"http:\/\/taxisiofok.info\/wp-content\/uploads\/2016\/05\/Taxisiofoklogo.jpg"},{"@type":"BreadcrumbList","@id":"https:\/\/taxisiofok.info\/repter-transzfer\/budapest-siofok\/#breadcrumb","itemListElement":[{"@type":"ListItem","position":1,"name":"Home","item":"https:\/\/taxisiofok.info\/"},{"@type":"ListItem","position":2,"name":"Budapest rept\u00e9r transzfer","item":"https:\/\/taxisiofok.info\/repter-transzfer\/"},{"@type":"ListItem","position":3,"name":"Budapest &#8211; Si\u00f3fok"}]},{"@type":"WebSite","@id":"https:\/\/taxisiofok.info\/#website","url":"https:\/\/taxisiofok.info\/","name":"TAXI SIOFOK.INFO","description":"Taxi service in Siofok","potentialAction":[{"@type":"SearchAction","target":{"@type":"EntryPoint","urlTemplate":"https:\/\/taxisiofok.info\/?s={search_term_string}"},"query-input":"required name=search_term_string"}],"inLanguage":"en-US"}]}},"_links":{"self":[{"href":"https:\/\/taxisiofok.info\/en\/wp-json\/wp\/v2\/pages\/83"}],"collection":[{"href":"https:\/\/taxisiofok.info\/en\/wp-json\/wp\/v2\/pages"}],"about":[{"href":"https:\/\/taxisiofok.info\/en\/wp-json\/wp\/v2\/types\/page"}],"author":[{"embeddable":true,"href":"https:\/\/taxisiofok.info\/en\/wp-json\/wp\/v2\/users\/2"}],"replies":[{"embeddable":true,"href":"https:\/\/taxisiofok.info\/en\/wp-json\/wp\/v2\/comments?post=83"}],"version-history":[{"count":13,"href":"https:\/\/taxisiofok.info\/en\/wp-json\/wp\/v2\/pages\/83\/revisions"}],"predecessor-version":[{"id":561,"href":"https:\/\/taxisiofok.info\/en\/wp-json\/wp\/v2\/pages\/83\/revisions\/561"}],"up":[{"embeddable":true,"href":"https:\/\/taxisiofok.info\/en\/wp-json\/wp\/v2\/pages\/21"}],"wp:attachment":[{"href":"https:\/\/taxisiofok.info\/en\/wp-json\/wp\/v2\/media?parent=83"}],"curies":[{"name":"wp","href":"https:\/\/api.w.org\/{rel}","templated":true}]}}