{"id":89,"date":"2016-05-08T08:42:00","date_gmt":"2016-05-08T08:42:00","guid":{"rendered":"http:\/\/taxisiofok.info\/?page_id=89"},"modified":"2026-01-27T00:05:16","modified_gmt":"2026-01-27T00:05:16","slug":"budapest-balaton","status":"publish","type":"page","link":"https:\/\/taxisiofok.info\/en\/airport-transfer\/budapest-lake-balaton\/","title":{"rendered":"Budapest &#8211; Lake Balaton"},"content":{"rendered":"<h1 style=\"text-align: center;\">Wondering how to get to Lake Balaton from Budapest Airport (BUD)? Choose the Best shuttle service.<\/h1>\n<p style=\"text-align: center;\">If you come for a holiday to the Lake Balaton, your airplane will be landing at <strong>Budapest.<\/strong><\/p>\n<p class=\"tw-data-text tw-ta tw-text-small\" dir=\"ltr\" style=\"text-align: center;\" data-placeholder=\"Ford\u00edt\u00e1s\"><span lang=\"en\" tabindex=\"0\">The best choice is order a <strong>taxi or a minibus<\/strong>, so you will travel quickly and safety to your city at the Lake Balaton. <\/span><span lang=\"en\" tabindex=\"0\">You won\u2019t have to bother with your suitcases.\u00a0<\/span><\/p>\n<h2 class=\"tw-data-text tw-ta tw-text-small\" dir=\"ltr\" style=\"text-align: center;\" data-placeholder=\"Ford\u00edt\u00e1s\">How can i book the airport transfer?<\/h2>\n<ol>\n<li style=\"text-align: center;\">Ask for a <a href=\"http:\/\/taxisiofok.info\/en\/contact\/\">free quote<\/a> via e-mail.<\/li>\n<li style=\"text-align: center;\">We will give you an answear.<\/li>\n<li style=\"text-align: center;\">If this cost good for you, please confirm the ride with a reply.<\/li>\n<li style=\"text-align: center;\">We confirm your booking. We don\u2019t ask for money in advance. You can pay in cash for the driver.<\/li>\n<li style=\"text-align: center;\">We will meet you at the arrival terminal. The driver will wait you with a table with your name on it.<\/li>\n<\/ol>\n<h3 style=\"text-align: center;\">Why our shuttle service is the best choice?<\/h3>\n<ul>\n<li style=\"text-align: center;\">You can chose between taxi (1-4 passenger) or minibus (maximum 7 passenger)<\/li>\n<li style=\"text-align: center;\">We work with modern cabs: VW Caravelle, Opel Zafira, Seat Alhambra<\/li>\n<li style=\"text-align: center;\">Our shuttle cars are always clean<\/li>\n<li style=\"text-align: center;\">The drivers can speak english and german.<\/li>\n<li style=\"text-align: center;\">We are reliable and safe drivers<\/li>\n<\/ul>\n<h3 style=\"text-align: center;\">Here are some cities around the Lake Balaton:<\/h3>\n<ul>\n<li>Balatonfured<\/li>\n<li>Tihany<\/li>\n<li>Balatonlelle<\/li>\n<li>Balatonboglar<\/li>\n<li>Zamardi<\/li>\n<li>Keszthely<\/li>\n<li>Heviz<\/li>\n<li>Balatonalmadi<\/li>\n<li>Balatonvilagos<\/li>\n<li>Balatonfoldvar<\/li>\n<li>Fonyod<\/li>\n<li>Balatonkenese<\/li>\n<li>Zanka<\/li>\n<li>Balatonszarszo<\/li>\n<li>Balatonszemes<\/li>\n<li>Vonyarcvashegy<\/li>\n<li>Badacsony<\/li>\n<li>Balatonfenyves<\/li>\n<li>Balatonakarattya<\/li>\n<\/ul>\n<p style=\"text-align: center;\">Thank you for your ordering! Best regards from Siofok.<\/p>","protected":false},"excerpt":{"rendered":"<p>Wondering how to get to Lake Balaton from Budapest Airport (BUD)? Choose the Best shuttle service. If you come for a holiday to the Lake Balaton, your airplane will be landing at Budapest. The best choice is order a taxi or a minibus, so you will travel quickly and safety to your city at the [&hellip;]<\/p>\n","protected":false},"author":2,"featured_media":0,"parent":21,"menu_order":0,"comment_status":"closed","ping_status":"closed","template":"","meta":{"footnotes":""},"yoast_head":"<!-- This site is optimized with the Yoast SEO plugin v23.0 - https:\/\/yoast.com\/wordpress\/plugins\/seo\/ -->\n<title>Budapest Rept\u00e9r transzfer a Balaton v\u00e1rosaiba<\/title>\n<meta name=\"description\" content=\"Utazzon vel\u00fcnk a Budapesti Rept\u00e9r \u00e9s Balaton v\u00e1rosai k\u00f6z\u00f6tt! Transzferek Balatonf\u00fcred, Tihany, Balatonlelle, Balatonf\u00f6ldv\u00e1r, Zam\u00e1rdi \u00e9s Budapest k\u00f6z\u00f6tt!\" \/>\n<meta name=\"robots\" content=\"index, follow, max-snippet:-1, max-image-preview:large, max-video-preview:-1\" \/>\n<link rel=\"canonical\" href=\"https:\/\/taxisiofok.info\/repter-transzfer\/budapest-balaton\/\" \/>\n<meta property=\"og:locale\" content=\"en_US\" \/>\n<meta property=\"og:type\" content=\"article\" \/>\n<meta property=\"og:title\" content=\"[:hu]Budapest Rept\u00e9r transzfer a Balaton v\u00e1rosaiba[:de]Flughafentransfer zwischen Budapest und Balaton[:]\" \/>\n<meta property=\"og:description\" content=\"{:hu}Utazzon vel\u00fcnk a Budapesti Rept\u00e9r \u00e9s Balaton v\u00e1rosai k\u00f6z\u00f6tt! Transzferek Balatonf\u00fcred, Tihany, Balatonlelle, Balatonf\u00f6ldv\u00e1r, Zam\u00e1rdi \u00e9s Budapest k\u00f6z\u00f6tt!{:de}Bestellen Sie Ihren Flughafentransfer zwischen Budapest und dem Plattensee. W\u00e4hlen Sie ein Taxi, einen Minibus oder einen Bus f\u00fcr Ihre Reise.{:}\" \/>\n<meta property=\"og:url\" content=\"https:\/\/taxisiofok.info\/repter-transzfer\/budapest-balaton\/\" \/>\n<meta property=\"og:site_name\" content=\"TAXI SIOFOK.INFO\" \/>\n<meta property=\"article:publisher\" content=\"https:\/\/www.facebook.com\/taxisiofokinfo\/\" \/>\n<meta property=\"article:modified_time\" content=\"2026-01-27T00:05:16+00:00\" \/>\n<meta property=\"og:image\" content=\"http:\/\/taxisiofok.info\/wp-content\/uploads\/2017\/01\/Budapest-Balaton-Taxi-Transfer-300x171.png\" \/>\n<meta name=\"twitter:card\" content=\"summary_large_image\" \/>\n<meta name=\"twitter:site\" content=\"@taxisiofokinfo\" \/>\n<meta name=\"twitter:label1\" content=\"Est. reading time\" \/>\n\t<meta name=\"twitter:data1\" content=\"4 minutes\" \/>\n<script type=\"application\/ld+json\" class=\"yoast-schema-graph\">{\"@context\":\"https:\/\/schema.org\",\"@graph\":[{\"@type\":\"WebPage\",\"@id\":\"https:\/\/taxisiofok.info\/repter-transzfer\/budapest-balaton\/\",\"url\":\"https:\/\/taxisiofok.info\/repter-transzfer\/budapest-balaton\/\",\"name\":\"[:hu]Budapest Rept\u00e9r transzfer a Balaton v\u00e1rosaiba[:de]Flughafentransfer zwischen Budapest und Balaton[:]\",\"isPartOf\":{\"@id\":\"https:\/\/taxisiofok.info\/#website\"},\"primaryImageOfPage\":{\"@id\":\"https:\/\/taxisiofok.info\/repter-transzfer\/budapest-balaton\/#primaryimage\"},\"image\":{\"@id\":\"https:\/\/taxisiofok.info\/repter-transzfer\/budapest-balaton\/#primaryimage\"},\"thumbnailUrl\":\"http:\/\/taxisiofok.info\/wp-content\/uploads\/2017\/01\/Budapest-Balaton-Taxi-Transfer-300x171.png\",\"datePublished\":\"2016-05-08T08:42:00+00:00\",\"dateModified\":\"2026-01-27T00:05:16+00:00\",\"description\":\"{:hu}Utazzon vel\u00fcnk a Budapesti Rept\u00e9r \u00e9s Balaton v\u00e1rosai k\u00f6z\u00f6tt! Transzferek Balatonf\u00fcred, Tihany, Balatonlelle, Balatonf\u00f6ldv\u00e1r, Zam\u00e1rdi \u00e9s Budapest k\u00f6z\u00f6tt!{:de}Bestellen Sie Ihren Flughafentransfer zwischen Budapest und dem Plattensee. W\u00e4hlen Sie ein Taxi, einen Minibus oder einen Bus f\u00fcr Ihre Reise.{:}\",\"breadcrumb\":{\"@id\":\"https:\/\/taxisiofok.info\/repter-transzfer\/budapest-balaton\/#breadcrumb\"},\"inLanguage\":\"en-US\",\"potentialAction\":[{\"@type\":\"ReadAction\",\"target\":[\"https:\/\/taxisiofok.info\/repter-transzfer\/budapest-balaton\/\"]}]},{\"@type\":\"ImageObject\",\"inLanguage\":\"en-US\",\"@id\":\"https:\/\/taxisiofok.info\/repter-transzfer\/budapest-balaton\/#primaryimage\",\"url\":\"http:\/\/taxisiofok.info\/wp-content\/uploads\/2017\/01\/Budapest-Balaton-Taxi-Transfer-300x171.png\",\"contentUrl\":\"http:\/\/taxisiofok.info\/wp-content\/uploads\/2017\/01\/Budapest-Balaton-Taxi-Transfer-300x171.png\"},{\"@type\":\"BreadcrumbList\",\"@id\":\"https:\/\/taxisiofok.info\/repter-transzfer\/budapest-balaton\/#breadcrumb\",\"itemListElement\":[{\"@type\":\"ListItem\",\"position\":1,\"name\":\"Home\",\"item\":\"https:\/\/taxisiofok.info\/\"},{\"@type\":\"ListItem\",\"position\":2,\"name\":\"Budapest rept\u00e9r transzfer\",\"item\":\"https:\/\/taxisiofok.info\/repter-transzfer\/\"},{\"@type\":\"ListItem\",\"position\":3,\"name\":\"Budapest &#8211; Balaton\"}]},{\"@type\":\"WebSite\",\"@id\":\"https:\/\/taxisiofok.info\/#website\",\"url\":\"https:\/\/taxisiofok.info\/\",\"name\":\"TAXI SIOFOK.INFO\",\"description\":\"Taxi service in Siofok\",\"potentialAction\":[{\"@type\":\"SearchAction\",\"target\":{\"@type\":\"EntryPoint\",\"urlTemplate\":\"https:\/\/taxisiofok.info\/?s={search_term_string}\"},\"query-input\":\"required name=search_term_string\"}],\"inLanguage\":\"en-US\"}]}<\/script>\n<!-- \/ Yoast SEO plugin. -->","yoast_head_json":{"title":"Budapest Rept\u00e9r transzfer a Balaton v\u00e1rosaiba","description":"Utazzon vel\u00fcnk a Budapesti Rept\u00e9r \u00e9s Balaton v\u00e1rosai k\u00f6z\u00f6tt! Transzferek Balatonf\u00fcred, Tihany, Balatonlelle, Balatonf\u00f6ldv\u00e1r, Zam\u00e1rdi \u00e9s Budapest k\u00f6z\u00f6tt!","robots":{"index":"index","follow":"follow","max-snippet":"max-snippet:-1","max-image-preview":"max-image-preview:large","max-video-preview":"max-video-preview:-1"},"canonical":"https:\/\/taxisiofok.info\/repter-transzfer\/budapest-balaton\/","og_locale":"en_US","og_type":"article","og_title":"[:hu]Budapest Rept\u00e9r transzfer a Balaton v\u00e1rosaiba[:de]Flughafentransfer zwischen Budapest und Balaton[:]","og_description":"{:hu}Utazzon vel\u00fcnk a Budapesti Rept\u00e9r \u00e9s Balaton v\u00e1rosai k\u00f6z\u00f6tt! Transzferek Balatonf\u00fcred, Tihany, Balatonlelle, Balatonf\u00f6ldv\u00e1r, Zam\u00e1rdi \u00e9s Budapest k\u00f6z\u00f6tt!{:de}Bestellen Sie Ihren Flughafentransfer zwischen Budapest und dem Plattensee. W\u00e4hlen Sie ein Taxi, einen Minibus oder einen Bus f\u00fcr Ihre Reise.{:}","og_url":"https:\/\/taxisiofok.info\/repter-transzfer\/budapest-balaton\/","og_site_name":"TAXI SIOFOK.INFO","article_publisher":"https:\/\/www.facebook.com\/taxisiofokinfo\/","article_modified_time":"2026-01-27T00:05:16+00:00","og_image":[{"url":"http:\/\/taxisiofok.info\/wp-content\/uploads\/2017\/01\/Budapest-Balaton-Taxi-Transfer-300x171.png"}],"twitter_card":"summary_large_image","twitter_site":"@taxisiofokinfo","twitter_misc":{"Est. reading time":"4 minutes"},"schema":{"@context":"https:\/\/schema.org","@graph":[{"@type":"WebPage","@id":"https:\/\/taxisiofok.info\/repter-transzfer\/budapest-balaton\/","url":"https:\/\/taxisiofok.info\/repter-transzfer\/budapest-balaton\/","name":"[:hu]Budapest Rept\u00e9r transzfer a Balaton v\u00e1rosaiba[:de]Flughafentransfer zwischen Budapest und Balaton[:]","isPartOf":{"@id":"https:\/\/taxisiofok.info\/#website"},"primaryImageOfPage":{"@id":"https:\/\/taxisiofok.info\/repter-transzfer\/budapest-balaton\/#primaryimage"},"image":{"@id":"https:\/\/taxisiofok.info\/repter-transzfer\/budapest-balaton\/#primaryimage"},"thumbnailUrl":"http:\/\/taxisiofok.info\/wp-content\/uploads\/2017\/01\/Budapest-Balaton-Taxi-Transfer-300x171.png","datePublished":"2016-05-08T08:42:00+00:00","dateModified":"2026-01-27T00:05:16+00:00","description":"{:hu}Utazzon vel\u00fcnk a Budapesti Rept\u00e9r \u00e9s Balaton v\u00e1rosai k\u00f6z\u00f6tt! Transzferek Balatonf\u00fcred, Tihany, Balatonlelle, Balatonf\u00f6ldv\u00e1r, Zam\u00e1rdi \u00e9s Budapest k\u00f6z\u00f6tt!{:de}Bestellen Sie Ihren Flughafentransfer zwischen Budapest und dem Plattensee. W\u00e4hlen Sie ein Taxi, einen Minibus oder einen Bus f\u00fcr Ihre Reise.{:}","breadcrumb":{"@id":"https:\/\/taxisiofok.info\/repter-transzfer\/budapest-balaton\/#breadcrumb"},"inLanguage":"en-US","potentialAction":[{"@type":"ReadAction","target":["https:\/\/taxisiofok.info\/repter-transzfer\/budapest-balaton\/"]}]},{"@type":"ImageObject","inLanguage":"en-US","@id":"https:\/\/taxisiofok.info\/repter-transzfer\/budapest-balaton\/#primaryimage","url":"http:\/\/taxisiofok.info\/wp-content\/uploads\/2017\/01\/Budapest-Balaton-Taxi-Transfer-300x171.png","contentUrl":"http:\/\/taxisiofok.info\/wp-content\/uploads\/2017\/01\/Budapest-Balaton-Taxi-Transfer-300x171.png"},{"@type":"BreadcrumbList","@id":"https:\/\/taxisiofok.info\/repter-transzfer\/budapest-balaton\/#breadcrumb","itemListElement":[{"@type":"ListItem","position":1,"name":"Home","item":"https:\/\/taxisiofok.info\/"},{"@type":"ListItem","position":2,"name":"Budapest rept\u00e9r transzfer","item":"https:\/\/taxisiofok.info\/repter-transzfer\/"},{"@type":"ListItem","position":3,"name":"Budapest &#8211; Balaton"}]},{"@type":"WebSite","@id":"https:\/\/taxisiofok.info\/#website","url":"https:\/\/taxisiofok.info\/","name":"TAXI SIOFOK.INFO","description":"Taxi service in Siofok","potentialAction":[{"@type":"SearchAction","target":{"@type":"EntryPoint","urlTemplate":"https:\/\/taxisiofok.info\/?s={search_term_string}"},"query-input":"required name=search_term_string"}],"inLanguage":"en-US"}]}},"_links":{"self":[{"href":"https:\/\/taxisiofok.info\/en\/wp-json\/wp\/v2\/pages\/89"}],"collection":[{"href":"https:\/\/taxisiofok.info\/en\/wp-json\/wp\/v2\/pages"}],"about":[{"href":"https:\/\/taxisiofok.info\/en\/wp-json\/wp\/v2\/types\/page"}],"author":[{"embeddable":true,"href":"https:\/\/taxisiofok.info\/en\/wp-json\/wp\/v2\/users\/2"}],"replies":[{"embeddable":true,"href":"https:\/\/taxisiofok.info\/en\/wp-json\/wp\/v2\/comments?post=89"}],"version-history":[{"count":9,"href":"https:\/\/taxisiofok.info\/en\/wp-json\/wp\/v2\/pages\/89\/revisions"}],"predecessor-version":[{"id":582,"href":"https:\/\/taxisiofok.info\/en\/wp-json\/wp\/v2\/pages\/89\/revisions\/582"}],"up":[{"embeddable":true,"href":"https:\/\/taxisiofok.info\/en\/wp-json\/wp\/v2\/pages\/21"}],"wp:attachment":[{"href":"https:\/\/taxisiofok.info\/en\/wp-json\/wp\/v2\/media?parent=89"}],"curies":[{"name":"wp","href":"https:\/\/api.w.org\/{rel}","templated":true}]}}